{"id":548,"date":"2020-10-29T07:32:00","date_gmt":"2020-10-29T10:32:00","guid":{"rendered":"https:\/\/ambipar.com\/latam\/?page_id=548"},"modified":"2021-01-05T21:11:55","modified_gmt":"2021-01-06T00:11:55","slug":"hazmat-nivel-tecnico","status":"publish","type":"page","link":"https:\/\/ambipar.com\/latam\/pt\/ambipar-response\/treinamentos\/hazmat\/hazmat-nivel-tecnico\/","title":{"rendered":"HAZMAT N\u00edvel T\u00e9cnico"},"content":{"rendered":"\n<p><strong>OBJETIVO: <\/strong><\/p>\n\n\n\n<p>Fornecer aos participantes conhecimentos t\u00e9cnicos e pr\u00e1ticos que lhes permitam desenvolver a\u00e7\u00f5es ofensivas e preventivas em decorr\u00eancia de emerg\u00eancias com produtos qu\u00edmicos e perigosos.<\/p>\n\n\n\n<p><strong>P\u00daBLICO ALVO:<\/strong> <\/p>\n\n\n\n<p>Profissionais dos setores de transporte, expedi\u00e7\u00e3o, tr\u00e1fego, QSMS, \u00f3rg\u00e3os p\u00fablicos ou demais setores que constituam a brigada de emerg\u00eancia da institui\u00e7\u00e3o.<\/p>\n\n\n\n<p><strong>CONTE\u00daDO PROGRAM\u00c1TICO: <\/strong><\/p>\n\n\n\n<ul><li>Executar o Plano de Emerg\u00eancia de sua empresa ou local de trabalho<\/li><li>Usar instrumentos e equipamentos de monitoramento de gases para classificar, identificar e verificar&nbsp; produtos conhecidos e desconhecidos<\/li><li>Entender a terminologia e o comportamento de qu\u00edmicos e t\u00f3xicos<\/li><li>Selecionar e utilizar equipamentos especializados de prote\u00e7\u00e3o individual<\/li><li>Aplicar t\u00e9cnicas de medi\u00e7\u00e3o de riscos<\/li><li>Realizar opera\u00e7\u00f5es avan\u00e7adas de controle, conten\u00e7\u00e3o e aterramento, direcionados a produtos perigosos com recursos espec\u00edficos<\/li><li>Executar procedimentos de transfer\u00eancia (fechado e aberto) e descontamina\u00e7\u00e3o<\/li><li>Executar os procedimentos de encerramento de uma emerg\u00eancia<\/li><\/ul>\n\n\n\n<p><strong>CARGA HOR\u00c1RIA:<\/strong> 40 HORAS<\/p>\n\n\n\n<p><strong>FA\u00c7A SUA INSCRI\u00c7\u00c3O<\/strong>:<\/p>\n\n\n\n<p>Escolha o per\u00edodo de treinamento e clique para solicitar sua inscri\u00e7\u00e3o: <\/p>\n\n\n\n<ul><li><a href=\"mailto:treinamento@primepixel?subject=Solicita\u00e7\u00e3o de treinamento Hazmat N\u00edvel T\u00e9cnico de 01 \u00e0 05\/03\/2021\">01 \u00e0 05\/03\/2021 &#8211; Hazmat N\u00edvel T\u00e9cnico<\/a><\/li><li><a href=\"mailto:treinamento@primepixel?subject=Solicita\u00e7\u00e3o de treinamento Hazmat N\u00edvel Opera\u00e7\u00f5es de 12 \u00e0 16\/07\/2021\">19 \u00e0 23\/07\/2021 &#8211; Hazmat N\u00edvel T\u00e9cnico<\/a> <\/li><\/ul>\n\n\n\n<p>Conhe\u00e7a os demais m\u00f3dulos do curso HAZMAT:<\/p>\n\n\n\n<ul id=\"block-e08a69f3-3cd8-4edc-9635-108a8a483ec9\"><li><a href=\"https:\/\/ambipar.com\/latam\/ambipar-response\/treinamentos\/hazmat\/hazmat-nivel-primeiro-no-local\/\">HAZMAT N\u00edvel Primeiro no local<\/a><\/li><li><a href=\"https:\/\/ambipar.com\/latam\/ambipar-response\/treinamentos\/hazmat\/hazmat-nivel-operacoes\/\">HAZMAT N\u00edvel Opera\u00e7\u00f5es<\/a><\/li><li><a href=\"https:\/\/ambipar.com\/latam\/ambipar-response\/treinamentos\/hazmat\/hazmat-nivel-comando-ics\/\">HAZMAT N\u00edvel Comando ICS<\/a><\/li><li><a href=\"https:\/\/ambipar.com\/latam\/ambipar-response\/treinamentos\/hazmat\/hazmat-nivel-especialista\/\">HAZMAT N\u00edvel Especialista<\/a><\/li><\/ul>\n","protected":false},"excerpt":{"rendered":"OBJETIVO: Fornecer aos participantes conhecimentos t\u00e9cnicos e pr\u00e1ticos que lhes permitam desenvolver a\u00e7\u00f5es ofensivas e preventivas em decorr\u00eancia de emerg\u00eancias com produtos qu\u00edmicos e perigosos. P\u00daBLICO ALVO: Profissionais dos setores de transporte, expedi\u00e7\u00e3o, tr\u00e1fego, QSMS, \u00f3rg\u00e3os p\u00fablicos ou demais setores que constituam a brigada de emerg\u00eancia da institui\u00e7\u00e3o. CONTE\u00daDO PROGRAM\u00c1TICO: Executar o Plano de Emerg\u00eancia&#8230; <a class=\"view-article\" href=\"https:\/\/ambipar.com\/latam\/pt\/ambipar-response\/treinamentos\/hazmat\/hazmat-nivel-tecnico\/\">Ver art\u00edculo<\/a>","protected":false},"author":2,"featured_media":488,"parent":535,"menu_order":0,"comment_status":"closed","ping_status":"closed","template":"single-servicos.php","meta":[],"yoast_head":"<!-- This site is optimized with the Yoast SEO plugin v17.6 - https:\/\/yoast.com\/wordpress\/plugins\/seo\/ -->\n<title>Conhe\u00e7a HAZMAT N\u00edvel T\u00e9cnico oferecido pela Ambipar<\/title>\n<meta name=\"description\" content=\"OBJETIVO: Fornecer aos participantes conhecimentos t\u00e9cnicos e pr\u00e1ticos que lhes permitam desenvolver a\u00e7\u00f5es ofensivas e preventivas\" \/>\n<meta name=\"robots\" content=\"index, follow, max-snippet:-1, max-image-preview:large, max-video-preview:-1\" \/>\n<link rel=\"canonical\" href=\"https:\/\/ambipar.com\/latam\/pt\/ambipar-response\/treinamentos\/hazmat\/hazmat-nivel-tecnico\/\" \/>\n<meta property=\"og:locale\" content=\"es_ES\" \/>\n<meta property=\"og:type\" content=\"article\" \/>\n<meta property=\"og:title\" content=\"Conhe\u00e7a HAZMAT N\u00edvel T\u00e9cnico oferecido pela Ambipar\" \/>\n<meta property=\"og:description\" content=\"OBJETIVO: Fornecer aos participantes conhecimentos t\u00e9cnicos e pr\u00e1ticos que lhes permitam desenvolver a\u00e7\u00f5es ofensivas e preventivas\" \/>\n<meta property=\"og:url\" content=\"https:\/\/ambipar.com\/latam\/pt\/ambipar-response\/treinamentos\/hazmat\/hazmat-nivel-tecnico\/\" \/>\n<meta property=\"og:site_name\" content=\"Ambipar. A l\u00edder em gest\u00e3o ambiental.\" \/>\n<meta property=\"article:modified_time\" content=\"2021-01-06T00:11:55+00:00\" \/>\n<meta property=\"og:image\" content=\"https:\/\/ambipar.com\/latam\/wp-content\/uploads\/2020\/10\/equipamentos_combate_incendio.jpg\" \/>\n\t<meta property=\"og:image:width\" content=\"463\" \/>\n\t<meta property=\"og:image:height\" content=\"627\" \/>\n<meta name=\"twitter:card\" content=\"summary_large_image\" \/>\n<meta name=\"twitter:label1\" content=\"Est. reading time\" \/>\n\t<meta name=\"twitter:data1\" content=\"1 minuto\" \/>\n<script type=\"application\/ld+json\" class=\"yoast-schema-graph\">{\"@context\":\"https:\/\/schema.org\",\"@graph\":[{\"@type\":\"Organization\",\"@id\":\"https:\/\/ambipar.com\/latam\/#organization\",\"name\":\"Ambipar\",\"url\":\"https:\/\/ambipar.com\/latam\/\",\"sameAs\":[],\"logo\":{\"@type\":\"ImageObject\",\"@id\":\"https:\/\/ambipar.com\/latam\/#logo\",\"inLanguage\":\"es-CL\",\"url\":\"https:\/\/ambipar.com\/latam\/wp-content\/uploads\/2020\/10\/ambipar_color.png\",\"contentUrl\":\"https:\/\/ambipar.com\/latam\/wp-content\/uploads\/2020\/10\/ambipar_color.png\",\"width\":174,\"height\":107,\"caption\":\"Ambipar\"},\"image\":{\"@id\":\"https:\/\/ambipar.com\/latam\/#logo\"}},{\"@type\":\"WebSite\",\"@id\":\"https:\/\/ambipar.com\/latam\/#website\",\"url\":\"https:\/\/ambipar.com\/latam\/\",\"name\":\"Ambipar. A l\\u00edder em gest\\u00e3o ambiental.\",\"description\":\"Pioneira em solu\\u00e7\\u00f5es ambientais, a Ambipar atua em todo o territ\\u00f3rio nacional oferecendo solu\\u00e7\\u00f5es integradas para toda a cadeia de neg\\u00f3cio.\",\"publisher\":{\"@id\":\"https:\/\/ambipar.com\/latam\/#organization\"},\"potentialAction\":[{\"@type\":\"SearchAction\",\"target\":{\"@type\":\"EntryPoint\",\"urlTemplate\":\"https:\/\/ambipar.com\/latam\/?s={search_term_string}\"},\"query-input\":\"required name=search_term_string\"}],\"inLanguage\":\"es-CL\"},{\"@type\":\"ImageObject\",\"@id\":\"https:\/\/ambipar.com\/latam\/pt\/ambipar-response\/treinamentos\/hazmat\/hazmat-nivel-tecnico\/#primaryimage\",\"inLanguage\":\"es-CL\",\"url\":\"https:\/\/ambipar.com\/latam\/wp-content\/uploads\/2020\/10\/equipamentos_combate_incendio.jpg\",\"contentUrl\":\"https:\/\/ambipar.com\/latam\/wp-content\/uploads\/2020\/10\/equipamentos_combate_incendio.jpg\",\"width\":463,\"height\":627,\"caption\":\"Imagem da equipe de combate a inc\\u00eandios em a\\u00e7\\u00e3o\"},{\"@type\":\"WebPage\",\"@id\":\"https:\/\/ambipar.com\/latam\/pt\/ambipar-response\/treinamentos\/hazmat\/hazmat-nivel-tecnico\/#webpage\",\"url\":\"https:\/\/ambipar.com\/latam\/pt\/ambipar-response\/treinamentos\/hazmat\/hazmat-nivel-tecnico\/\",\"name\":\"Conhe\\u00e7a HAZMAT N\\u00edvel T\\u00e9cnico oferecido pela Ambipar\",\"isPartOf\":{\"@id\":\"https:\/\/ambipar.com\/latam\/#website\"},\"primaryImageOfPage\":{\"@id\":\"https:\/\/ambipar.com\/latam\/pt\/ambipar-response\/treinamentos\/hazmat\/hazmat-nivel-tecnico\/#primaryimage\"},\"datePublished\":\"2020-10-29T10:32:00+00:00\",\"dateModified\":\"2021-01-06T00:11:55+00:00\",\"description\":\"OBJETIVO: Fornecer aos participantes conhecimentos t\\u00e9cnicos e pr\\u00e1ticos que lhes permitam desenvolver a\\u00e7\\u00f5es ofensivas e preventivas\",\"breadcrumb\":{\"@id\":\"https:\/\/ambipar.com\/latam\/pt\/ambipar-response\/treinamentos\/hazmat\/hazmat-nivel-tecnico\/#breadcrumb\"},\"inLanguage\":\"es-CL\",\"potentialAction\":[{\"@type\":\"ReadAction\",\"target\":[\"https:\/\/ambipar.com\/latam\/pt\/ambipar-response\/treinamentos\/hazmat\/hazmat-nivel-tecnico\/\"]}]},{\"@type\":\"BreadcrumbList\",\"@id\":\"https:\/\/ambipar.com\/latam\/pt\/ambipar-response\/treinamentos\/hazmat\/hazmat-nivel-tecnico\/#breadcrumb\",\"itemListElement\":[{\"@type\":\"ListItem\",\"position\":1,\"name\":\"Home\",\"item\":\"https:\/\/ambipar.com\/latam\/\"},{\"@type\":\"ListItem\",\"position\":2,\"name\":\"Ambipar Response\",\"item\":\"https:\/\/ambipar.com\/latam\/pt\/ambipar-response\/\"},{\"@type\":\"ListItem\",\"position\":3,\"name\":\"Treinamentos\",\"item\":\"https:\/\/ambipar.com\/latam\/pt\/ambipar-response\/treinamentos\/\"},{\"@type\":\"ListItem\",\"position\":4,\"name\":\"HAZMAT\",\"item\":\"https:\/\/ambipar.com\/latam\/pt\/ambipar-response\/treinamentos\/hazmat\/\"},{\"@type\":\"ListItem\",\"position\":5,\"name\":\"HAZMAT N\\u00edvel T\\u00e9cnico\"}]}]}<\/script>\n<!-- \/ Yoast SEO plugin. -->","yoast_head_json":{"title":"Conhe\u00e7a HAZMAT N\u00edvel T\u00e9cnico oferecido pela Ambipar","description":"OBJETIVO: Fornecer aos participantes conhecimentos t\u00e9cnicos e pr\u00e1ticos que lhes permitam desenvolver a\u00e7\u00f5es ofensivas e preventivas","robots":{"index":"index","follow":"follow","max-snippet":"max-snippet:-1","max-image-preview":"max-image-preview:large","max-video-preview":"max-video-preview:-1"},"canonical":"https:\/\/ambipar.com\/latam\/pt\/ambipar-response\/treinamentos\/hazmat\/hazmat-nivel-tecnico\/","og_locale":"es_ES","og_type":"article","og_title":"Conhe\u00e7a HAZMAT N\u00edvel T\u00e9cnico oferecido pela Ambipar","og_description":"OBJETIVO: Fornecer aos participantes conhecimentos t\u00e9cnicos e pr\u00e1ticos que lhes permitam desenvolver a\u00e7\u00f5es ofensivas e preventivas","og_url":"https:\/\/ambipar.com\/latam\/pt\/ambipar-response\/treinamentos\/hazmat\/hazmat-nivel-tecnico\/","og_site_name":"Ambipar. A l\u00edder em gest\u00e3o ambiental.","article_modified_time":"2021-01-06T00:11:55+00:00","og_image":[{"width":463,"height":627,"url":"https:\/\/ambipar.com\/latam\/wp-content\/uploads\/2020\/10\/equipamentos_combate_incendio.jpg","type":"image\/jpeg"}],"twitter_card":"summary_large_image","twitter_misc":{"Est. reading time":"1 minuto"},"schema":{"@context":"https:\/\/schema.org","@graph":[{"@type":"Organization","@id":"https:\/\/ambipar.com\/latam\/#organization","name":"Ambipar","url":"https:\/\/ambipar.com\/latam\/","sameAs":[],"logo":{"@type":"ImageObject","@id":"https:\/\/ambipar.com\/latam\/#logo","inLanguage":"es-CL","url":"https:\/\/ambipar.com\/latam\/wp-content\/uploads\/2020\/10\/ambipar_color.png","contentUrl":"https:\/\/ambipar.com\/latam\/wp-content\/uploads\/2020\/10\/ambipar_color.png","width":174,"height":107,"caption":"Ambipar"},"image":{"@id":"https:\/\/ambipar.com\/latam\/#logo"}},{"@type":"WebSite","@id":"https:\/\/ambipar.com\/latam\/#website","url":"https:\/\/ambipar.com\/latam\/","name":"Ambipar. A l\u00edder em gest\u00e3o ambiental.","description":"Pioneira em solu\u00e7\u00f5es ambientais, a Ambipar atua em todo o territ\u00f3rio nacional oferecendo solu\u00e7\u00f5es integradas para toda a cadeia de neg\u00f3cio.","publisher":{"@id":"https:\/\/ambipar.com\/latam\/#organization"},"potentialAction":[{"@type":"SearchAction","target":{"@type":"EntryPoint","urlTemplate":"https:\/\/ambipar.com\/latam\/?s={search_term_string}"},"query-input":"required name=search_term_string"}],"inLanguage":"es-CL"},{"@type":"ImageObject","@id":"https:\/\/ambipar.com\/latam\/pt\/ambipar-response\/treinamentos\/hazmat\/hazmat-nivel-tecnico\/#primaryimage","inLanguage":"es-CL","url":"https:\/\/ambipar.com\/latam\/wp-content\/uploads\/2020\/10\/equipamentos_combate_incendio.jpg","contentUrl":"https:\/\/ambipar.com\/latam\/wp-content\/uploads\/2020\/10\/equipamentos_combate_incendio.jpg","width":463,"height":627,"caption":"Imagem da equipe de combate a inc\u00eandios em a\u00e7\u00e3o"},{"@type":"WebPage","@id":"https:\/\/ambipar.com\/latam\/pt\/ambipar-response\/treinamentos\/hazmat\/hazmat-nivel-tecnico\/#webpage","url":"https:\/\/ambipar.com\/latam\/pt\/ambipar-response\/treinamentos\/hazmat\/hazmat-nivel-tecnico\/","name":"Conhe\u00e7a HAZMAT N\u00edvel T\u00e9cnico oferecido pela Ambipar","isPartOf":{"@id":"https:\/\/ambipar.com\/latam\/#website"},"primaryImageOfPage":{"@id":"https:\/\/ambipar.com\/latam\/pt\/ambipar-response\/treinamentos\/hazmat\/hazmat-nivel-tecnico\/#primaryimage"},"datePublished":"2020-10-29T10:32:00+00:00","dateModified":"2021-01-06T00:11:55+00:00","description":"OBJETIVO: Fornecer aos participantes conhecimentos t\u00e9cnicos e pr\u00e1ticos que lhes permitam desenvolver a\u00e7\u00f5es ofensivas e preventivas","breadcrumb":{"@id":"https:\/\/ambipar.com\/latam\/pt\/ambipar-response\/treinamentos\/hazmat\/hazmat-nivel-tecnico\/#breadcrumb"},"inLanguage":"es-CL","potentialAction":[{"@type":"ReadAction","target":["https:\/\/ambipar.com\/latam\/pt\/ambipar-response\/treinamentos\/hazmat\/hazmat-nivel-tecnico\/"]}]},{"@type":"BreadcrumbList","@id":"https:\/\/ambipar.com\/latam\/pt\/ambipar-response\/treinamentos\/hazmat\/hazmat-nivel-tecnico\/#breadcrumb","itemListElement":[{"@type":"ListItem","position":1,"name":"Home","item":"https:\/\/ambipar.com\/latam\/"},{"@type":"ListItem","position":2,"name":"Ambipar Response","item":"https:\/\/ambipar.com\/latam\/pt\/ambipar-response\/"},{"@type":"ListItem","position":3,"name":"Treinamentos","item":"https:\/\/ambipar.com\/latam\/pt\/ambipar-response\/treinamentos\/"},{"@type":"ListItem","position":4,"name":"HAZMAT","item":"https:\/\/ambipar.com\/latam\/pt\/ambipar-response\/treinamentos\/hazmat\/"},{"@type":"ListItem","position":5,"name":"HAZMAT N\u00edvel T\u00e9cnico"}]}]}},"_links":{"self":[{"href":"https:\/\/ambipar.com\/latam\/wp-json\/wp\/v2\/pages\/548"}],"collection":[{"href":"https:\/\/ambipar.com\/latam\/wp-json\/wp\/v2\/pages"}],"about":[{"href":"https:\/\/ambipar.com\/latam\/wp-json\/wp\/v2\/types\/page"}],"author":[{"embeddable":true,"href":"https:\/\/ambipar.com\/latam\/wp-json\/wp\/v2\/users\/2"}],"replies":[{"embeddable":true,"href":"https:\/\/ambipar.com\/latam\/wp-json\/wp\/v2\/comments?post=548"}],"version-history":[{"count":4,"href":"https:\/\/ambipar.com\/latam\/wp-json\/wp\/v2\/pages\/548\/revisions"}],"predecessor-version":[{"id":2992,"href":"https:\/\/ambipar.com\/latam\/wp-json\/wp\/v2\/pages\/548\/revisions\/2992"}],"up":[{"embeddable":true,"href":"https:\/\/ambipar.com\/latam\/wp-json\/wp\/v2\/pages\/535"}],"wp:featuredmedia":[{"embeddable":true,"href":"https:\/\/ambipar.com\/latam\/wp-json\/wp\/v2\/media\/488"}],"wp:attachment":[{"href":"https:\/\/ambipar.com\/latam\/wp-json\/wp\/v2\/media?parent=548"}],"curies":[{"name":"wp","href":"https:\/\/api.w.org\/{rel}","templated":true}]}}