{"id":578,"date":"2020-10-29T08:56:00","date_gmt":"2020-10-29T11:56:00","guid":{"rendered":"https:\/\/ambipar.com\/latam\/?page_id=578"},"modified":"2021-01-15T08:02:43","modified_gmt":"2021-01-15T11:02:43","slug":"pei-plano-de-emergencia-individual","status":"publish","type":"page","link":"https:\/\/ambipar.com\/latam\/pt\/ambipar-response\/treinamentos\/oil-spill\/pei-plano-de-emergencia-individual\/","title":{"rendered":"PEI \u2013 Plano de Emerg\u00eancia Individual"},"content":{"rendered":"\n<p><strong>OBJETIVO:<\/strong> <\/p>\n\n\n\n<p>Este curso visa proteger o meio ambiente e a popula\u00e7\u00e3o, com a\u00e7\u00f5es de conten\u00e7\u00e3o e recolhimento do \u00f3leo vazado, prote\u00e7\u00e3o de \u00e1reas sens\u00edveis, procedimento de limpeza das \u00e1reas afetadas e plano de a\u00e7\u00e3o para fauna.<\/p>\n\n\n\n<p><strong>P\u00daBLICO ALVO: <\/strong><\/p>\n\n\n\n<p>Coordenadores, supervisores e lideres que atuam em terminais portu\u00e1rios.<\/p>\n\n\n\n<p><strong>CONTE\u00daDO PROGRAM\u00c1TICO:<\/strong><\/p>\n\n\n\n<ul><li>Caracteriza\u00e7\u00e3o do empreendimento<\/li><li>Fluxograma de acionamento<\/li><li>Sistema de Comando de Incidentes (ICS)<\/li><li>A\u00e7\u00f5es de conten\u00e7\u00e3o e recolhimento do \u00f3leo vazado<\/li><li>Prote\u00e7\u00e3o de \u00e1reas sens\u00edveis<\/li><li>Procedimento de limpeza das \u00e1reas afetadas<\/li><li>Plano de a\u00e7\u00e3o para fauna<\/li><li>Gerenciamento de Res\u00edduos provenientes de emerg\u00eancias<\/li><\/ul>\n\n\n\n<p>CARGA HOR\u00c1RIA: 04 HORAS<\/p>\n\n\n\n<div class=\"wp-block-buttons\">\n<div class=\"wp-block-button\"><a class=\"wp-block-button__link\" href=\"https:\/\/app.smartsheet.com\/b\/form\/57a977c9e30244acbdc17c86e82b5ef9\" target=\"_blank\" rel=\"noreferrer noopener\">SOLICITAR AGENDAMENTO<\/a><\/div>\n<\/div>\n\n\n\n<p>Conhe\u00e7a os outros m\u00f3dulos do curso Oil Spill: <\/p>\n\n\n\n<ul id=\"block-e8844e6d-ee85-4e33-9a9a-8e6c2b594fc6\"><li><a href=\"https:\/\/ambipar.com\/latam\/ambipar-response\/treinamentos\/oil-spill\/imo-i\/\">IMO I<\/a><\/li><li><a href=\"https:\/\/ambipar.com\/latam\/ambipar-response\/treinamentos\/oil-spill\/imo-ii\/\">IMO II<\/a><\/li><li><a href=\"https:\/\/ambipar.com\/latam\/ambipar-response\/treinamentos\/oil-spill\/combate-a-vazamento-de-oleo-em-corpos-hidricos\/\">Combate a vazamento de \u00f3leo em corpos h\u00eddricos<\/a><\/li><\/ul>\n","protected":false},"excerpt":{"rendered":"OBJETIVO: Este curso visa proteger o meio ambiente e a popula\u00e7\u00e3o, com a\u00e7\u00f5es de conten\u00e7\u00e3o e recolhimento do \u00f3leo vazado, prote\u00e7\u00e3o de \u00e1reas sens\u00edveis, procedimento de limpeza das \u00e1reas afetadas e plano de a\u00e7\u00e3o para fauna. P\u00daBLICO ALVO: Coordenadores, supervisores e lideres que atuam em terminais portu\u00e1rios. CONTE\u00daDO PROGRAM\u00c1TICO: Caracteriza\u00e7\u00e3o do empreendimento Fluxograma de acionamento&#8230; <a class=\"view-article\" href=\"https:\/\/ambipar.com\/latam\/pt\/ambipar-response\/treinamentos\/oil-spill\/pei-plano-de-emergencia-individual\/\">Ver art\u00edculo<\/a>","protected":false},"author":2,"featured_media":571,"parent":566,"menu_order":0,"comment_status":"closed","ping_status":"closed","template":"single-servicos.php","meta":[],"yoast_head":"<!-- This site is optimized with the Yoast SEO plugin v17.6 - https:\/\/yoast.com\/wordpress\/plugins\/seo\/ -->\n<title>Conhe\u00e7a o curso PEI \u2013 Plano de Emerg\u00eancia Individual da Ambipar<\/title>\n<meta name=\"description\" content=\"OBJETIVO: Este curso visa proteger o meio ambiente e a popula\u00e7\u00e3o, com a\u00e7\u00f5es de conten\u00e7\u00e3o e recolhimento do \u00f3leo vazado\" \/>\n<meta name=\"robots\" content=\"index, follow, max-snippet:-1, max-image-preview:large, max-video-preview:-1\" \/>\n<link rel=\"canonical\" href=\"https:\/\/ambipar.com\/latam\/pt\/ambipar-response\/treinamentos\/oil-spill\/pei-plano-de-emergencia-individual\/\" \/>\n<meta property=\"og:locale\" content=\"es_ES\" \/>\n<meta property=\"og:type\" content=\"article\" \/>\n<meta property=\"og:title\" content=\"Conhe\u00e7a o curso PEI \u2013 Plano de Emerg\u00eancia Individual da Ambipar\" \/>\n<meta property=\"og:description\" content=\"OBJETIVO: Este curso visa proteger o meio ambiente e a popula\u00e7\u00e3o, com a\u00e7\u00f5es de conten\u00e7\u00e3o e recolhimento do \u00f3leo vazado\" \/>\n<meta property=\"og:url\" content=\"https:\/\/ambipar.com\/latam\/pt\/ambipar-response\/treinamentos\/oil-spill\/pei-plano-de-emergencia-individual\/\" \/>\n<meta property=\"og:site_name\" content=\"Ambipar. A l\u00edder em gest\u00e3o ambiental.\" \/>\n<meta property=\"article:modified_time\" content=\"2021-01-15T11:02:43+00:00\" \/>\n<meta property=\"og:image\" content=\"https:\/\/ambipar.com\/latam\/wp-content\/uploads\/2020\/10\/oli4.jpg\" \/>\n\t<meta property=\"og:image:width\" content=\"1000\" \/>\n\t<meta property=\"og:image:height\" content=\"1002\" \/>\n<meta name=\"twitter:card\" content=\"summary_large_image\" \/>\n<meta name=\"twitter:label1\" content=\"Est. reading time\" \/>\n\t<meta name=\"twitter:data1\" content=\"1 minuto\" \/>\n<script type=\"application\/ld+json\" class=\"yoast-schema-graph\">{\"@context\":\"https:\/\/schema.org\",\"@graph\":[{\"@type\":\"Organization\",\"@id\":\"https:\/\/ambipar.com\/latam\/#organization\",\"name\":\"Ambipar\",\"url\":\"https:\/\/ambipar.com\/latam\/\",\"sameAs\":[],\"logo\":{\"@type\":\"ImageObject\",\"@id\":\"https:\/\/ambipar.com\/latam\/#logo\",\"inLanguage\":\"es-CL\",\"url\":\"https:\/\/ambipar.com\/latam\/wp-content\/uploads\/2020\/10\/ambipar_color.png\",\"contentUrl\":\"https:\/\/ambipar.com\/latam\/wp-content\/uploads\/2020\/10\/ambipar_color.png\",\"width\":174,\"height\":107,\"caption\":\"Ambipar\"},\"image\":{\"@id\":\"https:\/\/ambipar.com\/latam\/#logo\"}},{\"@type\":\"WebSite\",\"@id\":\"https:\/\/ambipar.com\/latam\/#website\",\"url\":\"https:\/\/ambipar.com\/latam\/\",\"name\":\"Ambipar. A l\\u00edder em gest\\u00e3o ambiental.\",\"description\":\"Pioneira em solu\\u00e7\\u00f5es ambientais, a Ambipar atua em todo o territ\\u00f3rio nacional oferecendo solu\\u00e7\\u00f5es integradas para toda a cadeia de neg\\u00f3cio.\",\"publisher\":{\"@id\":\"https:\/\/ambipar.com\/latam\/#organization\"},\"potentialAction\":[{\"@type\":\"SearchAction\",\"target\":{\"@type\":\"EntryPoint\",\"urlTemplate\":\"https:\/\/ambipar.com\/latam\/?s={search_term_string}\"},\"query-input\":\"required name=search_term_string\"}],\"inLanguage\":\"es-CL\"},{\"@type\":\"ImageObject\",\"@id\":\"https:\/\/ambipar.com\/latam\/pt\/ambipar-response\/treinamentos\/oil-spill\/pei-plano-de-emergencia-individual\/#primaryimage\",\"inLanguage\":\"es-CL\",\"url\":\"https:\/\/ambipar.com\/latam\/wp-content\/uploads\/2020\/10\/oli4.jpg\",\"contentUrl\":\"https:\/\/ambipar.com\/latam\/wp-content\/uploads\/2020\/10\/oli4.jpg\",\"width\":1000,\"height\":1002,\"caption\":\"oil\"},{\"@type\":\"WebPage\",\"@id\":\"https:\/\/ambipar.com\/latam\/pt\/ambipar-response\/treinamentos\/oil-spill\/pei-plano-de-emergencia-individual\/#webpage\",\"url\":\"https:\/\/ambipar.com\/latam\/pt\/ambipar-response\/treinamentos\/oil-spill\/pei-plano-de-emergencia-individual\/\",\"name\":\"Conhe\\u00e7a o curso PEI \\u2013 Plano de Emerg\\u00eancia Individual da Ambipar\",\"isPartOf\":{\"@id\":\"https:\/\/ambipar.com\/latam\/#website\"},\"primaryImageOfPage\":{\"@id\":\"https:\/\/ambipar.com\/latam\/pt\/ambipar-response\/treinamentos\/oil-spill\/pei-plano-de-emergencia-individual\/#primaryimage\"},\"datePublished\":\"2020-10-29T11:56:00+00:00\",\"dateModified\":\"2021-01-15T11:02:43+00:00\",\"description\":\"OBJETIVO: Este curso visa proteger o meio ambiente e a popula\\u00e7\\u00e3o, com a\\u00e7\\u00f5es de conten\\u00e7\\u00e3o e recolhimento do \\u00f3leo vazado\",\"breadcrumb\":{\"@id\":\"https:\/\/ambipar.com\/latam\/pt\/ambipar-response\/treinamentos\/oil-spill\/pei-plano-de-emergencia-individual\/#breadcrumb\"},\"inLanguage\":\"es-CL\",\"potentialAction\":[{\"@type\":\"ReadAction\",\"target\":[\"https:\/\/ambipar.com\/latam\/pt\/ambipar-response\/treinamentos\/oil-spill\/pei-plano-de-emergencia-individual\/\"]}]},{\"@type\":\"BreadcrumbList\",\"@id\":\"https:\/\/ambipar.com\/latam\/pt\/ambipar-response\/treinamentos\/oil-spill\/pei-plano-de-emergencia-individual\/#breadcrumb\",\"itemListElement\":[{\"@type\":\"ListItem\",\"position\":1,\"name\":\"Home\",\"item\":\"https:\/\/ambipar.com\/latam\/\"},{\"@type\":\"ListItem\",\"position\":2,\"name\":\"Ambipar Response\",\"item\":\"https:\/\/ambipar.com\/latam\/pt\/ambipar-response\/\"},{\"@type\":\"ListItem\",\"position\":3,\"name\":\"Treinamentos\",\"item\":\"https:\/\/ambipar.com\/latam\/pt\/ambipar-response\/treinamentos\/\"},{\"@type\":\"ListItem\",\"position\":4,\"name\":\"Oil Spill\",\"item\":\"https:\/\/ambipar.com\/latam\/pt\/ambipar-response\/treinamentos\/oil-spill\/\"},{\"@type\":\"ListItem\",\"position\":5,\"name\":\"PEI \\u2013 Plano de Emerg\\u00eancia Individual\"}]}]}<\/script>\n<!-- \/ Yoast SEO plugin. -->","yoast_head_json":{"title":"Conhe\u00e7a o curso PEI \u2013 Plano de Emerg\u00eancia Individual da Ambipar","description":"OBJETIVO: Este curso visa proteger o meio ambiente e a popula\u00e7\u00e3o, com a\u00e7\u00f5es de conten\u00e7\u00e3o e recolhimento do \u00f3leo vazado","robots":{"index":"index","follow":"follow","max-snippet":"max-snippet:-1","max-image-preview":"max-image-preview:large","max-video-preview":"max-video-preview:-1"},"canonical":"https:\/\/ambipar.com\/latam\/pt\/ambipar-response\/treinamentos\/oil-spill\/pei-plano-de-emergencia-individual\/","og_locale":"es_ES","og_type":"article","og_title":"Conhe\u00e7a o curso PEI \u2013 Plano de Emerg\u00eancia Individual da Ambipar","og_description":"OBJETIVO: Este curso visa proteger o meio ambiente e a popula\u00e7\u00e3o, com a\u00e7\u00f5es de conten\u00e7\u00e3o e recolhimento do \u00f3leo vazado","og_url":"https:\/\/ambipar.com\/latam\/pt\/ambipar-response\/treinamentos\/oil-spill\/pei-plano-de-emergencia-individual\/","og_site_name":"Ambipar. A l\u00edder em gest\u00e3o ambiental.","article_modified_time":"2021-01-15T11:02:43+00:00","og_image":[{"width":1000,"height":1002,"url":"https:\/\/ambipar.com\/latam\/wp-content\/uploads\/2020\/10\/oli4.jpg","type":"image\/jpeg"}],"twitter_card":"summary_large_image","twitter_misc":{"Est. reading time":"1 minuto"},"schema":{"@context":"https:\/\/schema.org","@graph":[{"@type":"Organization","@id":"https:\/\/ambipar.com\/latam\/#organization","name":"Ambipar","url":"https:\/\/ambipar.com\/latam\/","sameAs":[],"logo":{"@type":"ImageObject","@id":"https:\/\/ambipar.com\/latam\/#logo","inLanguage":"es-CL","url":"https:\/\/ambipar.com\/latam\/wp-content\/uploads\/2020\/10\/ambipar_color.png","contentUrl":"https:\/\/ambipar.com\/latam\/wp-content\/uploads\/2020\/10\/ambipar_color.png","width":174,"height":107,"caption":"Ambipar"},"image":{"@id":"https:\/\/ambipar.com\/latam\/#logo"}},{"@type":"WebSite","@id":"https:\/\/ambipar.com\/latam\/#website","url":"https:\/\/ambipar.com\/latam\/","name":"Ambipar. A l\u00edder em gest\u00e3o ambiental.","description":"Pioneira em solu\u00e7\u00f5es ambientais, a Ambipar atua em todo o territ\u00f3rio nacional oferecendo solu\u00e7\u00f5es integradas para toda a cadeia de neg\u00f3cio.","publisher":{"@id":"https:\/\/ambipar.com\/latam\/#organization"},"potentialAction":[{"@type":"SearchAction","target":{"@type":"EntryPoint","urlTemplate":"https:\/\/ambipar.com\/latam\/?s={search_term_string}"},"query-input":"required name=search_term_string"}],"inLanguage":"es-CL"},{"@type":"ImageObject","@id":"https:\/\/ambipar.com\/latam\/pt\/ambipar-response\/treinamentos\/oil-spill\/pei-plano-de-emergencia-individual\/#primaryimage","inLanguage":"es-CL","url":"https:\/\/ambipar.com\/latam\/wp-content\/uploads\/2020\/10\/oli4.jpg","contentUrl":"https:\/\/ambipar.com\/latam\/wp-content\/uploads\/2020\/10\/oli4.jpg","width":1000,"height":1002,"caption":"oil"},{"@type":"WebPage","@id":"https:\/\/ambipar.com\/latam\/pt\/ambipar-response\/treinamentos\/oil-spill\/pei-plano-de-emergencia-individual\/#webpage","url":"https:\/\/ambipar.com\/latam\/pt\/ambipar-response\/treinamentos\/oil-spill\/pei-plano-de-emergencia-individual\/","name":"Conhe\u00e7a o curso PEI \u2013 Plano de Emerg\u00eancia Individual da Ambipar","isPartOf":{"@id":"https:\/\/ambipar.com\/latam\/#website"},"primaryImageOfPage":{"@id":"https:\/\/ambipar.com\/latam\/pt\/ambipar-response\/treinamentos\/oil-spill\/pei-plano-de-emergencia-individual\/#primaryimage"},"datePublished":"2020-10-29T11:56:00+00:00","dateModified":"2021-01-15T11:02:43+00:00","description":"OBJETIVO: Este curso visa proteger o meio ambiente e a popula\u00e7\u00e3o, com a\u00e7\u00f5es de conten\u00e7\u00e3o e recolhimento do \u00f3leo vazado","breadcrumb":{"@id":"https:\/\/ambipar.com\/latam\/pt\/ambipar-response\/treinamentos\/oil-spill\/pei-plano-de-emergencia-individual\/#breadcrumb"},"inLanguage":"es-CL","potentialAction":[{"@type":"ReadAction","target":["https:\/\/ambipar.com\/latam\/pt\/ambipar-response\/treinamentos\/oil-spill\/pei-plano-de-emergencia-individual\/"]}]},{"@type":"BreadcrumbList","@id":"https:\/\/ambipar.com\/latam\/pt\/ambipar-response\/treinamentos\/oil-spill\/pei-plano-de-emergencia-individual\/#breadcrumb","itemListElement":[{"@type":"ListItem","position":1,"name":"Home","item":"https:\/\/ambipar.com\/latam\/"},{"@type":"ListItem","position":2,"name":"Ambipar Response","item":"https:\/\/ambipar.com\/latam\/pt\/ambipar-response\/"},{"@type":"ListItem","position":3,"name":"Treinamentos","item":"https:\/\/ambipar.com\/latam\/pt\/ambipar-response\/treinamentos\/"},{"@type":"ListItem","position":4,"name":"Oil Spill","item":"https:\/\/ambipar.com\/latam\/pt\/ambipar-response\/treinamentos\/oil-spill\/"},{"@type":"ListItem","position":5,"name":"PEI \u2013 Plano de Emerg\u00eancia Individual"}]}]}},"_links":{"self":[{"href":"https:\/\/ambipar.com\/latam\/wp-json\/wp\/v2\/pages\/578"}],"collection":[{"href":"https:\/\/ambipar.com\/latam\/wp-json\/wp\/v2\/pages"}],"about":[{"href":"https:\/\/ambipar.com\/latam\/wp-json\/wp\/v2\/types\/page"}],"author":[{"embeddable":true,"href":"https:\/\/ambipar.com\/latam\/wp-json\/wp\/v2\/users\/2"}],"replies":[{"embeddable":true,"href":"https:\/\/ambipar.com\/latam\/wp-json\/wp\/v2\/comments?post=578"}],"version-history":[{"count":4,"href":"https:\/\/ambipar.com\/latam\/wp-json\/wp\/v2\/pages\/578\/revisions"}],"predecessor-version":[{"id":3198,"href":"https:\/\/ambipar.com\/latam\/wp-json\/wp\/v2\/pages\/578\/revisions\/3198"}],"up":[{"embeddable":true,"href":"https:\/\/ambipar.com\/latam\/wp-json\/wp\/v2\/pages\/566"}],"wp:featuredmedia":[{"embeddable":true,"href":"https:\/\/ambipar.com\/latam\/wp-json\/wp\/v2\/media\/571"}],"wp:attachment":[{"href":"https:\/\/ambipar.com\/latam\/wp-json\/wp\/v2\/media?parent=578"}],"curies":[{"name":"wp","href":"https:\/\/api.w.org\/{rel}","templated":true}]}}