{"id":5935,"date":"2025-02-25T14:37:14","date_gmt":"2025-02-25T17:37:14","guid":{"rendered":"https:\/\/ambipar.com\/latam\/?page_id=5935"},"modified":"2025-02-25T14:37:15","modified_gmt":"2025-02-25T17:37:15","slug":"asociaciones-y-patrocinios","status":"publish","type":"page","link":"https:\/\/ambipar.com\/latam\/asociaciones-y-patrocinios\/","title":{"rendered":"Asociaciones y Patrocinios"},"content":{"rendered":"\n<p>Para enviar proyectos y propuestas para patrocinios, donaciones, asociaciones acad\u00e9micas, participaci\u00f3n en comit\u00e9s locales, etc., lea la<strong> <a href=\"https:\/\/ambipar.com\/politicas\/Politica-de-Patrocinio-e-Doacao-Es\" target=\"_blank\" rel=\"noreferrer noopener\">Pol\u00edtica de Patrocinios y Donaciones<\/a><\/strong> en el sitio web de Ambipar, <a href=\"https:\/\/ambipar.com\/politicas\/Politica-de-Patrocinio-e-Doacao-Es\" target=\"_blank\" rel=\"noreferrer noopener\"><strong>haciendo clic aqu\u00ed,<\/strong><\/a> y complete el formulario a continuaci\u00f3n con su solicitud.<\/p>\n\n\n\n<p>Despu\u00e9s de la evaluaci\u00f3n del Comit\u00e9 de Sostenibilidad, solo las propuestas validadas recibir\u00e1n respuesta.<\/p>\n\n\n<div role=\"form\" class=\"wpcf7\" id=\"wpcf7-f5934-o1\" lang=\"es-CL\" dir=\"ltr\">\n<div class=\"screen-reader-response\"><p role=\"status\" aria-live=\"polite\" aria-atomic=\"true\"><\/p> <ul><\/ul><\/div>\n<form action=\"\/latam\/wp-json\/wp\/v2\/pages\/5935#wpcf7-f5934-o1\" method=\"post\" class=\"wpcf7-form init\" enctype=\"multipart\/form-data\" novalidate=\"novalidate\" data-status=\"init\">\n<div style=\"display: none;\">\n<input type=\"hidden\" name=\"_wpcf7\" value=\"5934\" \/>\n<input type=\"hidden\" name=\"_wpcf7_version\" value=\"5.5.3\" \/>\n<input type=\"hidden\" name=\"_wpcf7_locale\" value=\"es_CL\" \/>\n<input type=\"hidden\" name=\"_wpcf7_unit_tag\" value=\"wpcf7-f5934-o1\" \/>\n<input type=\"hidden\" name=\"_wpcf7_container_post\" value=\"0\" \/>\n<input type=\"hidden\" name=\"_wpcf7_posted_data_hash\" value=\"\" \/>\n<\/div>\n<p><span class=\"wpcf7-form-control-wrap nome\"><input type=\"text\" name=\"nome\" value=\"\" size=\"40\" class=\"wpcf7-form-control wpcf7-text wpcf7-validates-as-required\" aria-required=\"true\" aria-invalid=\"false\" placeholder=\"Nombre\" \/><\/span><br \/>\n<span class=\"wpcf7-form-control-wrap empresa\"><input type=\"text\" name=\"empresa\" value=\"\" size=\"40\" class=\"wpcf7-form-control wpcf7-text wpcf7-validates-as-required\" aria-required=\"true\" aria-invalid=\"false\" placeholder=\"Empresa\" \/><\/span><br \/>\n<span class=\"wpcf7-form-control-wrap cargo\"><select name=\"cargo\" class=\"wpcf7-form-control wpcf7-select wpcf7-validates-as-required\" aria-required=\"true\" aria-invalid=\"false\"><option value=\"\">Cargo<\/option><option value=\"Presidente\">Presidente<\/option><option value=\"Director\">Director<\/option><option value=\"Supervisor\/Coordinador\/Gerente\">Supervisor\/Coordinador\/Gerente<\/option><option value=\"Analista\/Asistente\">Analista\/Asistente<\/option><option value=\"Otro\">Otro<\/option><\/select><\/span><br \/>\n<span class=\"wpcf7-form-control-wrap cnpj\"><input type=\"text\" name=\"cnpj\" value=\"\" size=\"40\" class=\"wpcf7-form-control wpcf7-text wpcf7-validates-as-required\" aria-required=\"true\" aria-invalid=\"false\" placeholder=\"R.U.T\" \/><\/span><br \/>\n<span class=\"wpcf7-form-control-wrap e-mail\"><input type=\"email\" name=\"e-mail\" value=\"\" size=\"40\" class=\"wpcf7-form-control wpcf7-text wpcf7-email wpcf7-validates-as-required wpcf7-validates-as-email\" aria-required=\"true\" aria-invalid=\"false\" placeholder=\"Correo electr\u00f3nico\" \/><\/span><br \/>\n<span class=\"wpcf7-form-control-wrap telefone\"><input type=\"tel\" name=\"telefone\" value=\"\" size=\"40\" class=\"wpcf7-form-control wpcf7-text wpcf7-tel wpcf7-validates-as-required wpcf7-validates-as-tel\" id=\"masktel\" aria-required=\"true\" aria-invalid=\"false\" placeholder=\"Tel\u00e9fono\" \/><\/span><\/p>\n<div class=\"full-width\">\n<span class=\"wpcf7-form-control-wrap servico\"><select name=\"servico\" class=\"wpcf7-form-control wpcf7-select wpcf7-validates-as-required servicos-form\" aria-required=\"true\" aria-invalid=\"false\"><option value=\"Tipo de Proyecto o Propuesta\">Tipo de Proyecto o Propuesta<\/option><option value=\"Patrocinios\">Patrocinios<\/option><option value=\"Donaciones\">Donaciones<\/option><option value=\"Asociaciones Acad\u00e9micas\">Asociaciones Acad\u00e9micas<\/option><option value=\"Comit\u00e9s Locales\">Comit\u00e9s Locales<\/option><option value=\"Otros\">Otros<\/option><\/select><\/span><br \/>\n<span class=\"wpcf7-form-control-wrap projeto-proposta\"><input type=\"file\" name=\"projeto-proposta\" size=\"40\" class=\"wpcf7-form-control wpcf7-file wpcf7-validates-as-required\" accept=\".pdf\" aria-required=\"true\" aria-invalid=\"false\" \/><\/span><br \/>\n<span class=\"wpcf7-form-control-wrap mensagem\"><textarea name=\"mensagem\" cols=\"40\" rows=\"10\" maxlength=\"250\" class=\"wpcf7-form-control wpcf7-textarea wpcf7-validates-as-required\" aria-required=\"true\" aria-invalid=\"false\" placeholder=\"Mensaje\"><\/textarea><\/span><br \/>\n<span class=\"wpcf7-character-count down\" data-target-name=\"mensagem\" data-starting-value=\"250\" data-current-value=\"250\" data-maximum-value=\"250\">250<\/span><br \/>\n<span class=\"wpcf7-form-control-wrap acceptance-LGPD\"><span class=\"wpcf7-form-control wpcf7-acceptance\"><span class=\"wpcf7-list-item\"><label><input type=\"checkbox\" name=\"acceptance-LGPD\" value=\"1\" aria-invalid=\"false\" \/><span class=\"wpcf7-list-item-label\">Al completar el formulario, soy consciente y estoy de acuerdo con el <a href=\"https:\/\/ambipar.com\/politicas\/Politica-de-Privacidade-e-Protecao-de-Dados-Pessoais\" target=\"_blank\">almacenamiento de los datos por parte de Ambipar<\/a> y el env\u00edo de informaci\u00f3n relacionada con el Grupo, y si deseo cancelar mi registro, debo solicitarlo mediante el correo electr\u00f3nico politicadedados@ambipar.com<\/span><\/label><\/span><\/span><\/span><br \/>\n<input type=\"submit\" value=\"Enviar\" class=\"wpcf7-form-control has-spinner wpcf7-submit\" \/>\n<\/div>\n<div class=\"wpcf7-response-output\" aria-hidden=\"true\"><\/div><\/form><\/div>\n","protected":false},"excerpt":{"rendered":"Para enviar proyectos y propuestas para patrocinios, donaciones, asociaciones acad\u00e9micas, participaci\u00f3n en comit\u00e9s locales, etc., lea la Pol\u00edtica de Patrocinios y Donaciones en el sitio web de Ambipar, haciendo clic aqu\u00ed, y complete el formulario a continuaci\u00f3n con su solicitud. Despu\u00e9s de la evaluaci\u00f3n del Comit\u00e9 de Sostenibilidad, solo las propuestas validadas recibir\u00e1n respuesta.","protected":false},"author":4,"featured_media":0,"parent":0,"menu_order":0,"comment_status":"closed","ping_status":"closed","template":"template-formularios.php","meta":[],"yoast_head":"<!-- This site is optimized with the Yoast SEO plugin v17.6 - https:\/\/yoast.com\/wordpress\/plugins\/seo\/ -->\n<title>Asociaciones y Patrocinios - Ambipar. A l\u00edder em gest\u00e3o ambiental.<\/title>\n<meta name=\"robots\" content=\"index, follow, max-snippet:-1, max-image-preview:large, max-video-preview:-1\" \/>\n<link rel=\"canonical\" href=\"https:\/\/ambipar.com\/latam\/asociaciones-y-patrocinios\/\" \/>\n<meta property=\"og:locale\" content=\"es_ES\" \/>\n<meta property=\"og:type\" content=\"article\" \/>\n<meta property=\"og:title\" content=\"Asociaciones y Patrocinios - Ambipar. A l\u00edder em gest\u00e3o ambiental.\" \/>\n<meta property=\"og:description\" content=\"Para enviar proyectos y propuestas para patrocinios, donaciones, asociaciones acad\u00e9micas, participaci\u00f3n en comit\u00e9s locales, etc., lea la Pol\u00edtica de Patrocinios y Donaciones en el sitio web de Ambipar, haciendo clic aqu\u00ed, y complete el formulario a continuaci\u00f3n con su solicitud. Despu\u00e9s de la evaluaci\u00f3n del Comit\u00e9 de Sostenibilidad, solo las propuestas validadas recibir\u00e1n respuesta.\" \/>\n<meta property=\"og:url\" content=\"https:\/\/ambipar.com\/latam\/asociaciones-y-patrocinios\/\" \/>\n<meta property=\"og:site_name\" content=\"Ambipar. A l\u00edder em gest\u00e3o ambiental.\" \/>\n<meta property=\"article:modified_time\" content=\"2025-02-25T17:37:15+00:00\" \/>\n<meta name=\"twitter:card\" content=\"summary_large_image\" \/>\n<meta name=\"twitter:label1\" content=\"Est. reading time\" \/>\n\t<meta name=\"twitter:data1\" content=\"1 minuto\" \/>\n<script type=\"application\/ld+json\" class=\"yoast-schema-graph\">{\"@context\":\"https:\/\/schema.org\",\"@graph\":[{\"@type\":\"Organization\",\"@id\":\"https:\/\/ambipar.com\/latam\/#organization\",\"name\":\"Ambipar\",\"url\":\"https:\/\/ambipar.com\/latam\/\",\"sameAs\":[],\"logo\":{\"@type\":\"ImageObject\",\"@id\":\"https:\/\/ambipar.com\/latam\/#logo\",\"inLanguage\":\"es-CL\",\"url\":\"https:\/\/ambipar.com\/latam\/wp-content\/uploads\/2020\/10\/ambipar_color.png\",\"contentUrl\":\"https:\/\/ambipar.com\/latam\/wp-content\/uploads\/2020\/10\/ambipar_color.png\",\"width\":174,\"height\":107,\"caption\":\"Ambipar\"},\"image\":{\"@id\":\"https:\/\/ambipar.com\/latam\/#logo\"}},{\"@type\":\"WebSite\",\"@id\":\"https:\/\/ambipar.com\/latam\/#website\",\"url\":\"https:\/\/ambipar.com\/latam\/\",\"name\":\"Ambipar. A l\\u00edder em gest\\u00e3o ambiental.\",\"description\":\"Pioneira em solu\\u00e7\\u00f5es ambientais, a Ambipar atua em todo o territ\\u00f3rio nacional oferecendo solu\\u00e7\\u00f5es integradas para toda a cadeia de neg\\u00f3cio.\",\"publisher\":{\"@id\":\"https:\/\/ambipar.com\/latam\/#organization\"},\"potentialAction\":[{\"@type\":\"SearchAction\",\"target\":{\"@type\":\"EntryPoint\",\"urlTemplate\":\"https:\/\/ambipar.com\/latam\/?s={search_term_string}\"},\"query-input\":\"required name=search_term_string\"}],\"inLanguage\":\"es-CL\"},{\"@type\":\"WebPage\",\"@id\":\"https:\/\/ambipar.com\/latam\/asociaciones-y-patrocinios\/#webpage\",\"url\":\"https:\/\/ambipar.com\/latam\/asociaciones-y-patrocinios\/\",\"name\":\"Asociaciones y Patrocinios - Ambipar. A l\\u00edder em gest\\u00e3o ambiental.\",\"isPartOf\":{\"@id\":\"https:\/\/ambipar.com\/latam\/#website\"},\"datePublished\":\"2025-02-25T17:37:14+00:00\",\"dateModified\":\"2025-02-25T17:37:15+00:00\",\"breadcrumb\":{\"@id\":\"https:\/\/ambipar.com\/latam\/asociaciones-y-patrocinios\/#breadcrumb\"},\"inLanguage\":\"es-CL\",\"potentialAction\":[{\"@type\":\"ReadAction\",\"target\":[\"https:\/\/ambipar.com\/latam\/asociaciones-y-patrocinios\/\"]}]},{\"@type\":\"BreadcrumbList\",\"@id\":\"https:\/\/ambipar.com\/latam\/asociaciones-y-patrocinios\/#breadcrumb\",\"itemListElement\":[{\"@type\":\"ListItem\",\"position\":1,\"name\":\"Home\",\"item\":\"https:\/\/ambipar.com\/latam\/\"},{\"@type\":\"ListItem\",\"position\":2,\"name\":\"Asociaciones y Patrocinios\"}]}]}<\/script>\n<!-- \/ Yoast SEO plugin. -->","yoast_head_json":{"title":"Asociaciones y Patrocinios - Ambipar. A l\u00edder em gest\u00e3o ambiental.","robots":{"index":"index","follow":"follow","max-snippet":"max-snippet:-1","max-image-preview":"max-image-preview:large","max-video-preview":"max-video-preview:-1"},"canonical":"https:\/\/ambipar.com\/latam\/asociaciones-y-patrocinios\/","og_locale":"es_ES","og_type":"article","og_title":"Asociaciones y Patrocinios - Ambipar. A l\u00edder em gest\u00e3o ambiental.","og_description":"Para enviar proyectos y propuestas para patrocinios, donaciones, asociaciones acad\u00e9micas, participaci\u00f3n en comit\u00e9s locales, etc., lea la Pol\u00edtica de Patrocinios y Donaciones en el sitio web de Ambipar, haciendo clic aqu\u00ed, y complete el formulario a continuaci\u00f3n con su solicitud. Despu\u00e9s de la evaluaci\u00f3n del Comit\u00e9 de Sostenibilidad, solo las propuestas validadas recibir\u00e1n respuesta.","og_url":"https:\/\/ambipar.com\/latam\/asociaciones-y-patrocinios\/","og_site_name":"Ambipar. A l\u00edder em gest\u00e3o ambiental.","article_modified_time":"2025-02-25T17:37:15+00:00","twitter_card":"summary_large_image","twitter_misc":{"Est. reading time":"1 minuto"},"schema":{"@context":"https:\/\/schema.org","@graph":[{"@type":"Organization","@id":"https:\/\/ambipar.com\/latam\/#organization","name":"Ambipar","url":"https:\/\/ambipar.com\/latam\/","sameAs":[],"logo":{"@type":"ImageObject","@id":"https:\/\/ambipar.com\/latam\/#logo","inLanguage":"es-CL","url":"https:\/\/ambipar.com\/latam\/wp-content\/uploads\/2020\/10\/ambipar_color.png","contentUrl":"https:\/\/ambipar.com\/latam\/wp-content\/uploads\/2020\/10\/ambipar_color.png","width":174,"height":107,"caption":"Ambipar"},"image":{"@id":"https:\/\/ambipar.com\/latam\/#logo"}},{"@type":"WebSite","@id":"https:\/\/ambipar.com\/latam\/#website","url":"https:\/\/ambipar.com\/latam\/","name":"Ambipar. A l\u00edder em gest\u00e3o ambiental.","description":"Pioneira em solu\u00e7\u00f5es ambientais, a Ambipar atua em todo o territ\u00f3rio nacional oferecendo solu\u00e7\u00f5es integradas para toda a cadeia de neg\u00f3cio.","publisher":{"@id":"https:\/\/ambipar.com\/latam\/#organization"},"potentialAction":[{"@type":"SearchAction","target":{"@type":"EntryPoint","urlTemplate":"https:\/\/ambipar.com\/latam\/?s={search_term_string}"},"query-input":"required name=search_term_string"}],"inLanguage":"es-CL"},{"@type":"WebPage","@id":"https:\/\/ambipar.com\/latam\/asociaciones-y-patrocinios\/#webpage","url":"https:\/\/ambipar.com\/latam\/asociaciones-y-patrocinios\/","name":"Asociaciones y Patrocinios - Ambipar. A l\u00edder em gest\u00e3o ambiental.","isPartOf":{"@id":"https:\/\/ambipar.com\/latam\/#website"},"datePublished":"2025-02-25T17:37:14+00:00","dateModified":"2025-02-25T17:37:15+00:00","breadcrumb":{"@id":"https:\/\/ambipar.com\/latam\/asociaciones-y-patrocinios\/#breadcrumb"},"inLanguage":"es-CL","potentialAction":[{"@type":"ReadAction","target":["https:\/\/ambipar.com\/latam\/asociaciones-y-patrocinios\/"]}]},{"@type":"BreadcrumbList","@id":"https:\/\/ambipar.com\/latam\/asociaciones-y-patrocinios\/#breadcrumb","itemListElement":[{"@type":"ListItem","position":1,"name":"Home","item":"https:\/\/ambipar.com\/latam\/"},{"@type":"ListItem","position":2,"name":"Asociaciones y Patrocinios"}]}]}},"_links":{"self":[{"href":"https:\/\/ambipar.com\/latam\/wp-json\/wp\/v2\/pages\/5935"}],"collection":[{"href":"https:\/\/ambipar.com\/latam\/wp-json\/wp\/v2\/pages"}],"about":[{"href":"https:\/\/ambipar.com\/latam\/wp-json\/wp\/v2\/types\/page"}],"author":[{"embeddable":true,"href":"https:\/\/ambipar.com\/latam\/wp-json\/wp\/v2\/users\/4"}],"replies":[{"embeddable":true,"href":"https:\/\/ambipar.com\/latam\/wp-json\/wp\/v2\/comments?post=5935"}],"version-history":[{"count":1,"href":"https:\/\/ambipar.com\/latam\/wp-json\/wp\/v2\/pages\/5935\/revisions"}],"predecessor-version":[{"id":5936,"href":"https:\/\/ambipar.com\/latam\/wp-json\/wp\/v2\/pages\/5935\/revisions\/5936"}],"wp:attachment":[{"href":"https:\/\/ambipar.com\/latam\/wp-json\/wp\/v2\/media?parent=5935"}],"curies":[{"name":"wp","href":"https:\/\/api.w.org\/{rel}","templated":true}]}}