{"id":600,"date":"2020-10-30T09:41:17","date_gmt":"2020-10-30T12:41:17","guid":{"rendered":"https:\/\/ambipar.com\/latam\/?page_id=600"},"modified":"2023-01-30T18:27:30","modified_gmt":"2023-01-30T21:27:30","slug":"concesionarias","status":"publish","type":"page","link":"https:\/\/ambipar.com\/latam\/segmentos-2\/concesionarias\/","title":{"rendered":"Concesionarias"},"content":{"rendered":"","protected":false},"excerpt":{"rendered":"","protected":false},"author":1,"featured_media":593,"parent":1453,"menu_order":0,"comment_status":"closed","ping_status":"closed","template":"single-segmento.php","meta":[],"yoast_head":"<!-- This site is optimized with the Yoast SEO plugin v17.6 - https:\/\/yoast.com\/wordpress\/plugins\/seo\/ -->\n<title>Vea lo que Ambipar puede ofrecer al segmento de Concesionarias<\/title>\n<meta name=\"description\" content=\"Descubra todos los productos y servicios disponibles en Environment Services y Emergency Response para Concesionarias\" \/>\n<meta name=\"robots\" content=\"index, follow, max-snippet:-1, max-image-preview:large, max-video-preview:-1\" \/>\n<link rel=\"canonical\" href=\"https:\/\/ambipar.com\/latam\/segmentos-2\/concesionarias\/\" \/>\n<meta property=\"og:locale\" content=\"es_ES\" \/>\n<meta property=\"og:type\" content=\"article\" \/>\n<meta property=\"og:title\" content=\"Vea lo que Ambipar puede ofrecer al segmento de Concesionarias\" \/>\n<meta property=\"og:description\" content=\"Descubra todos los productos y servicios disponibles en Environment Services y Emergency Response para Concesionarias\" \/>\n<meta property=\"og:url\" content=\"https:\/\/ambipar.com\/latam\/segmentos-2\/concesionarias\/\" \/>\n<meta property=\"og:site_name\" content=\"Ambipar. A l\u00edder em gest\u00e3o ambiental.\" \/>\n<meta property=\"article:modified_time\" content=\"2023-01-30T21:27:30+00:00\" \/>\n<meta property=\"og:image\" content=\"https:\/\/ambipar.com\/latam\/wp-content\/uploads\/2020\/10\/concessionarias.jpg\" \/>\n\t<meta property=\"og:image:width\" content=\"1920\" \/>\n\t<meta property=\"og:image:height\" content=\"480\" \/>\n<meta name=\"twitter:card\" content=\"summary_large_image\" \/>\n<script type=\"application\/ld+json\" class=\"yoast-schema-graph\">{\"@context\":\"https:\/\/schema.org\",\"@graph\":[{\"@type\":\"Organization\",\"@id\":\"https:\/\/ambipar.com\/latam\/#organization\",\"name\":\"Ambipar\",\"url\":\"https:\/\/ambipar.com\/latam\/\",\"sameAs\":[],\"logo\":{\"@type\":\"ImageObject\",\"@id\":\"https:\/\/ambipar.com\/latam\/#logo\",\"inLanguage\":\"es-CL\",\"url\":\"https:\/\/ambipar.com\/latam\/wp-content\/uploads\/2020\/10\/ambipar_color.png\",\"contentUrl\":\"https:\/\/ambipar.com\/latam\/wp-content\/uploads\/2020\/10\/ambipar_color.png\",\"width\":174,\"height\":107,\"caption\":\"Ambipar\"},\"image\":{\"@id\":\"https:\/\/ambipar.com\/latam\/#logo\"}},{\"@type\":\"WebSite\",\"@id\":\"https:\/\/ambipar.com\/latam\/#website\",\"url\":\"https:\/\/ambipar.com\/latam\/\",\"name\":\"Ambipar. A l\\u00edder em gest\\u00e3o ambiental.\",\"description\":\"Pioneira em solu\\u00e7\\u00f5es ambientais, a Ambipar atua em todo o territ\\u00f3rio nacional oferecendo solu\\u00e7\\u00f5es integradas para toda a cadeia de neg\\u00f3cio.\",\"publisher\":{\"@id\":\"https:\/\/ambipar.com\/latam\/#organization\"},\"potentialAction\":[{\"@type\":\"SearchAction\",\"target\":{\"@type\":\"EntryPoint\",\"urlTemplate\":\"https:\/\/ambipar.com\/latam\/?s={search_term_string}\"},\"query-input\":\"required name=search_term_string\"}],\"inLanguage\":\"es-CL\"},{\"@type\":\"ImageObject\",\"@id\":\"https:\/\/ambipar.com\/latam\/segmentos-2\/concesionarias\/#primaryimage\",\"inLanguage\":\"es-CL\",\"url\":\"https:\/\/ambipar.com\/latam\/wp-content\/uploads\/2020\/10\/concessionarias.jpg\",\"contentUrl\":\"https:\/\/ambipar.com\/latam\/wp-content\/uploads\/2020\/10\/concessionarias.jpg\",\"width\":1920,\"height\":480,\"caption\":\"concession\\u00e1rias\"},{\"@type\":\"WebPage\",\"@id\":\"https:\/\/ambipar.com\/latam\/segmentos-2\/concesionarias\/#webpage\",\"url\":\"https:\/\/ambipar.com\/latam\/segmentos-2\/concesionarias\/\",\"name\":\"Vea lo que Ambipar puede ofrecer al segmento de Concesionarias\",\"isPartOf\":{\"@id\":\"https:\/\/ambipar.com\/latam\/#website\"},\"primaryImageOfPage\":{\"@id\":\"https:\/\/ambipar.com\/latam\/segmentos-2\/concesionarias\/#primaryimage\"},\"datePublished\":\"2020-10-30T12:41:17+00:00\",\"dateModified\":\"2023-01-30T21:27:30+00:00\",\"description\":\"Descubra todos los productos y servicios disponibles en Environment Services y Emergency Response para Concesionarias\",\"breadcrumb\":{\"@id\":\"https:\/\/ambipar.com\/latam\/segmentos-2\/concesionarias\/#breadcrumb\"},\"inLanguage\":\"es-CL\",\"potentialAction\":[{\"@type\":\"ReadAction\",\"target\":[\"https:\/\/ambipar.com\/latam\/segmentos-2\/concesionarias\/\"]}]},{\"@type\":\"BreadcrumbList\",\"@id\":\"https:\/\/ambipar.com\/latam\/segmentos-2\/concesionarias\/#breadcrumb\",\"itemListElement\":[{\"@type\":\"ListItem\",\"position\":1,\"name\":\"Home\",\"item\":\"https:\/\/ambipar.com\/latam\/\"},{\"@type\":\"ListItem\",\"position\":2,\"name\":\"Segmentos\",\"item\":\"https:\/\/ambipar.com\/latam\/segmentos-2\/\"},{\"@type\":\"ListItem\",\"position\":3,\"name\":\"Concesionarias\"}]}]}<\/script>\n<!-- \/ Yoast SEO plugin. -->","yoast_head_json":{"title":"Vea lo que Ambipar puede ofrecer al segmento de Concesionarias","description":"Descubra todos los productos y servicios disponibles en Environment Services y Emergency Response para Concesionarias","robots":{"index":"index","follow":"follow","max-snippet":"max-snippet:-1","max-image-preview":"max-image-preview:large","max-video-preview":"max-video-preview:-1"},"canonical":"https:\/\/ambipar.com\/latam\/segmentos-2\/concesionarias\/","og_locale":"es_ES","og_type":"article","og_title":"Vea lo que Ambipar puede ofrecer al segmento de Concesionarias","og_description":"Descubra todos los productos y servicios disponibles en Environment Services y Emergency Response para Concesionarias","og_url":"https:\/\/ambipar.com\/latam\/segmentos-2\/concesionarias\/","og_site_name":"Ambipar. A l\u00edder em gest\u00e3o ambiental.","article_modified_time":"2023-01-30T21:27:30+00:00","og_image":[{"width":1920,"height":480,"url":"https:\/\/ambipar.com\/latam\/wp-content\/uploads\/2020\/10\/concessionarias.jpg","type":"image\/jpeg"}],"twitter_card":"summary_large_image","schema":{"@context":"https:\/\/schema.org","@graph":[{"@type":"Organization","@id":"https:\/\/ambipar.com\/latam\/#organization","name":"Ambipar","url":"https:\/\/ambipar.com\/latam\/","sameAs":[],"logo":{"@type":"ImageObject","@id":"https:\/\/ambipar.com\/latam\/#logo","inLanguage":"es-CL","url":"https:\/\/ambipar.com\/latam\/wp-content\/uploads\/2020\/10\/ambipar_color.png","contentUrl":"https:\/\/ambipar.com\/latam\/wp-content\/uploads\/2020\/10\/ambipar_color.png","width":174,"height":107,"caption":"Ambipar"},"image":{"@id":"https:\/\/ambipar.com\/latam\/#logo"}},{"@type":"WebSite","@id":"https:\/\/ambipar.com\/latam\/#website","url":"https:\/\/ambipar.com\/latam\/","name":"Ambipar. A l\u00edder em gest\u00e3o ambiental.","description":"Pioneira em solu\u00e7\u00f5es ambientais, a Ambipar atua em todo o territ\u00f3rio nacional oferecendo solu\u00e7\u00f5es integradas para toda a cadeia de neg\u00f3cio.","publisher":{"@id":"https:\/\/ambipar.com\/latam\/#organization"},"potentialAction":[{"@type":"SearchAction","target":{"@type":"EntryPoint","urlTemplate":"https:\/\/ambipar.com\/latam\/?s={search_term_string}"},"query-input":"required name=search_term_string"}],"inLanguage":"es-CL"},{"@type":"ImageObject","@id":"https:\/\/ambipar.com\/latam\/segmentos-2\/concesionarias\/#primaryimage","inLanguage":"es-CL","url":"https:\/\/ambipar.com\/latam\/wp-content\/uploads\/2020\/10\/concessionarias.jpg","contentUrl":"https:\/\/ambipar.com\/latam\/wp-content\/uploads\/2020\/10\/concessionarias.jpg","width":1920,"height":480,"caption":"concession\u00e1rias"},{"@type":"WebPage","@id":"https:\/\/ambipar.com\/latam\/segmentos-2\/concesionarias\/#webpage","url":"https:\/\/ambipar.com\/latam\/segmentos-2\/concesionarias\/","name":"Vea lo que Ambipar puede ofrecer al segmento de Concesionarias","isPartOf":{"@id":"https:\/\/ambipar.com\/latam\/#website"},"primaryImageOfPage":{"@id":"https:\/\/ambipar.com\/latam\/segmentos-2\/concesionarias\/#primaryimage"},"datePublished":"2020-10-30T12:41:17+00:00","dateModified":"2023-01-30T21:27:30+00:00","description":"Descubra todos los productos y servicios disponibles en Environment Services y Emergency Response para Concesionarias","breadcrumb":{"@id":"https:\/\/ambipar.com\/latam\/segmentos-2\/concesionarias\/#breadcrumb"},"inLanguage":"es-CL","potentialAction":[{"@type":"ReadAction","target":["https:\/\/ambipar.com\/latam\/segmentos-2\/concesionarias\/"]}]},{"@type":"BreadcrumbList","@id":"https:\/\/ambipar.com\/latam\/segmentos-2\/concesionarias\/#breadcrumb","itemListElement":[{"@type":"ListItem","position":1,"name":"Home","item":"https:\/\/ambipar.com\/latam\/"},{"@type":"ListItem","position":2,"name":"Segmentos","item":"https:\/\/ambipar.com\/latam\/segmentos-2\/"},{"@type":"ListItem","position":3,"name":"Concesionarias"}]}]}},"_links":{"self":[{"href":"https:\/\/ambipar.com\/latam\/wp-json\/wp\/v2\/pages\/600"}],"collection":[{"href":"https:\/\/ambipar.com\/latam\/wp-json\/wp\/v2\/pages"}],"about":[{"href":"https:\/\/ambipar.com\/latam\/wp-json\/wp\/v2\/types\/page"}],"author":[{"embeddable":true,"href":"https:\/\/ambipar.com\/latam\/wp-json\/wp\/v2\/users\/1"}],"replies":[{"embeddable":true,"href":"https:\/\/ambipar.com\/latam\/wp-json\/wp\/v2\/comments?post=600"}],"version-history":[{"count":15,"href":"https:\/\/ambipar.com\/latam\/wp-json\/wp\/v2\/pages\/600\/revisions"}],"predecessor-version":[{"id":5001,"href":"https:\/\/ambipar.com\/latam\/wp-json\/wp\/v2\/pages\/600\/revisions\/5001"}],"up":[{"embeddable":true,"href":"https:\/\/ambipar.com\/latam\/wp-json\/wp\/v2\/pages\/1453"}],"wp:featuredmedia":[{"embeddable":true,"href":"https:\/\/ambipar.com\/latam\/wp-json\/wp\/v2\/media\/593"}],"wp:attachment":[{"href":"https:\/\/ambipar.com\/latam\/wp-json\/wp\/v2\/media?parent=600"}],"curies":[{"name":"wp","href":"https:\/\/api.w.org\/{rel}","templated":true}]}}