{"id":624,"date":"2020-10-30T10:19:22","date_gmt":"2020-10-30T13:19:22","guid":{"rendered":"https:\/\/ambipar.com\/latam\/?page_id=624"},"modified":"2023-02-27T13:47:43","modified_gmt":"2023-02-27T16:47:43","slug":"establecimientos-comerciales","status":"publish","type":"page","link":"https:\/\/ambipar.com\/latam\/segmentos-2\/establecimientos-comerciales\/","title":{"rendered":"Establecimientos Comerciales"},"content":{"rendered":"","protected":false},"excerpt":{"rendered":"","protected":false},"author":1,"featured_media":617,"parent":1453,"menu_order":0,"comment_status":"closed","ping_status":"closed","template":"single-segmento.php","meta":[],"yoast_head":"<!-- This site is optimized with the Yoast SEO plugin v17.6 - https:\/\/yoast.com\/wordpress\/plugins\/seo\/ -->\n<title>Vea lo que Ambipar puede ofrecer a los Establecimientos Comerciales<\/title>\n<meta name=\"description\" content=\"Descubra todos los servicios de gesti\u00f3n ambiental disponibles en Environment Services y Emergency Response para Establecimientos Comerciales\" \/>\n<meta name=\"robots\" content=\"index, follow, max-snippet:-1, max-image-preview:large, max-video-preview:-1\" \/>\n<link rel=\"canonical\" href=\"https:\/\/ambipar.com\/latam\/segmentos-2\/establecimientos-comerciales\/\" \/>\n<meta property=\"og:locale\" content=\"es_ES\" \/>\n<meta property=\"og:type\" content=\"article\" \/>\n<meta property=\"og:title\" content=\"Vea lo que Ambipar puede ofrecer a los Establecimientos Comerciales\" \/>\n<meta property=\"og:description\" content=\"Descubra todos los servicios de gesti\u00f3n ambiental disponibles en Environment Services y Emergency Response para Establecimientos Comerciales\" \/>\n<meta property=\"og:url\" content=\"https:\/\/ambipar.com\/latam\/segmentos-2\/establecimientos-comerciales\/\" \/>\n<meta property=\"og:site_name\" content=\"Ambipar. A l\u00edder em gest\u00e3o ambiental.\" \/>\n<meta property=\"article:modified_time\" content=\"2023-02-27T16:47:43+00:00\" \/>\n<meta property=\"og:image\" content=\"https:\/\/ambipar.com\/latam\/wp-content\/uploads\/2020\/10\/estabelecimentos-comerciais.jpg\" \/>\n\t<meta property=\"og:image:width\" content=\"1920\" \/>\n\t<meta property=\"og:image:height\" content=\"480\" \/>\n<meta name=\"twitter:card\" content=\"summary_large_image\" \/>\n<script type=\"application\/ld+json\" class=\"yoast-schema-graph\">{\"@context\":\"https:\/\/schema.org\",\"@graph\":[{\"@type\":\"Organization\",\"@id\":\"https:\/\/ambipar.com\/latam\/#organization\",\"name\":\"Ambipar\",\"url\":\"https:\/\/ambipar.com\/latam\/\",\"sameAs\":[],\"logo\":{\"@type\":\"ImageObject\",\"@id\":\"https:\/\/ambipar.com\/latam\/#logo\",\"inLanguage\":\"es-CL\",\"url\":\"https:\/\/ambipar.com\/latam\/wp-content\/uploads\/2020\/10\/ambipar_color.png\",\"contentUrl\":\"https:\/\/ambipar.com\/latam\/wp-content\/uploads\/2020\/10\/ambipar_color.png\",\"width\":174,\"height\":107,\"caption\":\"Ambipar\"},\"image\":{\"@id\":\"https:\/\/ambipar.com\/latam\/#logo\"}},{\"@type\":\"WebSite\",\"@id\":\"https:\/\/ambipar.com\/latam\/#website\",\"url\":\"https:\/\/ambipar.com\/latam\/\",\"name\":\"Ambipar. A l\\u00edder em gest\\u00e3o ambiental.\",\"description\":\"Pioneira em solu\\u00e7\\u00f5es ambientais, a Ambipar atua em todo o territ\\u00f3rio nacional oferecendo solu\\u00e7\\u00f5es integradas para toda a cadeia de neg\\u00f3cio.\",\"publisher\":{\"@id\":\"https:\/\/ambipar.com\/latam\/#organization\"},\"potentialAction\":[{\"@type\":\"SearchAction\",\"target\":{\"@type\":\"EntryPoint\",\"urlTemplate\":\"https:\/\/ambipar.com\/latam\/?s={search_term_string}\"},\"query-input\":\"required name=search_term_string\"}],\"inLanguage\":\"es-CL\"},{\"@type\":\"ImageObject\",\"@id\":\"https:\/\/ambipar.com\/latam\/segmentos-2\/establecimientos-comerciales\/#primaryimage\",\"inLanguage\":\"es-CL\",\"url\":\"https:\/\/ambipar.com\/latam\/wp-content\/uploads\/2020\/10\/estabelecimentos-comerciais.jpg\",\"contentUrl\":\"https:\/\/ambipar.com\/latam\/wp-content\/uploads\/2020\/10\/estabelecimentos-comerciais.jpg\",\"width\":1920,\"height\":480,\"caption\":\"estabelecimentos comerciais\"},{\"@type\":\"WebPage\",\"@id\":\"https:\/\/ambipar.com\/latam\/segmentos-2\/establecimientos-comerciales\/#webpage\",\"url\":\"https:\/\/ambipar.com\/latam\/segmentos-2\/establecimientos-comerciales\/\",\"name\":\"Vea lo que Ambipar puede ofrecer a los Establecimientos Comerciales\",\"isPartOf\":{\"@id\":\"https:\/\/ambipar.com\/latam\/#website\"},\"primaryImageOfPage\":{\"@id\":\"https:\/\/ambipar.com\/latam\/segmentos-2\/establecimientos-comerciales\/#primaryimage\"},\"datePublished\":\"2020-10-30T13:19:22+00:00\",\"dateModified\":\"2023-02-27T16:47:43+00:00\",\"description\":\"Descubra todos los servicios de gesti\\u00f3n ambiental disponibles en Environment Services y Emergency Response para Establecimientos Comerciales\",\"breadcrumb\":{\"@id\":\"https:\/\/ambipar.com\/latam\/segmentos-2\/establecimientos-comerciales\/#breadcrumb\"},\"inLanguage\":\"es-CL\",\"potentialAction\":[{\"@type\":\"ReadAction\",\"target\":[\"https:\/\/ambipar.com\/latam\/segmentos-2\/establecimientos-comerciales\/\"]}]},{\"@type\":\"BreadcrumbList\",\"@id\":\"https:\/\/ambipar.com\/latam\/segmentos-2\/establecimientos-comerciales\/#breadcrumb\",\"itemListElement\":[{\"@type\":\"ListItem\",\"position\":1,\"name\":\"Home\",\"item\":\"https:\/\/ambipar.com\/latam\/\"},{\"@type\":\"ListItem\",\"position\":2,\"name\":\"Segmentos\",\"item\":\"https:\/\/ambipar.com\/latam\/segmentos-2\/\"},{\"@type\":\"ListItem\",\"position\":3,\"name\":\"Establecimientos Comerciales\"}]}]}<\/script>\n<!-- \/ Yoast SEO plugin. -->","yoast_head_json":{"title":"Vea lo que Ambipar puede ofrecer a los Establecimientos Comerciales","description":"Descubra todos los servicios de gesti\u00f3n ambiental disponibles en Environment Services y Emergency Response para Establecimientos Comerciales","robots":{"index":"index","follow":"follow","max-snippet":"max-snippet:-1","max-image-preview":"max-image-preview:large","max-video-preview":"max-video-preview:-1"},"canonical":"https:\/\/ambipar.com\/latam\/segmentos-2\/establecimientos-comerciales\/","og_locale":"es_ES","og_type":"article","og_title":"Vea lo que Ambipar puede ofrecer a los Establecimientos Comerciales","og_description":"Descubra todos los servicios de gesti\u00f3n ambiental disponibles en Environment Services y Emergency Response para Establecimientos Comerciales","og_url":"https:\/\/ambipar.com\/latam\/segmentos-2\/establecimientos-comerciales\/","og_site_name":"Ambipar. A l\u00edder em gest\u00e3o ambiental.","article_modified_time":"2023-02-27T16:47:43+00:00","og_image":[{"width":1920,"height":480,"url":"https:\/\/ambipar.com\/latam\/wp-content\/uploads\/2020\/10\/estabelecimentos-comerciais.jpg","type":"image\/jpeg"}],"twitter_card":"summary_large_image","schema":{"@context":"https:\/\/schema.org","@graph":[{"@type":"Organization","@id":"https:\/\/ambipar.com\/latam\/#organization","name":"Ambipar","url":"https:\/\/ambipar.com\/latam\/","sameAs":[],"logo":{"@type":"ImageObject","@id":"https:\/\/ambipar.com\/latam\/#logo","inLanguage":"es-CL","url":"https:\/\/ambipar.com\/latam\/wp-content\/uploads\/2020\/10\/ambipar_color.png","contentUrl":"https:\/\/ambipar.com\/latam\/wp-content\/uploads\/2020\/10\/ambipar_color.png","width":174,"height":107,"caption":"Ambipar"},"image":{"@id":"https:\/\/ambipar.com\/latam\/#logo"}},{"@type":"WebSite","@id":"https:\/\/ambipar.com\/latam\/#website","url":"https:\/\/ambipar.com\/latam\/","name":"Ambipar. A l\u00edder em gest\u00e3o ambiental.","description":"Pioneira em solu\u00e7\u00f5es ambientais, a Ambipar atua em todo o territ\u00f3rio nacional oferecendo solu\u00e7\u00f5es integradas para toda a cadeia de neg\u00f3cio.","publisher":{"@id":"https:\/\/ambipar.com\/latam\/#organization"},"potentialAction":[{"@type":"SearchAction","target":{"@type":"EntryPoint","urlTemplate":"https:\/\/ambipar.com\/latam\/?s={search_term_string}"},"query-input":"required name=search_term_string"}],"inLanguage":"es-CL"},{"@type":"ImageObject","@id":"https:\/\/ambipar.com\/latam\/segmentos-2\/establecimientos-comerciales\/#primaryimage","inLanguage":"es-CL","url":"https:\/\/ambipar.com\/latam\/wp-content\/uploads\/2020\/10\/estabelecimentos-comerciais.jpg","contentUrl":"https:\/\/ambipar.com\/latam\/wp-content\/uploads\/2020\/10\/estabelecimentos-comerciais.jpg","width":1920,"height":480,"caption":"estabelecimentos comerciais"},{"@type":"WebPage","@id":"https:\/\/ambipar.com\/latam\/segmentos-2\/establecimientos-comerciales\/#webpage","url":"https:\/\/ambipar.com\/latam\/segmentos-2\/establecimientos-comerciales\/","name":"Vea lo que Ambipar puede ofrecer a los Establecimientos Comerciales","isPartOf":{"@id":"https:\/\/ambipar.com\/latam\/#website"},"primaryImageOfPage":{"@id":"https:\/\/ambipar.com\/latam\/segmentos-2\/establecimientos-comerciales\/#primaryimage"},"datePublished":"2020-10-30T13:19:22+00:00","dateModified":"2023-02-27T16:47:43+00:00","description":"Descubra todos los servicios de gesti\u00f3n ambiental disponibles en Environment Services y Emergency Response para Establecimientos Comerciales","breadcrumb":{"@id":"https:\/\/ambipar.com\/latam\/segmentos-2\/establecimientos-comerciales\/#breadcrumb"},"inLanguage":"es-CL","potentialAction":[{"@type":"ReadAction","target":["https:\/\/ambipar.com\/latam\/segmentos-2\/establecimientos-comerciales\/"]}]},{"@type":"BreadcrumbList","@id":"https:\/\/ambipar.com\/latam\/segmentos-2\/establecimientos-comerciales\/#breadcrumb","itemListElement":[{"@type":"ListItem","position":1,"name":"Home","item":"https:\/\/ambipar.com\/latam\/"},{"@type":"ListItem","position":2,"name":"Segmentos","item":"https:\/\/ambipar.com\/latam\/segmentos-2\/"},{"@type":"ListItem","position":3,"name":"Establecimientos Comerciales"}]}]}},"_links":{"self":[{"href":"https:\/\/ambipar.com\/latam\/wp-json\/wp\/v2\/pages\/624"}],"collection":[{"href":"https:\/\/ambipar.com\/latam\/wp-json\/wp\/v2\/pages"}],"about":[{"href":"https:\/\/ambipar.com\/latam\/wp-json\/wp\/v2\/types\/page"}],"author":[{"embeddable":true,"href":"https:\/\/ambipar.com\/latam\/wp-json\/wp\/v2\/users\/1"}],"replies":[{"embeddable":true,"href":"https:\/\/ambipar.com\/latam\/wp-json\/wp\/v2\/comments?post=624"}],"version-history":[{"count":8,"href":"https:\/\/ambipar.com\/latam\/wp-json\/wp\/v2\/pages\/624\/revisions"}],"predecessor-version":[{"id":5026,"href":"https:\/\/ambipar.com\/latam\/wp-json\/wp\/v2\/pages\/624\/revisions\/5026"}],"up":[{"embeddable":true,"href":"https:\/\/ambipar.com\/latam\/wp-json\/wp\/v2\/pages\/1453"}],"wp:featuredmedia":[{"embeddable":true,"href":"https:\/\/ambipar.com\/latam\/wp-json\/wp\/v2\/media\/617"}],"wp:attachment":[{"href":"https:\/\/ambipar.com\/latam\/wp-json\/wp\/v2\/media?parent=624"}],"curies":[{"name":"wp","href":"https:\/\/api.w.org\/{rel}","templated":true}]}}