{"id":660,"date":"2020-10-29T11:10:00","date_gmt":"2020-10-29T14:10:00","guid":{"rendered":"https:\/\/ambipar.com\/latam\/?page_id=660"},"modified":"2021-01-15T08:04:28","modified_gmt":"2021-01-15T11:04:28","slug":"emergencias-quimicas-intermediario","status":"publish","type":"page","link":"https:\/\/ambipar.com\/latam\/pt\/ambipar-response\/treinamentos\/brigadas-de-emergencias\/emergencias-quimicas-intermediario\/","title":{"rendered":"Emerg\u00eancias Qu\u00edmicas \u2013 Intermedi\u00e1rio"},"content":{"rendered":"\n<p><strong>OBJETIVO: <\/strong><\/p>\n\n\n\n<p>Capacitar o profissional em conte\u00fados e pr\u00e1ticas relativas ao atendimento \u00e0 emerg\u00eancias com produtos perigosos.<\/p>\n\n\n\n<p><strong>P\u00daBLICO ALVO: <\/strong><\/p>\n\n\n\n<p>Profissionais envolvidos em emerg\u00eancias com produtos qu\u00edmicos.<\/p>\n\n\n\n<p><strong>CONTE\u00daDO PROGRAM\u00c1TICO:<\/strong><\/p>\n\n\n\n<ul><li>Acidentes ambientais e tecnol\u00f3gicos<\/li><li>Transporte e Armazenamento<\/li><li>Riscos pertinentes a cada classe de produto perigoso<\/li><li>Protocolo de Resposta processo DECIDA<\/li><li>Diamante de Hommel<\/li><li>A\u00e7\u00f5es ofensivas e defensivas<\/li><li>Controle Ambiental<\/li><\/ul>\n\n\n\n<p>CARGA HOR\u00c1RIA: 16 horas<\/p>\n\n\n\n<div class=\"wp-block-buttons\">\n<div class=\"wp-block-button\"><a class=\"wp-block-button__link\" href=\"https:\/\/app.smartsheet.com\/b\/form\/57a977c9e30244acbdc17c86e82b5ef9\" target=\"_blank\" rel=\"noreferrer noopener\">SOLICITAR AGENDAMENTO<\/a><\/div>\n<\/div>\n\n\n\n<p>Conhe\u00e7a os outros m\u00f3dulos do treinamento de Brigadas de Emerg\u00eancias:<\/p>\n\n\n\n<ul id=\"block-cdc1b052-3980-4215-afce-e765d8569b8a\"><li><a href=\"https:\/\/ambipar.com\/latam\/ambipar-response\/treinamentos\/brigadas-de-emergencias\/emergencias-quimicas-basico\/\">Emerg\u00eancias Qu\u00edmicas \u2013 B\u00e1sico<\/a><\/li><li><a href=\"https:\/\/ambipar.com\/latam\/ambipar-response\/treinamentos\/brigadas-de-emergencias\/emergencias-quimicas-avancado\/\">Emerg\u00eancias Qu\u00edmicas \u2013 Avan\u00e7ado<\/a><\/li><li><a href=\"https:\/\/ambipar.com\/latam\/ambipar-response\/treinamentos\/brigadas-de-emergencias\/brigadas-de-combate-a-incendio-basico\/\">Brigadas de Combate a Inc\u00eandio \u2013 B\u00e1sico<\/a><\/li><li><a href=\"https:\/\/ambipar.com\/latam\/ambipar-response\/treinamentos\/brigadas-de-emergencias\/brigadas-de-combate-a-incendio-intermediario\/\">Brigadas de Combate a Inc\u00eandio \u2013 Intermedi\u00e1rio<\/a><\/li><li><a href=\"https:\/\/ambipar.com\/latam\/ambipar-response\/treinamentos\/brigadas-de-emergencias\/brigadas-de-combate-a-incendio-avancado\/\">Brigadas de Combate a Inc\u00eandio \u2013 Avan\u00e7ado<\/a><\/li><li><a href=\"https:\/\/ambipar.com\/latam\/ambipar-response\/treinamentos\/brigadas-de-emergencias\/primeiros-socorros\/\">Primeiros Socorros<\/a><\/li><\/ul>\n","protected":false},"excerpt":{"rendered":"OBJETIVO: Capacitar o profissional em conte\u00fados e pr\u00e1ticas relativas ao atendimento \u00e0 emerg\u00eancias com produtos perigosos. P\u00daBLICO ALVO: Profissionais envolvidos em emerg\u00eancias com produtos qu\u00edmicos. CONTE\u00daDO PROGRAM\u00c1TICO: Acidentes ambientais e tecnol\u00f3gicos Transporte e Armazenamento Riscos pertinentes a cada classe de produto perigoso Protocolo de Resposta processo DECIDA Diamante de Hommel A\u00e7\u00f5es ofensivas e defensivas Controle&#8230; <a class=\"view-article\" href=\"https:\/\/ambipar.com\/latam\/pt\/ambipar-response\/treinamentos\/brigadas-de-emergencias\/emergencias-quimicas-intermediario\/\">Ver art\u00edculo<\/a>","protected":false},"author":2,"featured_media":422,"parent":625,"menu_order":0,"comment_status":"closed","ping_status":"closed","template":"single-servicos.php","meta":[],"yoast_head":"<!-- This site is optimized with the Yoast SEO plugin v17.6 - https:\/\/yoast.com\/wordpress\/plugins\/seo\/ -->\n<title>Conhe\u00e7a o m\u00f3dulo Emerg\u00eancias Qu\u00edmicas \u2013 Intermedi\u00e1rio da Ambipar<\/title>\n<meta name=\"description\" content=\"OBJETIVO: Capacitar o profissional em conte\u00fados e pr\u00e1ticas relativas ao atendimento \u00e0 emerg\u00eancias com produtos perigosos.\" \/>\n<meta name=\"robots\" content=\"index, follow, max-snippet:-1, max-image-preview:large, max-video-preview:-1\" \/>\n<link rel=\"canonical\" href=\"https:\/\/ambipar.com\/latam\/pt\/ambipar-response\/treinamentos\/brigadas-de-emergencias\/emergencias-quimicas-intermediario\/\" \/>\n<meta property=\"og:locale\" content=\"es_ES\" \/>\n<meta property=\"og:type\" content=\"article\" \/>\n<meta property=\"og:title\" content=\"Conhe\u00e7a o m\u00f3dulo Emerg\u00eancias Qu\u00edmicas \u2013 Intermedi\u00e1rio da Ambipar\" \/>\n<meta property=\"og:description\" content=\"OBJETIVO: Capacitar o profissional em conte\u00fados e pr\u00e1ticas relativas ao atendimento \u00e0 emerg\u00eancias com produtos perigosos.\" \/>\n<meta property=\"og:url\" content=\"https:\/\/ambipar.com\/latam\/pt\/ambipar-response\/treinamentos\/brigadas-de-emergencias\/emergencias-quimicas-intermediario\/\" \/>\n<meta property=\"og:site_name\" content=\"Ambipar. A l\u00edder em gest\u00e3o ambiental.\" \/>\n<meta property=\"article:modified_time\" content=\"2021-01-15T11:04:28+00:00\" \/>\n<meta property=\"og:image\" content=\"https:\/\/ambipar.com\/latam\/wp-content\/uploads\/2020\/10\/produtoquimico.jpg\" \/>\n\t<meta property=\"og:image:width\" content=\"1012\" \/>\n\t<meta property=\"og:image:height\" content=\"1000\" \/>\n<meta name=\"twitter:card\" content=\"summary_large_image\" \/>\n<meta name=\"twitter:label1\" content=\"Est. reading time\" \/>\n\t<meta name=\"twitter:data1\" content=\"1 minuto\" \/>\n<script type=\"application\/ld+json\" class=\"yoast-schema-graph\">{\"@context\":\"https:\/\/schema.org\",\"@graph\":[{\"@type\":\"Organization\",\"@id\":\"https:\/\/ambipar.com\/latam\/#organization\",\"name\":\"Ambipar\",\"url\":\"https:\/\/ambipar.com\/latam\/\",\"sameAs\":[],\"logo\":{\"@type\":\"ImageObject\",\"@id\":\"https:\/\/ambipar.com\/latam\/#logo\",\"inLanguage\":\"es-CL\",\"url\":\"https:\/\/ambipar.com\/latam\/wp-content\/uploads\/2020\/10\/ambipar_color.png\",\"contentUrl\":\"https:\/\/ambipar.com\/latam\/wp-content\/uploads\/2020\/10\/ambipar_color.png\",\"width\":174,\"height\":107,\"caption\":\"Ambipar\"},\"image\":{\"@id\":\"https:\/\/ambipar.com\/latam\/#logo\"}},{\"@type\":\"WebSite\",\"@id\":\"https:\/\/ambipar.com\/latam\/#website\",\"url\":\"https:\/\/ambipar.com\/latam\/\",\"name\":\"Ambipar. A l\\u00edder em gest\\u00e3o ambiental.\",\"description\":\"Pioneira em solu\\u00e7\\u00f5es ambientais, a Ambipar atua em todo o territ\\u00f3rio nacional oferecendo solu\\u00e7\\u00f5es integradas para toda a cadeia de neg\\u00f3cio.\",\"publisher\":{\"@id\":\"https:\/\/ambipar.com\/latam\/#organization\"},\"potentialAction\":[{\"@type\":\"SearchAction\",\"target\":{\"@type\":\"EntryPoint\",\"urlTemplate\":\"https:\/\/ambipar.com\/latam\/?s={search_term_string}\"},\"query-input\":\"required name=search_term_string\"}],\"inLanguage\":\"es-CL\"},{\"@type\":\"ImageObject\",\"@id\":\"https:\/\/ambipar.com\/latam\/pt\/ambipar-response\/treinamentos\/brigadas-de-emergencias\/emergencias-quimicas-intermediario\/#primaryimage\",\"inLanguage\":\"es-CL\",\"url\":\"https:\/\/ambipar.com\/latam\/wp-content\/uploads\/2020\/10\/produtoquimico.jpg\",\"contentUrl\":\"https:\/\/ambipar.com\/latam\/wp-content\/uploads\/2020\/10\/produtoquimico.jpg\",\"width\":1012,\"height\":1000,\"caption\":\"produto qu\\u00edmico\"},{\"@type\":\"WebPage\",\"@id\":\"https:\/\/ambipar.com\/latam\/pt\/ambipar-response\/treinamentos\/brigadas-de-emergencias\/emergencias-quimicas-intermediario\/#webpage\",\"url\":\"https:\/\/ambipar.com\/latam\/pt\/ambipar-response\/treinamentos\/brigadas-de-emergencias\/emergencias-quimicas-intermediario\/\",\"name\":\"Conhe\\u00e7a o m\\u00f3dulo Emerg\\u00eancias Qu\\u00edmicas \\u2013 Intermedi\\u00e1rio da Ambipar\",\"isPartOf\":{\"@id\":\"https:\/\/ambipar.com\/latam\/#website\"},\"primaryImageOfPage\":{\"@id\":\"https:\/\/ambipar.com\/latam\/pt\/ambipar-response\/treinamentos\/brigadas-de-emergencias\/emergencias-quimicas-intermediario\/#primaryimage\"},\"datePublished\":\"2020-10-29T14:10:00+00:00\",\"dateModified\":\"2021-01-15T11:04:28+00:00\",\"description\":\"OBJETIVO: Capacitar o profissional em conte\\u00fados e pr\\u00e1ticas relativas ao atendimento \\u00e0 emerg\\u00eancias com produtos perigosos.\",\"breadcrumb\":{\"@id\":\"https:\/\/ambipar.com\/latam\/pt\/ambipar-response\/treinamentos\/brigadas-de-emergencias\/emergencias-quimicas-intermediario\/#breadcrumb\"},\"inLanguage\":\"es-CL\",\"potentialAction\":[{\"@type\":\"ReadAction\",\"target\":[\"https:\/\/ambipar.com\/latam\/pt\/ambipar-response\/treinamentos\/brigadas-de-emergencias\/emergencias-quimicas-intermediario\/\"]}]},{\"@type\":\"BreadcrumbList\",\"@id\":\"https:\/\/ambipar.com\/latam\/pt\/ambipar-response\/treinamentos\/brigadas-de-emergencias\/emergencias-quimicas-intermediario\/#breadcrumb\",\"itemListElement\":[{\"@type\":\"ListItem\",\"position\":1,\"name\":\"Home\",\"item\":\"https:\/\/ambipar.com\/latam\/\"},{\"@type\":\"ListItem\",\"position\":2,\"name\":\"Ambipar Response\",\"item\":\"https:\/\/ambipar.com\/latam\/pt\/ambipar-response\/\"},{\"@type\":\"ListItem\",\"position\":3,\"name\":\"Treinamentos\",\"item\":\"https:\/\/ambipar.com\/latam\/pt\/ambipar-response\/treinamentos\/\"},{\"@type\":\"ListItem\",\"position\":4,\"name\":\"Brigadas de Emerg\\u00eancias\",\"item\":\"https:\/\/ambipar.com\/latam\/pt\/ambipar-response\/treinamentos\/brigadas-de-emergencias\/\"},{\"@type\":\"ListItem\",\"position\":5,\"name\":\"Emerg\\u00eancias Qu\\u00edmicas \\u2013 Intermedi\\u00e1rio\"}]}]}<\/script>\n<!-- \/ Yoast SEO plugin. -->","yoast_head_json":{"title":"Conhe\u00e7a o m\u00f3dulo Emerg\u00eancias Qu\u00edmicas \u2013 Intermedi\u00e1rio da Ambipar","description":"OBJETIVO: Capacitar o profissional em conte\u00fados e pr\u00e1ticas relativas ao atendimento \u00e0 emerg\u00eancias com produtos perigosos.","robots":{"index":"index","follow":"follow","max-snippet":"max-snippet:-1","max-image-preview":"max-image-preview:large","max-video-preview":"max-video-preview:-1"},"canonical":"https:\/\/ambipar.com\/latam\/pt\/ambipar-response\/treinamentos\/brigadas-de-emergencias\/emergencias-quimicas-intermediario\/","og_locale":"es_ES","og_type":"article","og_title":"Conhe\u00e7a o m\u00f3dulo Emerg\u00eancias Qu\u00edmicas \u2013 Intermedi\u00e1rio da Ambipar","og_description":"OBJETIVO: Capacitar o profissional em conte\u00fados e pr\u00e1ticas relativas ao atendimento \u00e0 emerg\u00eancias com produtos perigosos.","og_url":"https:\/\/ambipar.com\/latam\/pt\/ambipar-response\/treinamentos\/brigadas-de-emergencias\/emergencias-quimicas-intermediario\/","og_site_name":"Ambipar. A l\u00edder em gest\u00e3o ambiental.","article_modified_time":"2021-01-15T11:04:28+00:00","og_image":[{"width":1012,"height":1000,"url":"https:\/\/ambipar.com\/latam\/wp-content\/uploads\/2020\/10\/produtoquimico.jpg","type":"image\/jpeg"}],"twitter_card":"summary_large_image","twitter_misc":{"Est. reading time":"1 minuto"},"schema":{"@context":"https:\/\/schema.org","@graph":[{"@type":"Organization","@id":"https:\/\/ambipar.com\/latam\/#organization","name":"Ambipar","url":"https:\/\/ambipar.com\/latam\/","sameAs":[],"logo":{"@type":"ImageObject","@id":"https:\/\/ambipar.com\/latam\/#logo","inLanguage":"es-CL","url":"https:\/\/ambipar.com\/latam\/wp-content\/uploads\/2020\/10\/ambipar_color.png","contentUrl":"https:\/\/ambipar.com\/latam\/wp-content\/uploads\/2020\/10\/ambipar_color.png","width":174,"height":107,"caption":"Ambipar"},"image":{"@id":"https:\/\/ambipar.com\/latam\/#logo"}},{"@type":"WebSite","@id":"https:\/\/ambipar.com\/latam\/#website","url":"https:\/\/ambipar.com\/latam\/","name":"Ambipar. A l\u00edder em gest\u00e3o ambiental.","description":"Pioneira em solu\u00e7\u00f5es ambientais, a Ambipar atua em todo o territ\u00f3rio nacional oferecendo solu\u00e7\u00f5es integradas para toda a cadeia de neg\u00f3cio.","publisher":{"@id":"https:\/\/ambipar.com\/latam\/#organization"},"potentialAction":[{"@type":"SearchAction","target":{"@type":"EntryPoint","urlTemplate":"https:\/\/ambipar.com\/latam\/?s={search_term_string}"},"query-input":"required name=search_term_string"}],"inLanguage":"es-CL"},{"@type":"ImageObject","@id":"https:\/\/ambipar.com\/latam\/pt\/ambipar-response\/treinamentos\/brigadas-de-emergencias\/emergencias-quimicas-intermediario\/#primaryimage","inLanguage":"es-CL","url":"https:\/\/ambipar.com\/latam\/wp-content\/uploads\/2020\/10\/produtoquimico.jpg","contentUrl":"https:\/\/ambipar.com\/latam\/wp-content\/uploads\/2020\/10\/produtoquimico.jpg","width":1012,"height":1000,"caption":"produto qu\u00edmico"},{"@type":"WebPage","@id":"https:\/\/ambipar.com\/latam\/pt\/ambipar-response\/treinamentos\/brigadas-de-emergencias\/emergencias-quimicas-intermediario\/#webpage","url":"https:\/\/ambipar.com\/latam\/pt\/ambipar-response\/treinamentos\/brigadas-de-emergencias\/emergencias-quimicas-intermediario\/","name":"Conhe\u00e7a o m\u00f3dulo Emerg\u00eancias Qu\u00edmicas \u2013 Intermedi\u00e1rio da Ambipar","isPartOf":{"@id":"https:\/\/ambipar.com\/latam\/#website"},"primaryImageOfPage":{"@id":"https:\/\/ambipar.com\/latam\/pt\/ambipar-response\/treinamentos\/brigadas-de-emergencias\/emergencias-quimicas-intermediario\/#primaryimage"},"datePublished":"2020-10-29T14:10:00+00:00","dateModified":"2021-01-15T11:04:28+00:00","description":"OBJETIVO: Capacitar o profissional em conte\u00fados e pr\u00e1ticas relativas ao atendimento \u00e0 emerg\u00eancias com produtos perigosos.","breadcrumb":{"@id":"https:\/\/ambipar.com\/latam\/pt\/ambipar-response\/treinamentos\/brigadas-de-emergencias\/emergencias-quimicas-intermediario\/#breadcrumb"},"inLanguage":"es-CL","potentialAction":[{"@type":"ReadAction","target":["https:\/\/ambipar.com\/latam\/pt\/ambipar-response\/treinamentos\/brigadas-de-emergencias\/emergencias-quimicas-intermediario\/"]}]},{"@type":"BreadcrumbList","@id":"https:\/\/ambipar.com\/latam\/pt\/ambipar-response\/treinamentos\/brigadas-de-emergencias\/emergencias-quimicas-intermediario\/#breadcrumb","itemListElement":[{"@type":"ListItem","position":1,"name":"Home","item":"https:\/\/ambipar.com\/latam\/"},{"@type":"ListItem","position":2,"name":"Ambipar Response","item":"https:\/\/ambipar.com\/latam\/pt\/ambipar-response\/"},{"@type":"ListItem","position":3,"name":"Treinamentos","item":"https:\/\/ambipar.com\/latam\/pt\/ambipar-response\/treinamentos\/"},{"@type":"ListItem","position":4,"name":"Brigadas de Emerg\u00eancias","item":"https:\/\/ambipar.com\/latam\/pt\/ambipar-response\/treinamentos\/brigadas-de-emergencias\/"},{"@type":"ListItem","position":5,"name":"Emerg\u00eancias Qu\u00edmicas \u2013 Intermedi\u00e1rio"}]}]}},"_links":{"self":[{"href":"https:\/\/ambipar.com\/latam\/wp-json\/wp\/v2\/pages\/660"}],"collection":[{"href":"https:\/\/ambipar.com\/latam\/wp-json\/wp\/v2\/pages"}],"about":[{"href":"https:\/\/ambipar.com\/latam\/wp-json\/wp\/v2\/types\/page"}],"author":[{"embeddable":true,"href":"https:\/\/ambipar.com\/latam\/wp-json\/wp\/v2\/users\/2"}],"replies":[{"embeddable":true,"href":"https:\/\/ambipar.com\/latam\/wp-json\/wp\/v2\/comments?post=660"}],"version-history":[{"count":4,"href":"https:\/\/ambipar.com\/latam\/wp-json\/wp\/v2\/pages\/660\/revisions"}],"predecessor-version":[{"id":3201,"href":"https:\/\/ambipar.com\/latam\/wp-json\/wp\/v2\/pages\/660\/revisions\/3201"}],"up":[{"embeddable":true,"href":"https:\/\/ambipar.com\/latam\/wp-json\/wp\/v2\/pages\/625"}],"wp:featuredmedia":[{"embeddable":true,"href":"https:\/\/ambipar.com\/latam\/wp-json\/wp\/v2\/media\/422"}],"wp:attachment":[{"href":"https:\/\/ambipar.com\/latam\/wp-json\/wp\/v2\/media?parent=660"}],"curies":[{"name":"wp","href":"https:\/\/api.w.org\/{rel}","templated":true}]}}