{"id":689,"date":"2020-10-29T12:01:00","date_gmt":"2020-10-29T15:01:00","guid":{"rendered":"https:\/\/ambipar.com\/latam\/?page_id=689"},"modified":"2021-01-15T08:07:31","modified_gmt":"2021-01-15T11:07:31","slug":"primeiros-socorros","status":"publish","type":"page","link":"https:\/\/ambipar.com\/latam\/pt\/ambipar-response\/treinamentos\/brigadas-de-emergencias\/primeiros-socorros\/","title":{"rendered":"Primeiros Socorros"},"content":{"rendered":"\n<p><strong>OBJETIVO: <\/strong><\/p>\n\n\n\n<p>Preparar o profissional na preven\u00e7\u00e3o e combate no princ\u00edpio de inc\u00eandio, abandono de \u00e1rea e primeiros socorros.<\/p>\n\n\n\n<p><strong>P\u00daBLICO ALVO: <\/strong><\/p>\n\n\n\n<p>Profissionais que comp\u00f5e a brigada de inc\u00eandio da empresa.<\/p>\n\n\n\n<p><strong>CONTE\u00daDO PROGRAM\u00c1TICO:<\/strong><\/p>\n\n\n\n<ul><li>Aspectos Legais<\/li><li>Psicologia em emerg\u00eancias<\/li><li>Teoria do fogo<\/li><li>Preven\u00e7\u00e3o de inc\u00eandio<\/li><li>Propaga\u00e7\u00e3o do fogo, classes de Inc\u00eandio e m\u00e9todos de extin\u00e7\u00e3o<\/li><li>Equipamentos de detec\u00e7\u00e3o, alarme, comunica\u00e7\u00e3o e combate a inc\u00eandio<\/li><li>Riscos espec\u00edficos da edifica\u00e7\u00e3o e Plano de Emerg\u00eancia<\/li><li>Emerg\u00eancias qu\u00edmicas e tecnol\u00f3gicas<\/li><li>Avalia\u00e7\u00e3o inicial em Primeiros Socorros e Suporte B\u00e1sico de Vida<\/li><li>Movimenta\u00e7\u00e3o, remo\u00e7\u00e3o e transporte de v\u00edtimas<\/li><li>Exerc\u00edcios Pr\u00e1ticos<\/li><\/ul>\n\n\n\n<p>CARGA HOR\u00c1RIA: 24 horas<\/p>\n\n\n\n<div class=\"wp-block-buttons\">\n<div class=\"wp-block-button\"><a class=\"wp-block-button__link\" href=\"https:\/\/app.smartsheet.com\/b\/form\/57a977c9e30244acbdc17c86e82b5ef9\" target=\"_blank\" rel=\"noreferrer noopener\">SOLICITAR AGENDAMENTO<\/a><\/div>\n<\/div>\n\n\n\n<p>Conhe\u00e7a os outros m\u00f3dulos do treinamento de Brigadas de Emerg\u00eancias:<\/p>\n\n\n\n<ul id=\"block-e8844e6d-ee85-4e33-9a9a-8e6c2b594fc6\"><li><a href=\"https:\/\/ambipar.com\/latam\/ambipar-response\/treinamentos\/brigadas-de-emergencias\/emergencias-quimicas-basico\/\">Emerg\u00eancias Qu\u00edmicas \u2013 B\u00e1sico<\/a><\/li><li><a href=\"https:\/\/ambipar.com\/latam\/ambipar-response\/treinamentos\/brigadas-de-emergencias\/emergencias-quimicas-intermediario\/\">Emerg\u00eancias Qu\u00edmicas \u2013 Intermedi\u00e1rio<\/a><\/li><li><a href=\"https:\/\/ambipar.com\/latam\/ambipar-response\/treinamentos\/brigadas-de-emergencias\/emergencias-quimicas-avancado\/\">Emerg\u00eancias Qu\u00edmicas \u2013 Avan\u00e7ado<\/a><\/li><li><a href=\"https:\/\/ambipar.com\/latam\/ambipar-response\/treinamentos\/brigadas-de-emergencias\/brigadas-de-combate-a-incendio-basico\/\">Brigadas de Combate a Inc\u00eandio \u2013 B\u00e1sico<\/a><\/li><li><a href=\"https:\/\/ambipar.com\/latam\/ambipar-response\/treinamentos\/brigadas-de-emergencias\/brigadas-de-combate-a-incendio-intermediario\/\">Brigadas de Combate a Inc\u00eandio \u2013 Intermedi\u00e1rio<\/a><\/li><li><a href=\"https:\/\/ambipar.com\/latam\/ambipar-response\/treinamentos\/brigadas-de-emergencias\/brigadas-de-combate-a-incendio-avancado\/\">Brigadas de Combate a Inc\u00eandio \u2013 Avan\u00e7ado<\/a><\/li><\/ul>\n","protected":false},"excerpt":{"rendered":"OBJETIVO: Preparar o profissional na preven\u00e7\u00e3o e combate no princ\u00edpio de inc\u00eandio, abandono de \u00e1rea e primeiros socorros. P\u00daBLICO ALVO: Profissionais que comp\u00f5e a brigada de inc\u00eandio da empresa. CONTE\u00daDO PROGRAM\u00c1TICO: Aspectos Legais Psicologia em emerg\u00eancias Teoria do fogo Preven\u00e7\u00e3o de inc\u00eandio Propaga\u00e7\u00e3o do fogo, classes de Inc\u00eandio e m\u00e9todos de extin\u00e7\u00e3o Equipamentos de detec\u00e7\u00e3o,&#8230; <a class=\"view-article\" href=\"https:\/\/ambipar.com\/latam\/pt\/ambipar-response\/treinamentos\/brigadas-de-emergencias\/primeiros-socorros\/\">Ver art\u00edculo<\/a>","protected":false},"author":2,"featured_media":688,"parent":625,"menu_order":0,"comment_status":"closed","ping_status":"closed","template":"single-servicos.php","meta":[],"yoast_head":"<!-- This site is optimized with the Yoast SEO plugin v17.6 - https:\/\/yoast.com\/wordpress\/plugins\/seo\/ -->\n<title>Conhe\u00e7a o treinamento de Primeiros Socorros oferecido pela Ambipar<\/title>\n<meta name=\"description\" content=\"OBJETIVO: Preparar o profissional na preven\u00e7\u00e3o e combate no princ\u00edpio de inc\u00eandio, abandono de \u00e1rea e primeiros socorros.\" \/>\n<meta name=\"robots\" content=\"index, follow, max-snippet:-1, max-image-preview:large, max-video-preview:-1\" \/>\n<link rel=\"canonical\" href=\"https:\/\/ambipar.com\/latam\/pt\/ambipar-response\/treinamentos\/brigadas-de-emergencias\/primeiros-socorros\/\" \/>\n<meta property=\"og:locale\" content=\"es_ES\" \/>\n<meta property=\"og:type\" content=\"article\" \/>\n<meta property=\"og:title\" content=\"Conhe\u00e7a o treinamento de Primeiros Socorros oferecido pela Ambipar\" \/>\n<meta property=\"og:description\" content=\"OBJETIVO: Preparar o profissional na preven\u00e7\u00e3o e combate no princ\u00edpio de inc\u00eandio, abandono de \u00e1rea e primeiros socorros.\" \/>\n<meta property=\"og:url\" content=\"https:\/\/ambipar.com\/latam\/pt\/ambipar-response\/treinamentos\/brigadas-de-emergencias\/primeiros-socorros\/\" \/>\n<meta property=\"og:site_name\" content=\"Ambipar. A l\u00edder em gest\u00e3o ambiental.\" \/>\n<meta property=\"article:modified_time\" content=\"2021-01-15T11:07:31+00:00\" \/>\n<meta property=\"og:image\" content=\"https:\/\/ambipar.com\/latam\/wp-content\/uploads\/2020\/10\/brigada5.jpg\" \/>\n\t<meta property=\"og:image:width\" content=\"1000\" \/>\n\t<meta property=\"og:image:height\" content=\"1000\" \/>\n<meta name=\"twitter:card\" content=\"summary_large_image\" \/>\n<meta name=\"twitter:label1\" content=\"Est. reading time\" \/>\n\t<meta name=\"twitter:data1\" content=\"1 minuto\" \/>\n<script type=\"application\/ld+json\" class=\"yoast-schema-graph\">{\"@context\":\"https:\/\/schema.org\",\"@graph\":[{\"@type\":\"Organization\",\"@id\":\"https:\/\/ambipar.com\/latam\/#organization\",\"name\":\"Ambipar\",\"url\":\"https:\/\/ambipar.com\/latam\/\",\"sameAs\":[],\"logo\":{\"@type\":\"ImageObject\",\"@id\":\"https:\/\/ambipar.com\/latam\/#logo\",\"inLanguage\":\"es-CL\",\"url\":\"https:\/\/ambipar.com\/latam\/wp-content\/uploads\/2020\/10\/ambipar_color.png\",\"contentUrl\":\"https:\/\/ambipar.com\/latam\/wp-content\/uploads\/2020\/10\/ambipar_color.png\",\"width\":174,\"height\":107,\"caption\":\"Ambipar\"},\"image\":{\"@id\":\"https:\/\/ambipar.com\/latam\/#logo\"}},{\"@type\":\"WebSite\",\"@id\":\"https:\/\/ambipar.com\/latam\/#website\",\"url\":\"https:\/\/ambipar.com\/latam\/\",\"name\":\"Ambipar. A l\\u00edder em gest\\u00e3o ambiental.\",\"description\":\"Pioneira em solu\\u00e7\\u00f5es ambientais, a Ambipar atua em todo o territ\\u00f3rio nacional oferecendo solu\\u00e7\\u00f5es integradas para toda a cadeia de neg\\u00f3cio.\",\"publisher\":{\"@id\":\"https:\/\/ambipar.com\/latam\/#organization\"},\"potentialAction\":[{\"@type\":\"SearchAction\",\"target\":{\"@type\":\"EntryPoint\",\"urlTemplate\":\"https:\/\/ambipar.com\/latam\/?s={search_term_string}\"},\"query-input\":\"required name=search_term_string\"}],\"inLanguage\":\"es-CL\"},{\"@type\":\"ImageObject\",\"@id\":\"https:\/\/ambipar.com\/latam\/pt\/ambipar-response\/treinamentos\/brigadas-de-emergencias\/primeiros-socorros\/#primaryimage\",\"inLanguage\":\"es-CL\",\"url\":\"https:\/\/ambipar.com\/latam\/wp-content\/uploads\/2020\/10\/brigada5.jpg\",\"contentUrl\":\"https:\/\/ambipar.com\/latam\/wp-content\/uploads\/2020\/10\/brigada5.jpg\",\"width\":1000,\"height\":1000,\"caption\":\"brigada\"},{\"@type\":\"WebPage\",\"@id\":\"https:\/\/ambipar.com\/latam\/pt\/ambipar-response\/treinamentos\/brigadas-de-emergencias\/primeiros-socorros\/#webpage\",\"url\":\"https:\/\/ambipar.com\/latam\/pt\/ambipar-response\/treinamentos\/brigadas-de-emergencias\/primeiros-socorros\/\",\"name\":\"Conhe\\u00e7a o treinamento de Primeiros Socorros oferecido pela Ambipar\",\"isPartOf\":{\"@id\":\"https:\/\/ambipar.com\/latam\/#website\"},\"primaryImageOfPage\":{\"@id\":\"https:\/\/ambipar.com\/latam\/pt\/ambipar-response\/treinamentos\/brigadas-de-emergencias\/primeiros-socorros\/#primaryimage\"},\"datePublished\":\"2020-10-29T15:01:00+00:00\",\"dateModified\":\"2021-01-15T11:07:31+00:00\",\"description\":\"OBJETIVO: Preparar o profissional na preven\\u00e7\\u00e3o e combate no princ\\u00edpio de inc\\u00eandio, abandono de \\u00e1rea e primeiros socorros.\",\"breadcrumb\":{\"@id\":\"https:\/\/ambipar.com\/latam\/pt\/ambipar-response\/treinamentos\/brigadas-de-emergencias\/primeiros-socorros\/#breadcrumb\"},\"inLanguage\":\"es-CL\",\"potentialAction\":[{\"@type\":\"ReadAction\",\"target\":[\"https:\/\/ambipar.com\/latam\/pt\/ambipar-response\/treinamentos\/brigadas-de-emergencias\/primeiros-socorros\/\"]}]},{\"@type\":\"BreadcrumbList\",\"@id\":\"https:\/\/ambipar.com\/latam\/pt\/ambipar-response\/treinamentos\/brigadas-de-emergencias\/primeiros-socorros\/#breadcrumb\",\"itemListElement\":[{\"@type\":\"ListItem\",\"position\":1,\"name\":\"Home\",\"item\":\"https:\/\/ambipar.com\/latam\/\"},{\"@type\":\"ListItem\",\"position\":2,\"name\":\"Ambipar Response\",\"item\":\"https:\/\/ambipar.com\/latam\/pt\/ambipar-response\/\"},{\"@type\":\"ListItem\",\"position\":3,\"name\":\"Treinamentos\",\"item\":\"https:\/\/ambipar.com\/latam\/pt\/ambipar-response\/treinamentos\/\"},{\"@type\":\"ListItem\",\"position\":4,\"name\":\"Brigadas de Emerg\\u00eancias\",\"item\":\"https:\/\/ambipar.com\/latam\/pt\/ambipar-response\/treinamentos\/brigadas-de-emergencias\/\"},{\"@type\":\"ListItem\",\"position\":5,\"name\":\"Primeiros Socorros\"}]}]}<\/script>\n<!-- \/ Yoast SEO plugin. -->","yoast_head_json":{"title":"Conhe\u00e7a o treinamento de Primeiros Socorros oferecido pela Ambipar","description":"OBJETIVO: Preparar o profissional na preven\u00e7\u00e3o e combate no princ\u00edpio de inc\u00eandio, abandono de \u00e1rea e primeiros socorros.","robots":{"index":"index","follow":"follow","max-snippet":"max-snippet:-1","max-image-preview":"max-image-preview:large","max-video-preview":"max-video-preview:-1"},"canonical":"https:\/\/ambipar.com\/latam\/pt\/ambipar-response\/treinamentos\/brigadas-de-emergencias\/primeiros-socorros\/","og_locale":"es_ES","og_type":"article","og_title":"Conhe\u00e7a o treinamento de Primeiros Socorros oferecido pela Ambipar","og_description":"OBJETIVO: Preparar o profissional na preven\u00e7\u00e3o e combate no princ\u00edpio de inc\u00eandio, abandono de \u00e1rea e primeiros socorros.","og_url":"https:\/\/ambipar.com\/latam\/pt\/ambipar-response\/treinamentos\/brigadas-de-emergencias\/primeiros-socorros\/","og_site_name":"Ambipar. A l\u00edder em gest\u00e3o ambiental.","article_modified_time":"2021-01-15T11:07:31+00:00","og_image":[{"width":1000,"height":1000,"url":"https:\/\/ambipar.com\/latam\/wp-content\/uploads\/2020\/10\/brigada5.jpg","type":"image\/jpeg"}],"twitter_card":"summary_large_image","twitter_misc":{"Est. reading time":"1 minuto"},"schema":{"@context":"https:\/\/schema.org","@graph":[{"@type":"Organization","@id":"https:\/\/ambipar.com\/latam\/#organization","name":"Ambipar","url":"https:\/\/ambipar.com\/latam\/","sameAs":[],"logo":{"@type":"ImageObject","@id":"https:\/\/ambipar.com\/latam\/#logo","inLanguage":"es-CL","url":"https:\/\/ambipar.com\/latam\/wp-content\/uploads\/2020\/10\/ambipar_color.png","contentUrl":"https:\/\/ambipar.com\/latam\/wp-content\/uploads\/2020\/10\/ambipar_color.png","width":174,"height":107,"caption":"Ambipar"},"image":{"@id":"https:\/\/ambipar.com\/latam\/#logo"}},{"@type":"WebSite","@id":"https:\/\/ambipar.com\/latam\/#website","url":"https:\/\/ambipar.com\/latam\/","name":"Ambipar. A l\u00edder em gest\u00e3o ambiental.","description":"Pioneira em solu\u00e7\u00f5es ambientais, a Ambipar atua em todo o territ\u00f3rio nacional oferecendo solu\u00e7\u00f5es integradas para toda a cadeia de neg\u00f3cio.","publisher":{"@id":"https:\/\/ambipar.com\/latam\/#organization"},"potentialAction":[{"@type":"SearchAction","target":{"@type":"EntryPoint","urlTemplate":"https:\/\/ambipar.com\/latam\/?s={search_term_string}"},"query-input":"required name=search_term_string"}],"inLanguage":"es-CL"},{"@type":"ImageObject","@id":"https:\/\/ambipar.com\/latam\/pt\/ambipar-response\/treinamentos\/brigadas-de-emergencias\/primeiros-socorros\/#primaryimage","inLanguage":"es-CL","url":"https:\/\/ambipar.com\/latam\/wp-content\/uploads\/2020\/10\/brigada5.jpg","contentUrl":"https:\/\/ambipar.com\/latam\/wp-content\/uploads\/2020\/10\/brigada5.jpg","width":1000,"height":1000,"caption":"brigada"},{"@type":"WebPage","@id":"https:\/\/ambipar.com\/latam\/pt\/ambipar-response\/treinamentos\/brigadas-de-emergencias\/primeiros-socorros\/#webpage","url":"https:\/\/ambipar.com\/latam\/pt\/ambipar-response\/treinamentos\/brigadas-de-emergencias\/primeiros-socorros\/","name":"Conhe\u00e7a o treinamento de Primeiros Socorros oferecido pela Ambipar","isPartOf":{"@id":"https:\/\/ambipar.com\/latam\/#website"},"primaryImageOfPage":{"@id":"https:\/\/ambipar.com\/latam\/pt\/ambipar-response\/treinamentos\/brigadas-de-emergencias\/primeiros-socorros\/#primaryimage"},"datePublished":"2020-10-29T15:01:00+00:00","dateModified":"2021-01-15T11:07:31+00:00","description":"OBJETIVO: Preparar o profissional na preven\u00e7\u00e3o e combate no princ\u00edpio de inc\u00eandio, abandono de \u00e1rea e primeiros socorros.","breadcrumb":{"@id":"https:\/\/ambipar.com\/latam\/pt\/ambipar-response\/treinamentos\/brigadas-de-emergencias\/primeiros-socorros\/#breadcrumb"},"inLanguage":"es-CL","potentialAction":[{"@type":"ReadAction","target":["https:\/\/ambipar.com\/latam\/pt\/ambipar-response\/treinamentos\/brigadas-de-emergencias\/primeiros-socorros\/"]}]},{"@type":"BreadcrumbList","@id":"https:\/\/ambipar.com\/latam\/pt\/ambipar-response\/treinamentos\/brigadas-de-emergencias\/primeiros-socorros\/#breadcrumb","itemListElement":[{"@type":"ListItem","position":1,"name":"Home","item":"https:\/\/ambipar.com\/latam\/"},{"@type":"ListItem","position":2,"name":"Ambipar Response","item":"https:\/\/ambipar.com\/latam\/pt\/ambipar-response\/"},{"@type":"ListItem","position":3,"name":"Treinamentos","item":"https:\/\/ambipar.com\/latam\/pt\/ambipar-response\/treinamentos\/"},{"@type":"ListItem","position":4,"name":"Brigadas de Emerg\u00eancias","item":"https:\/\/ambipar.com\/latam\/pt\/ambipar-response\/treinamentos\/brigadas-de-emergencias\/"},{"@type":"ListItem","position":5,"name":"Primeiros Socorros"}]}]}},"_links":{"self":[{"href":"https:\/\/ambipar.com\/latam\/wp-json\/wp\/v2\/pages\/689"}],"collection":[{"href":"https:\/\/ambipar.com\/latam\/wp-json\/wp\/v2\/pages"}],"about":[{"href":"https:\/\/ambipar.com\/latam\/wp-json\/wp\/v2\/types\/page"}],"author":[{"embeddable":true,"href":"https:\/\/ambipar.com\/latam\/wp-json\/wp\/v2\/users\/2"}],"replies":[{"embeddable":true,"href":"https:\/\/ambipar.com\/latam\/wp-json\/wp\/v2\/comments?post=689"}],"version-history":[{"count":5,"href":"https:\/\/ambipar.com\/latam\/wp-json\/wp\/v2\/pages\/689\/revisions"}],"predecessor-version":[{"id":3206,"href":"https:\/\/ambipar.com\/latam\/wp-json\/wp\/v2\/pages\/689\/revisions\/3206"}],"up":[{"embeddable":true,"href":"https:\/\/ambipar.com\/latam\/wp-json\/wp\/v2\/pages\/625"}],"wp:featuredmedia":[{"embeddable":true,"href":"https:\/\/ambipar.com\/latam\/wp-json\/wp\/v2\/media\/688"}],"wp:attachment":[{"href":"https:\/\/ambipar.com\/latam\/wp-json\/wp\/v2\/media?parent=689"}],"curies":[{"name":"wp","href":"https:\/\/api.w.org\/{rel}","templated":true}]}}