{"id":713,"date":"2020-10-31T05:29:10","date_gmt":"2020-10-31T08:29:10","guid":{"rendered":"https:\/\/ambipar.com\/latam\/?page_id=713"},"modified":"2021-01-05T21:12:36","modified_gmt":"2021-01-06T00:12:36","slug":"nrs","status":"publish","type":"page","link":"https:\/\/ambipar.com\/latam\/pt\/ambipar-response\/treinamentos\/nrs\/","title":{"rendered":"NR\u2019S"},"content":{"rendered":"\n<p>Estes cursos atendem e excedem os requisitos de Seguran\u00e7a Ocupacional referente \u00e0s Normas Regulamentadoras (NR) Brasileiras e Internacionais.<\/p>\n\n\n\n<ul id=\"block-ca2cee68-bd2d-431c-89ac-0683ec916488\"><li><a href=\"https:\/\/ambipar.com\/latam\/ambipar-response\/treinamentos\/nrs\/nr-10-seguranca-com-eletricidade-basico\/\">NR 10 &#8211; Seguran\u00e7a com Eletricidade &#8211; B\u00e1sico<\/a><\/li><li><a href=\"https:\/\/ambipar.com\/latam\/ambipar-response\/treinamentos\/nrs\/nr-10-sistema-eletrico-de-potencia-sep\/\">NR 10 \u2013 Sistema El\u00e9trico de Potencia (SEP)<\/a><\/li><li><a href=\"https:\/\/ambipar.com\/latam\/ambipar-response\/treinamentos\/nrs\/nr-20-seguranca-no-trabalho-com-inflamaveis-e-combustiveis-basico\/\">NR 20 &#8211; Seguran\u00e7a no Trabalho com Inflam\u00e1veis e Combust\u00edveis \u2013 B\u00e1sico<\/a><\/li><li><a href=\"https:\/\/ambipar.com\/latam\/ambipar-response\/treinamentos\/nrs\/nr-20-seguranca-no-trabalho-com-inflamaveis-e-combustiveis-intermediario\/\">NR 20 &#8211; Seguran\u00e7a no Trabalho com Inflam\u00e1veis e Combust\u00edveis \u2013 Intermedi\u00e1rio<\/a><\/li><li><a href=\"https:\/\/ambipar.com\/latam\/ambipar-response\/treinamentos\/nrs\/nr-20-seguranca-no-trabalho-com-inflamaveis-e-combustiveis-avancado\/\">NR 20 &#8211; Seguran\u00e7a no Trabalho com Inflam\u00e1veis e Combust\u00edveis \u2013 Avan\u00e7ado<\/a><\/li><li><a href=\"https:\/\/ambipar.com\/latam\/ambipar-response\/treinamentos\/nrs\/nr-33-espacos-confinados-autorizados-e-vigias\/\">NR 33 &#8211; Espa\u00e7os Confinados \u2013 Autorizados e Vigias<\/a><\/li><li><a href=\"https:\/\/ambipar.com\/latam\/ambipar-response\/treinamentos\/nrs\/nr-33-espacos-confinados-supervisor\/\">NR 33 &#8211; Espa\u00e7os Confinados \u2013 Supervisor<\/a><\/li><li><a href=\"https:\/\/ambipar.com\/latam\/ambipar-response\/treinamentos\/nrs\/trabalho-em-altura\/\">NR 35 &#8211; Trabalho em Altura<\/a><\/li><\/ul>\n\n\n\n<p>Os treinamentos possuem validades conforme NR e para cada um dos cursos ministramos reciclagem.<\/p>\n\n\n\n<p>Veja tamb\u00e9m:<\/p>\n\n\n\n<ul id=\"block-5caddda0-a14d-4bcf-ae65-cd8fca818840\"><li><a href=\"https:\/\/ambipar.com\/latam\/ambipar-response\/treinamentos\/hazmat\/\">HAZMAT<\/a><\/li><li><a href=\"https:\/\/ambipar.com\/latam\/ambipar-response\/treinamentos\/oil-spill\/\">Oil Spill<\/a><\/li><li><a href=\"https:\/\/ambipar.com\/latam\/ambipar-response\/treinamentos\/brigadas-de-emergencias\/\">Brigadas de Emerg\u00eancias<\/a><\/li><li><a href=\"https:\/\/ambipar.com\/latam\/ambipar-response\/treinamentos\/armazenamento-e-transporte-de-produtos-perigosos\/\">Armazenamento e Transporte de Produtos Perigosos<\/a><\/li><li><a href=\"https:\/\/ambipar.com\/latam\/ambipar-response\/treinamentos\/equipamentos-simuladores\/\">Equipamentos Simuladores<\/a><\/li><li><a href=\"https:\/\/ambipar.com\/latam\/ambipar-response\/treinamentos\/exercicios-simulados\/\">Exerc\u00edcios Simulados<\/a><\/li><li><a href=\"https:\/\/ambipar.com\/latam\/ambipar-response\/treinamentos\/ead\/\">EAD<\/a><\/li><li><a href=\"\/ambipar-response\/treinamentos\/cronograma-2021\/\">Cronograma 2021<\/a><\/li><\/ul>\n","protected":false},"excerpt":{"rendered":"Estes cursos atendem e excedem os requisitos de Seguran\u00e7a Ocupacional referente \u00e0s Normas Regulamentadoras (NR) Brasileiras e Internacionais. NR 10 &#8211; Seguran\u00e7a com Eletricidade &#8211; B\u00e1sico NR 10 \u2013 Sistema El\u00e9trico de Potencia (SEP) NR 20 &#8211; Seguran\u00e7a no Trabalho com Inflam\u00e1veis e Combust\u00edveis \u2013 B\u00e1sico NR 20 &#8211; Seguran\u00e7a no Trabalho com Inflam\u00e1veis e&#8230; <a class=\"view-article\" href=\"https:\/\/ambipar.com\/latam\/pt\/ambipar-response\/treinamentos\/nrs\/\">Ver art\u00edculo<\/a>","protected":false},"author":2,"featured_media":868,"parent":533,"menu_order":0,"comment_status":"closed","ping_status":"closed","template":"single-servicos.php","meta":[],"yoast_head":"<!-- This site is optimized with the Yoast SEO plugin v17.6 - https:\/\/yoast.com\/wordpress\/plugins\/seo\/ -->\n<title>Conhe\u00e7a os cursos NR\u2019S oferecidos pela Ambipar Response<\/title>\n<meta name=\"description\" content=\"Estes cursos atendem e excedem os requisitos de Seguran\u00e7a Ocupacional referente \u00e0s Normas Regulamentadoras (NR) Brasileiras e Internacionais.\" \/>\n<meta name=\"robots\" content=\"index, follow, max-snippet:-1, max-image-preview:large, max-video-preview:-1\" \/>\n<link rel=\"canonical\" href=\"https:\/\/ambipar.com\/latam\/pt\/ambipar-response\/treinamentos\/nrs\/\" \/>\n<meta property=\"og:locale\" content=\"es_ES\" \/>\n<meta property=\"og:type\" content=\"article\" \/>\n<meta property=\"og:title\" content=\"Conhe\u00e7a os cursos NR\u2019S oferecidos pela Ambipar Response\" \/>\n<meta property=\"og:description\" content=\"Estes cursos atendem e excedem os requisitos de Seguran\u00e7a Ocupacional referente \u00e0s Normas Regulamentadoras (NR) Brasileiras e Internacionais.\" \/>\n<meta property=\"og:url\" content=\"https:\/\/ambipar.com\/latam\/pt\/ambipar-response\/treinamentos\/nrs\/\" \/>\n<meta property=\"og:site_name\" content=\"Ambipar. A l\u00edder em gest\u00e3o ambiental.\" \/>\n<meta property=\"article:modified_time\" content=\"2021-01-06T00:12:36+00:00\" \/>\n<meta property=\"og:image\" content=\"https:\/\/ambipar.com\/latam\/wp-content\/uploads\/2020\/10\/NR1.jpg\" \/>\n\t<meta property=\"og:image:width\" content=\"1000\" \/>\n\t<meta property=\"og:image:height\" content=\"1004\" \/>\n<meta name=\"twitter:card\" content=\"summary_large_image\" \/>\n<meta name=\"twitter:label1\" content=\"Est. reading time\" \/>\n\t<meta name=\"twitter:data1\" content=\"1 minuto\" \/>\n<script type=\"application\/ld+json\" class=\"yoast-schema-graph\">{\"@context\":\"https:\/\/schema.org\",\"@graph\":[{\"@type\":\"Organization\",\"@id\":\"https:\/\/ambipar.com\/latam\/#organization\",\"name\":\"Ambipar\",\"url\":\"https:\/\/ambipar.com\/latam\/\",\"sameAs\":[],\"logo\":{\"@type\":\"ImageObject\",\"@id\":\"https:\/\/ambipar.com\/latam\/#logo\",\"inLanguage\":\"es-CL\",\"url\":\"https:\/\/ambipar.com\/latam\/wp-content\/uploads\/2020\/10\/ambipar_color.png\",\"contentUrl\":\"https:\/\/ambipar.com\/latam\/wp-content\/uploads\/2020\/10\/ambipar_color.png\",\"width\":174,\"height\":107,\"caption\":\"Ambipar\"},\"image\":{\"@id\":\"https:\/\/ambipar.com\/latam\/#logo\"}},{\"@type\":\"WebSite\",\"@id\":\"https:\/\/ambipar.com\/latam\/#website\",\"url\":\"https:\/\/ambipar.com\/latam\/\",\"name\":\"Ambipar. A l\\u00edder em gest\\u00e3o ambiental.\",\"description\":\"Pioneira em solu\\u00e7\\u00f5es ambientais, a Ambipar atua em todo o territ\\u00f3rio nacional oferecendo solu\\u00e7\\u00f5es integradas para toda a cadeia de neg\\u00f3cio.\",\"publisher\":{\"@id\":\"https:\/\/ambipar.com\/latam\/#organization\"},\"potentialAction\":[{\"@type\":\"SearchAction\",\"target\":{\"@type\":\"EntryPoint\",\"urlTemplate\":\"https:\/\/ambipar.com\/latam\/?s={search_term_string}\"},\"query-input\":\"required name=search_term_string\"}],\"inLanguage\":\"es-CL\"},{\"@type\":\"ImageObject\",\"@id\":\"https:\/\/ambipar.com\/latam\/pt\/ambipar-response\/treinamentos\/nrs\/#primaryimage\",\"inLanguage\":\"es-CL\",\"url\":\"https:\/\/ambipar.com\/latam\/wp-content\/uploads\/2020\/10\/NR1.jpg\",\"contentUrl\":\"https:\/\/ambipar.com\/latam\/wp-content\/uploads\/2020\/10\/NR1.jpg\",\"width\":1000,\"height\":1004,\"caption\":\"NR1\"},{\"@type\":\"WebPage\",\"@id\":\"https:\/\/ambipar.com\/latam\/pt\/ambipar-response\/treinamentos\/nrs\/#webpage\",\"url\":\"https:\/\/ambipar.com\/latam\/pt\/ambipar-response\/treinamentos\/nrs\/\",\"name\":\"Conhe\\u00e7a os cursos NR\\u2019S oferecidos pela Ambipar Response\",\"isPartOf\":{\"@id\":\"https:\/\/ambipar.com\/latam\/#website\"},\"primaryImageOfPage\":{\"@id\":\"https:\/\/ambipar.com\/latam\/pt\/ambipar-response\/treinamentos\/nrs\/#primaryimage\"},\"datePublished\":\"2020-10-31T08:29:10+00:00\",\"dateModified\":\"2021-01-06T00:12:36+00:00\",\"description\":\"Estes cursos atendem e excedem os requisitos de Seguran\\u00e7a Ocupacional referente \\u00e0s Normas Regulamentadoras (NR) Brasileiras e Internacionais.\",\"breadcrumb\":{\"@id\":\"https:\/\/ambipar.com\/latam\/pt\/ambipar-response\/treinamentos\/nrs\/#breadcrumb\"},\"inLanguage\":\"es-CL\",\"potentialAction\":[{\"@type\":\"ReadAction\",\"target\":[\"https:\/\/ambipar.com\/latam\/pt\/ambipar-response\/treinamentos\/nrs\/\"]}]},{\"@type\":\"BreadcrumbList\",\"@id\":\"https:\/\/ambipar.com\/latam\/pt\/ambipar-response\/treinamentos\/nrs\/#breadcrumb\",\"itemListElement\":[{\"@type\":\"ListItem\",\"position\":1,\"name\":\"Home\",\"item\":\"https:\/\/ambipar.com\/latam\/\"},{\"@type\":\"ListItem\",\"position\":2,\"name\":\"Ambipar Response\",\"item\":\"https:\/\/ambipar.com\/latam\/pt\/ambipar-response\/\"},{\"@type\":\"ListItem\",\"position\":3,\"name\":\"Treinamentos\",\"item\":\"https:\/\/ambipar.com\/latam\/pt\/ambipar-response\/treinamentos\/\"},{\"@type\":\"ListItem\",\"position\":4,\"name\":\"NR\\u2019S\"}]}]}<\/script>\n<!-- \/ Yoast SEO plugin. -->","yoast_head_json":{"title":"Conhe\u00e7a os cursos NR\u2019S oferecidos pela Ambipar Response","description":"Estes cursos atendem e excedem os requisitos de Seguran\u00e7a Ocupacional referente \u00e0s Normas Regulamentadoras (NR) Brasileiras e Internacionais.","robots":{"index":"index","follow":"follow","max-snippet":"max-snippet:-1","max-image-preview":"max-image-preview:large","max-video-preview":"max-video-preview:-1"},"canonical":"https:\/\/ambipar.com\/latam\/pt\/ambipar-response\/treinamentos\/nrs\/","og_locale":"es_ES","og_type":"article","og_title":"Conhe\u00e7a os cursos NR\u2019S oferecidos pela Ambipar Response","og_description":"Estes cursos atendem e excedem os requisitos de Seguran\u00e7a Ocupacional referente \u00e0s Normas Regulamentadoras (NR) Brasileiras e Internacionais.","og_url":"https:\/\/ambipar.com\/latam\/pt\/ambipar-response\/treinamentos\/nrs\/","og_site_name":"Ambipar. A l\u00edder em gest\u00e3o ambiental.","article_modified_time":"2021-01-06T00:12:36+00:00","og_image":[{"width":1000,"height":1004,"url":"https:\/\/ambipar.com\/latam\/wp-content\/uploads\/2020\/10\/NR1.jpg","type":"image\/jpeg"}],"twitter_card":"summary_large_image","twitter_misc":{"Est. reading time":"1 minuto"},"schema":{"@context":"https:\/\/schema.org","@graph":[{"@type":"Organization","@id":"https:\/\/ambipar.com\/latam\/#organization","name":"Ambipar","url":"https:\/\/ambipar.com\/latam\/","sameAs":[],"logo":{"@type":"ImageObject","@id":"https:\/\/ambipar.com\/latam\/#logo","inLanguage":"es-CL","url":"https:\/\/ambipar.com\/latam\/wp-content\/uploads\/2020\/10\/ambipar_color.png","contentUrl":"https:\/\/ambipar.com\/latam\/wp-content\/uploads\/2020\/10\/ambipar_color.png","width":174,"height":107,"caption":"Ambipar"},"image":{"@id":"https:\/\/ambipar.com\/latam\/#logo"}},{"@type":"WebSite","@id":"https:\/\/ambipar.com\/latam\/#website","url":"https:\/\/ambipar.com\/latam\/","name":"Ambipar. A l\u00edder em gest\u00e3o ambiental.","description":"Pioneira em solu\u00e7\u00f5es ambientais, a Ambipar atua em todo o territ\u00f3rio nacional oferecendo solu\u00e7\u00f5es integradas para toda a cadeia de neg\u00f3cio.","publisher":{"@id":"https:\/\/ambipar.com\/latam\/#organization"},"potentialAction":[{"@type":"SearchAction","target":{"@type":"EntryPoint","urlTemplate":"https:\/\/ambipar.com\/latam\/?s={search_term_string}"},"query-input":"required name=search_term_string"}],"inLanguage":"es-CL"},{"@type":"ImageObject","@id":"https:\/\/ambipar.com\/latam\/pt\/ambipar-response\/treinamentos\/nrs\/#primaryimage","inLanguage":"es-CL","url":"https:\/\/ambipar.com\/latam\/wp-content\/uploads\/2020\/10\/NR1.jpg","contentUrl":"https:\/\/ambipar.com\/latam\/wp-content\/uploads\/2020\/10\/NR1.jpg","width":1000,"height":1004,"caption":"NR1"},{"@type":"WebPage","@id":"https:\/\/ambipar.com\/latam\/pt\/ambipar-response\/treinamentos\/nrs\/#webpage","url":"https:\/\/ambipar.com\/latam\/pt\/ambipar-response\/treinamentos\/nrs\/","name":"Conhe\u00e7a os cursos NR\u2019S oferecidos pela Ambipar Response","isPartOf":{"@id":"https:\/\/ambipar.com\/latam\/#website"},"primaryImageOfPage":{"@id":"https:\/\/ambipar.com\/latam\/pt\/ambipar-response\/treinamentos\/nrs\/#primaryimage"},"datePublished":"2020-10-31T08:29:10+00:00","dateModified":"2021-01-06T00:12:36+00:00","description":"Estes cursos atendem e excedem os requisitos de Seguran\u00e7a Ocupacional referente \u00e0s Normas Regulamentadoras (NR) Brasileiras e Internacionais.","breadcrumb":{"@id":"https:\/\/ambipar.com\/latam\/pt\/ambipar-response\/treinamentos\/nrs\/#breadcrumb"},"inLanguage":"es-CL","potentialAction":[{"@type":"ReadAction","target":["https:\/\/ambipar.com\/latam\/pt\/ambipar-response\/treinamentos\/nrs\/"]}]},{"@type":"BreadcrumbList","@id":"https:\/\/ambipar.com\/latam\/pt\/ambipar-response\/treinamentos\/nrs\/#breadcrumb","itemListElement":[{"@type":"ListItem","position":1,"name":"Home","item":"https:\/\/ambipar.com\/latam\/"},{"@type":"ListItem","position":2,"name":"Ambipar Response","item":"https:\/\/ambipar.com\/latam\/pt\/ambipar-response\/"},{"@type":"ListItem","position":3,"name":"Treinamentos","item":"https:\/\/ambipar.com\/latam\/pt\/ambipar-response\/treinamentos\/"},{"@type":"ListItem","position":4,"name":"NR\u2019S"}]}]}},"_links":{"self":[{"href":"https:\/\/ambipar.com\/latam\/wp-json\/wp\/v2\/pages\/713"}],"collection":[{"href":"https:\/\/ambipar.com\/latam\/wp-json\/wp\/v2\/pages"}],"about":[{"href":"https:\/\/ambipar.com\/latam\/wp-json\/wp\/v2\/types\/page"}],"author":[{"embeddable":true,"href":"https:\/\/ambipar.com\/latam\/wp-json\/wp\/v2\/users\/2"}],"replies":[{"embeddable":true,"href":"https:\/\/ambipar.com\/latam\/wp-json\/wp\/v2\/comments?post=713"}],"version-history":[{"count":4,"href":"https:\/\/ambipar.com\/latam\/wp-json\/wp\/v2\/pages\/713\/revisions"}],"predecessor-version":[{"id":3034,"href":"https:\/\/ambipar.com\/latam\/wp-json\/wp\/v2\/pages\/713\/revisions\/3034"}],"up":[{"embeddable":true,"href":"https:\/\/ambipar.com\/latam\/wp-json\/wp\/v2\/pages\/533"}],"wp:featuredmedia":[{"embeddable":true,"href":"https:\/\/ambipar.com\/latam\/wp-json\/wp\/v2\/media\/868"}],"wp:attachment":[{"href":"https:\/\/ambipar.com\/latam\/wp-json\/wp\/v2\/media?parent=713"}],"curies":[{"name":"wp","href":"https:\/\/api.w.org\/{rel}","templated":true}]}}