{"id":726,"date":"2020-10-31T10:54:33","date_gmt":"2020-10-31T13:54:33","guid":{"rendered":"https:\/\/ambipar.com\/latam\/?page_id=726"},"modified":"2020-11-06T09:12:27","modified_gmt":"2020-11-06T12:12:27","slug":"industrias-cimenticias","status":"publish","type":"page","link":"https:\/\/ambipar.com\/latam\/pt\/segmentos\/industrias-cimenticias\/","title":{"rendered":"Ind\u00fastrias Ciment\u00edcias"},"content":{"rendered":"","protected":false},"excerpt":{"rendered":"","protected":false},"author":1,"featured_media":727,"parent":23,"menu_order":0,"comment_status":"closed","ping_status":"closed","template":"single-segmento.php","meta":[],"yoast_head":"<!-- This site is optimized with the Yoast SEO plugin v17.6 - https:\/\/yoast.com\/wordpress\/plugins\/seo\/ -->\n<title>Veja o que a Ambipar pode oferecer pro setor de Ind\u00fastrias Ciment\u00edcias<\/title>\n<meta name=\"description\" content=\"Conhe\u00e7a todos os servi\u00e7os de gest\u00e3o ambiental dispon\u00edveis da Environment Services e Emergency Response para o segmento de Ferrovias\" \/>\n<meta name=\"robots\" content=\"index, follow, max-snippet:-1, max-image-preview:large, max-video-preview:-1\" \/>\n<link rel=\"canonical\" href=\"https:\/\/ambipar.com\/latam\/pt\/segmentos\/industrias-cimenticias\/\" \/>\n<meta property=\"og:locale\" content=\"es_ES\" \/>\n<meta property=\"og:type\" content=\"article\" \/>\n<meta property=\"og:title\" content=\"Veja o que a Ambipar pode oferecer pro setor de Ind\u00fastrias Ciment\u00edcias\" \/>\n<meta property=\"og:description\" content=\"Conhe\u00e7a todos os servi\u00e7os de gest\u00e3o ambiental dispon\u00edveis da Environment Services e Emergency Response para o segmento de Ferrovias\" \/>\n<meta property=\"og:url\" content=\"https:\/\/ambipar.com\/latam\/pt\/segmentos\/industrias-cimenticias\/\" \/>\n<meta property=\"og:site_name\" content=\"Ambipar. A l\u00edder em gest\u00e3o ambiental.\" \/>\n<meta property=\"article:modified_time\" content=\"2020-11-06T12:12:27+00:00\" \/>\n<meta property=\"og:image\" content=\"https:\/\/ambipar.com\/latam\/wp-content\/uploads\/2020\/10\/industrias-cimenticias.jpg\" \/>\n\t<meta property=\"og:image:width\" content=\"1920\" \/>\n\t<meta property=\"og:image:height\" content=\"480\" \/>\n<meta name=\"twitter:card\" content=\"summary_large_image\" \/>\n<script type=\"application\/ld+json\" class=\"yoast-schema-graph\">{\"@context\":\"https:\/\/schema.org\",\"@graph\":[{\"@type\":\"Organization\",\"@id\":\"https:\/\/ambipar.com\/latam\/#organization\",\"name\":\"Ambipar\",\"url\":\"https:\/\/ambipar.com\/latam\/\",\"sameAs\":[],\"logo\":{\"@type\":\"ImageObject\",\"@id\":\"https:\/\/ambipar.com\/latam\/#logo\",\"inLanguage\":\"es-CL\",\"url\":\"https:\/\/ambipar.com\/latam\/wp-content\/uploads\/2020\/10\/ambipar_color.png\",\"contentUrl\":\"https:\/\/ambipar.com\/latam\/wp-content\/uploads\/2020\/10\/ambipar_color.png\",\"width\":174,\"height\":107,\"caption\":\"Ambipar\"},\"image\":{\"@id\":\"https:\/\/ambipar.com\/latam\/#logo\"}},{\"@type\":\"WebSite\",\"@id\":\"https:\/\/ambipar.com\/latam\/#website\",\"url\":\"https:\/\/ambipar.com\/latam\/\",\"name\":\"Ambipar. A l\\u00edder em gest\\u00e3o ambiental.\",\"description\":\"Pioneira em solu\\u00e7\\u00f5es ambientais, a Ambipar atua em todo o territ\\u00f3rio nacional oferecendo solu\\u00e7\\u00f5es integradas para toda a cadeia de neg\\u00f3cio.\",\"publisher\":{\"@id\":\"https:\/\/ambipar.com\/latam\/#organization\"},\"potentialAction\":[{\"@type\":\"SearchAction\",\"target\":{\"@type\":\"EntryPoint\",\"urlTemplate\":\"https:\/\/ambipar.com\/latam\/?s={search_term_string}\"},\"query-input\":\"required name=search_term_string\"}],\"inLanguage\":\"es-CL\"},{\"@type\":\"ImageObject\",\"@id\":\"https:\/\/ambipar.com\/latam\/pt\/segmentos\/industrias-cimenticias\/#primaryimage\",\"inLanguage\":\"es-CL\",\"url\":\"https:\/\/ambipar.com\/latam\/wp-content\/uploads\/2020\/10\/industrias-cimenticias.jpg\",\"contentUrl\":\"https:\/\/ambipar.com\/latam\/wp-content\/uploads\/2020\/10\/industrias-cimenticias.jpg\",\"width\":1920,\"height\":480,\"caption\":\"ind\\u00fastrias ciment\\u00edcias\"},{\"@type\":\"WebPage\",\"@id\":\"https:\/\/ambipar.com\/latam\/pt\/segmentos\/industrias-cimenticias\/#webpage\",\"url\":\"https:\/\/ambipar.com\/latam\/pt\/segmentos\/industrias-cimenticias\/\",\"name\":\"Veja o que a Ambipar pode oferecer pro setor de Ind\\u00fastrias Ciment\\u00edcias\",\"isPartOf\":{\"@id\":\"https:\/\/ambipar.com\/latam\/#website\"},\"primaryImageOfPage\":{\"@id\":\"https:\/\/ambipar.com\/latam\/pt\/segmentos\/industrias-cimenticias\/#primaryimage\"},\"datePublished\":\"2020-10-31T13:54:33+00:00\",\"dateModified\":\"2020-11-06T12:12:27+00:00\",\"description\":\"Conhe\\u00e7a todos os servi\\u00e7os de gest\\u00e3o ambiental dispon\\u00edveis da Environment Services e Emergency Response para o segmento de Ferrovias\",\"breadcrumb\":{\"@id\":\"https:\/\/ambipar.com\/latam\/pt\/segmentos\/industrias-cimenticias\/#breadcrumb\"},\"inLanguage\":\"es-CL\",\"potentialAction\":[{\"@type\":\"ReadAction\",\"target\":[\"https:\/\/ambipar.com\/latam\/pt\/segmentos\/industrias-cimenticias\/\"]}]},{\"@type\":\"BreadcrumbList\",\"@id\":\"https:\/\/ambipar.com\/latam\/pt\/segmentos\/industrias-cimenticias\/#breadcrumb\",\"itemListElement\":[{\"@type\":\"ListItem\",\"position\":1,\"name\":\"Home\",\"item\":\"https:\/\/ambipar.com\/latam\/\"},{\"@type\":\"ListItem\",\"position\":2,\"name\":\"Segmentos\",\"item\":\"https:\/\/ambipar.com\/latam\/pt\/segmentos\/\"},{\"@type\":\"ListItem\",\"position\":3,\"name\":\"Ind\\u00fastrias Ciment\\u00edcias\"}]}]}<\/script>\n<!-- \/ Yoast SEO plugin. -->","yoast_head_json":{"title":"Veja o que a Ambipar pode oferecer pro setor de Ind\u00fastrias Ciment\u00edcias","description":"Conhe\u00e7a todos os servi\u00e7os de gest\u00e3o ambiental dispon\u00edveis da Environment Services e Emergency Response para o segmento de Ferrovias","robots":{"index":"index","follow":"follow","max-snippet":"max-snippet:-1","max-image-preview":"max-image-preview:large","max-video-preview":"max-video-preview:-1"},"canonical":"https:\/\/ambipar.com\/latam\/pt\/segmentos\/industrias-cimenticias\/","og_locale":"es_ES","og_type":"article","og_title":"Veja o que a Ambipar pode oferecer pro setor de Ind\u00fastrias Ciment\u00edcias","og_description":"Conhe\u00e7a todos os servi\u00e7os de gest\u00e3o ambiental dispon\u00edveis da Environment Services e Emergency Response para o segmento de Ferrovias","og_url":"https:\/\/ambipar.com\/latam\/pt\/segmentos\/industrias-cimenticias\/","og_site_name":"Ambipar. A l\u00edder em gest\u00e3o ambiental.","article_modified_time":"2020-11-06T12:12:27+00:00","og_image":[{"width":1920,"height":480,"url":"https:\/\/ambipar.com\/latam\/wp-content\/uploads\/2020\/10\/industrias-cimenticias.jpg","type":"image\/jpeg"}],"twitter_card":"summary_large_image","schema":{"@context":"https:\/\/schema.org","@graph":[{"@type":"Organization","@id":"https:\/\/ambipar.com\/latam\/#organization","name":"Ambipar","url":"https:\/\/ambipar.com\/latam\/","sameAs":[],"logo":{"@type":"ImageObject","@id":"https:\/\/ambipar.com\/latam\/#logo","inLanguage":"es-CL","url":"https:\/\/ambipar.com\/latam\/wp-content\/uploads\/2020\/10\/ambipar_color.png","contentUrl":"https:\/\/ambipar.com\/latam\/wp-content\/uploads\/2020\/10\/ambipar_color.png","width":174,"height":107,"caption":"Ambipar"},"image":{"@id":"https:\/\/ambipar.com\/latam\/#logo"}},{"@type":"WebSite","@id":"https:\/\/ambipar.com\/latam\/#website","url":"https:\/\/ambipar.com\/latam\/","name":"Ambipar. A l\u00edder em gest\u00e3o ambiental.","description":"Pioneira em solu\u00e7\u00f5es ambientais, a Ambipar atua em todo o territ\u00f3rio nacional oferecendo solu\u00e7\u00f5es integradas para toda a cadeia de neg\u00f3cio.","publisher":{"@id":"https:\/\/ambipar.com\/latam\/#organization"},"potentialAction":[{"@type":"SearchAction","target":{"@type":"EntryPoint","urlTemplate":"https:\/\/ambipar.com\/latam\/?s={search_term_string}"},"query-input":"required name=search_term_string"}],"inLanguage":"es-CL"},{"@type":"ImageObject","@id":"https:\/\/ambipar.com\/latam\/pt\/segmentos\/industrias-cimenticias\/#primaryimage","inLanguage":"es-CL","url":"https:\/\/ambipar.com\/latam\/wp-content\/uploads\/2020\/10\/industrias-cimenticias.jpg","contentUrl":"https:\/\/ambipar.com\/latam\/wp-content\/uploads\/2020\/10\/industrias-cimenticias.jpg","width":1920,"height":480,"caption":"ind\u00fastrias ciment\u00edcias"},{"@type":"WebPage","@id":"https:\/\/ambipar.com\/latam\/pt\/segmentos\/industrias-cimenticias\/#webpage","url":"https:\/\/ambipar.com\/latam\/pt\/segmentos\/industrias-cimenticias\/","name":"Veja o que a Ambipar pode oferecer pro setor de Ind\u00fastrias Ciment\u00edcias","isPartOf":{"@id":"https:\/\/ambipar.com\/latam\/#website"},"primaryImageOfPage":{"@id":"https:\/\/ambipar.com\/latam\/pt\/segmentos\/industrias-cimenticias\/#primaryimage"},"datePublished":"2020-10-31T13:54:33+00:00","dateModified":"2020-11-06T12:12:27+00:00","description":"Conhe\u00e7a todos os servi\u00e7os de gest\u00e3o ambiental dispon\u00edveis da Environment Services e Emergency Response para o segmento de Ferrovias","breadcrumb":{"@id":"https:\/\/ambipar.com\/latam\/pt\/segmentos\/industrias-cimenticias\/#breadcrumb"},"inLanguage":"es-CL","potentialAction":[{"@type":"ReadAction","target":["https:\/\/ambipar.com\/latam\/pt\/segmentos\/industrias-cimenticias\/"]}]},{"@type":"BreadcrumbList","@id":"https:\/\/ambipar.com\/latam\/pt\/segmentos\/industrias-cimenticias\/#breadcrumb","itemListElement":[{"@type":"ListItem","position":1,"name":"Home","item":"https:\/\/ambipar.com\/latam\/"},{"@type":"ListItem","position":2,"name":"Segmentos","item":"https:\/\/ambipar.com\/latam\/pt\/segmentos\/"},{"@type":"ListItem","position":3,"name":"Ind\u00fastrias Ciment\u00edcias"}]}]}},"_links":{"self":[{"href":"https:\/\/ambipar.com\/latam\/wp-json\/wp\/v2\/pages\/726"}],"collection":[{"href":"https:\/\/ambipar.com\/latam\/wp-json\/wp\/v2\/pages"}],"about":[{"href":"https:\/\/ambipar.com\/latam\/wp-json\/wp\/v2\/types\/page"}],"author":[{"embeddable":true,"href":"https:\/\/ambipar.com\/latam\/wp-json\/wp\/v2\/users\/1"}],"replies":[{"embeddable":true,"href":"https:\/\/ambipar.com\/latam\/wp-json\/wp\/v2\/comments?post=726"}],"version-history":[{"count":5,"href":"https:\/\/ambipar.com\/latam\/wp-json\/wp\/v2\/pages\/726\/revisions"}],"predecessor-version":[{"id":1421,"href":"https:\/\/ambipar.com\/latam\/wp-json\/wp\/v2\/pages\/726\/revisions\/1421"}],"up":[{"embeddable":true,"href":"https:\/\/ambipar.com\/latam\/wp-json\/wp\/v2\/pages\/23"}],"wp:featuredmedia":[{"embeddable":true,"href":"https:\/\/ambipar.com\/latam\/wp-json\/wp\/v2\/media\/727"}],"wp:attachment":[{"href":"https:\/\/ambipar.com\/latam\/wp-json\/wp\/v2\/media?parent=726"}],"curies":[{"name":"wp","href":"https:\/\/api.w.org\/{rel}","templated":true}]}}