{"id":875,"date":"2020-10-30T05:37:00","date_gmt":"2020-10-30T08:37:00","guid":{"rendered":"https:\/\/ambipar.com\/latam\/?page_id=875"},"modified":"2021-01-15T07:56:56","modified_gmt":"2021-01-15T10:56:56","slug":"nr-10-sistema-eletrico-de-potencia-sep","status":"publish","type":"page","link":"https:\/\/ambipar.com\/latam\/pt\/ambipar-response\/treinamentos\/nrs\/nr-10-sistema-eletrico-de-potencia-sep\/","title":{"rendered":"NR 10 \u2013 Sistema El\u00e9trico de Potencia (SEP)"},"content":{"rendered":"\n<p><strong>OBJETIVO:<\/strong><\/p>\n\n\n\n<p>Estabelecer diretrizes b\u00e1sicas para implanta\u00e7\u00e3o de medidas de controle e sistemas preventivos, para garantir a sa\u00fade e seguran\u00e7a dos trabalhadores que interagem direta ou indiretamente em instala\u00e7\u00f5es el\u00e9tricas e servi\u00e7os com eletricidade.<\/p>\n\n\n\n<p><strong>P\u00daBLICO ALVO:<\/strong><\/p>\n\n\n\n<p>Profissionais que trabalham direta ou indiretamente com alta tens\u00e3o em sistemas de alta pot\u00eancia (Cabine Prim\u00e1ria\/Transformador).<\/p>\n\n\n\n<p><strong>CONTE\u00daDO PROGRAM\u00c1TICO:<\/strong><\/p>\n\n\n\n<ul><li>Organiza\u00e7\u00e3o do Sistema El\u00e9trico de Pot\u00eancia \u2013 SEP<\/li><li>Organiza\u00e7\u00e3o de Trabalho<\/li><li>Aspectos comportamentais<\/li><li>Condi\u00e7\u00f5es impeditivas para servi\u00e7os<\/li><li>Riscos t\u00edpicos no SEP e sua preven\u00e7\u00e3o<\/li><li>T\u00e9cnicas de an\u00e1lise&nbsp; de Risco no SEP<\/li><li>Procedimentos de Trabalho \u2013 An\u00e1lise e Discuss\u00e3o<\/li><li>T\u00e9cnicas de Trabalho sob tens\u00e3o<\/li><li>Sinaliza\u00e7\u00e3o e isolamento de \u00e1rea de trabalho<\/li><\/ul>\n\n\n\n<p>CARGA HOR\u00c1RIA: 40 horas<\/p>\n\n\n\n<div class=\"wp-block-buttons\">\n<div class=\"wp-block-button\"><a class=\"wp-block-button__link\" href=\"https:\/\/app.smartsheet.com\/b\/form\/57a977c9e30244acbdc17c86e82b5ef9\" target=\"_blank\" rel=\"noreferrer noopener\">SOLICITAR AGENDAMENTO<\/a><\/div>\n<\/div>\n\n\n\n<p>Conhe\u00e7a os demais m\u00f3dulos do treinamento referentes \u00e0s Normas Regulamentadoras (NR) Brasileiras e Internacionais:<\/p>\n\n\n\n<ul id=\"block-ca2cee68-bd2d-431c-89ac-0683ec916488\"><li><a href=\"https:\/\/ambipar.com\/latam\/ambipar-response\/treinamentos\/nrs\/nr-10-seguranca-com-eletricidade-basico\/\">NR 10 &#8211; Seguran\u00e7a com Eletricidade &#8211; B\u00e1sico<\/a><\/li><li><a href=\"https:\/\/ambipar.com\/latam\/ambipar-response\/treinamentos\/nrs\/nr-20-seguranca-no-trabalho-com-inflamaveis-e-combustiveis-basico\/\">NR 20 &#8211; Seguran\u00e7a no Trabalho com Inflam\u00e1veis e Combust\u00edveis \u2013 B\u00e1sico<\/a><\/li><li><a href=\"https:\/\/ambipar.com\/latam\/ambipar-response\/treinamentos\/nrs\/nr-20-seguranca-no-trabalho-com-inflamaveis-e-combustiveis-intermediario\/\">NR 20 &#8211; Seguran\u00e7a no Trabalho com Inflam\u00e1veis e Combust\u00edveis \u2013 Intermedi\u00e1rio<\/a><\/li><li><a href=\"https:\/\/ambipar.com\/latam\/ambipar-response\/treinamentos\/nrs\/nr-20-seguranca-no-trabalho-com-inflamaveis-e-combustiveis-avancado\/\">NR 20 &#8211; Seguran\u00e7a no Trabalho com Inflam\u00e1veis e Combust\u00edveis \u2013 Avan\u00e7ado<\/a><\/li><li><a href=\"https:\/\/ambipar.com\/latam\/ambipar-response\/treinamentos\/nrs\/nr-33-espacos-confinados-autorizados-e-vigias\/\">NR 33 &#8211; Espa\u00e7os Confinados \u2013 Autorizados e Vigias<\/a><\/li><li><a href=\"https:\/\/ambipar.com\/latam\/ambipar-response\/treinamentos\/nrs\/nr-33-espacos-confinados-supervisor\/\">NR 33 &#8211; Espa\u00e7os Confinados \u2013 Supervisor<\/a><\/li><li><a href=\"https:\/\/ambipar.com\/latam\/ambipar-response\/treinamentos\/nrs\/trabalho-em-altura\/\">NR 35 &#8211; Trabalho em Altura<\/a><\/li><\/ul>\n","protected":false},"excerpt":{"rendered":"OBJETIVO: Estabelecer diretrizes b\u00e1sicas para implanta\u00e7\u00e3o de medidas de controle e sistemas preventivos, para garantir a sa\u00fade e seguran\u00e7a dos trabalhadores que interagem direta ou indiretamente em instala\u00e7\u00f5es el\u00e9tricas e servi\u00e7os com eletricidade. P\u00daBLICO ALVO: Profissionais que trabalham direta ou indiretamente com alta tens\u00e3o em sistemas de alta pot\u00eancia (Cabine Prim\u00e1ria\/Transformador). CONTE\u00daDO PROGRAM\u00c1TICO: Organiza\u00e7\u00e3o do&#8230; <a class=\"view-article\" href=\"https:\/\/ambipar.com\/latam\/pt\/ambipar-response\/treinamentos\/nrs\/nr-10-sistema-eletrico-de-potencia-sep\/\">Ver art\u00edculo<\/a>","protected":false},"author":2,"featured_media":867,"parent":713,"menu_order":0,"comment_status":"closed","ping_status":"closed","template":"single-servicos.php","meta":[],"yoast_head":"<!-- This site is optimized with the Yoast SEO plugin v17.6 - https:\/\/yoast.com\/wordpress\/plugins\/seo\/ -->\n<title>Curso NR 10 \u2013 Sistema El\u00e9trico de Potencia (SEP) da Ambipar<\/title>\n<meta name=\"description\" content=\"OBJETIVO: diretrizes b\u00e1sicas para implanta\u00e7\u00e3o de medidas de controle e sistemas preventivos,para garantir sa\u00fade e seguran\u00e7a dos trabalhadores\" \/>\n<meta name=\"robots\" content=\"index, follow, max-snippet:-1, max-image-preview:large, max-video-preview:-1\" \/>\n<link rel=\"canonical\" href=\"https:\/\/ambipar.com\/latam\/pt\/ambipar-response\/treinamentos\/nrs\/nr-10-sistema-eletrico-de-potencia-sep\/\" \/>\n<meta property=\"og:locale\" content=\"es_ES\" \/>\n<meta property=\"og:type\" content=\"article\" \/>\n<meta property=\"og:title\" content=\"Curso NR 10 \u2013 Sistema El\u00e9trico de Potencia (SEP) da Ambipar\" \/>\n<meta property=\"og:description\" content=\"OBJETIVO: diretrizes b\u00e1sicas para implanta\u00e7\u00e3o de medidas de controle e sistemas preventivos,para garantir sa\u00fade e seguran\u00e7a dos trabalhadores\" \/>\n<meta property=\"og:url\" content=\"https:\/\/ambipar.com\/latam\/pt\/ambipar-response\/treinamentos\/nrs\/nr-10-sistema-eletrico-de-potencia-sep\/\" \/>\n<meta property=\"og:site_name\" content=\"Ambipar. A l\u00edder em gest\u00e3o ambiental.\" \/>\n<meta property=\"article:modified_time\" content=\"2021-01-15T10:56:56+00:00\" \/>\n<meta property=\"og:image\" content=\"https:\/\/ambipar.com\/latam\/wp-content\/uploads\/2020\/10\/NR12.jpg\" \/>\n\t<meta property=\"og:image:width\" content=\"1000\" \/>\n\t<meta property=\"og:image:height\" content=\"1000\" \/>\n<meta name=\"twitter:card\" content=\"summary_large_image\" \/>\n<meta name=\"twitter:label1\" content=\"Est. reading time\" \/>\n\t<meta name=\"twitter:data1\" content=\"1 minuto\" \/>\n<script type=\"application\/ld+json\" class=\"yoast-schema-graph\">{\"@context\":\"https:\/\/schema.org\",\"@graph\":[{\"@type\":\"Organization\",\"@id\":\"https:\/\/ambipar.com\/latam\/#organization\",\"name\":\"Ambipar\",\"url\":\"https:\/\/ambipar.com\/latam\/\",\"sameAs\":[],\"logo\":{\"@type\":\"ImageObject\",\"@id\":\"https:\/\/ambipar.com\/latam\/#logo\",\"inLanguage\":\"es-CL\",\"url\":\"https:\/\/ambipar.com\/latam\/wp-content\/uploads\/2020\/10\/ambipar_color.png\",\"contentUrl\":\"https:\/\/ambipar.com\/latam\/wp-content\/uploads\/2020\/10\/ambipar_color.png\",\"width\":174,\"height\":107,\"caption\":\"Ambipar\"},\"image\":{\"@id\":\"https:\/\/ambipar.com\/latam\/#logo\"}},{\"@type\":\"WebSite\",\"@id\":\"https:\/\/ambipar.com\/latam\/#website\",\"url\":\"https:\/\/ambipar.com\/latam\/\",\"name\":\"Ambipar. A l\\u00edder em gest\\u00e3o ambiental.\",\"description\":\"Pioneira em solu\\u00e7\\u00f5es ambientais, a Ambipar atua em todo o territ\\u00f3rio nacional oferecendo solu\\u00e7\\u00f5es integradas para toda a cadeia de neg\\u00f3cio.\",\"publisher\":{\"@id\":\"https:\/\/ambipar.com\/latam\/#organization\"},\"potentialAction\":[{\"@type\":\"SearchAction\",\"target\":{\"@type\":\"EntryPoint\",\"urlTemplate\":\"https:\/\/ambipar.com\/latam\/?s={search_term_string}\"},\"query-input\":\"required name=search_term_string\"}],\"inLanguage\":\"es-CL\"},{\"@type\":\"ImageObject\",\"@id\":\"https:\/\/ambipar.com\/latam\/pt\/ambipar-response\/treinamentos\/nrs\/nr-10-sistema-eletrico-de-potencia-sep\/#primaryimage\",\"inLanguage\":\"es-CL\",\"url\":\"https:\/\/ambipar.com\/latam\/wp-content\/uploads\/2020\/10\/NR12.jpg\",\"contentUrl\":\"https:\/\/ambipar.com\/latam\/wp-content\/uploads\/2020\/10\/NR12.jpg\",\"width\":1000,\"height\":1000,\"caption\":\"NR12\"},{\"@type\":\"WebPage\",\"@id\":\"https:\/\/ambipar.com\/latam\/pt\/ambipar-response\/treinamentos\/nrs\/nr-10-sistema-eletrico-de-potencia-sep\/#webpage\",\"url\":\"https:\/\/ambipar.com\/latam\/pt\/ambipar-response\/treinamentos\/nrs\/nr-10-sistema-eletrico-de-potencia-sep\/\",\"name\":\"Curso NR 10 \\u2013 Sistema El\\u00e9trico de Potencia (SEP) da Ambipar\",\"isPartOf\":{\"@id\":\"https:\/\/ambipar.com\/latam\/#website\"},\"primaryImageOfPage\":{\"@id\":\"https:\/\/ambipar.com\/latam\/pt\/ambipar-response\/treinamentos\/nrs\/nr-10-sistema-eletrico-de-potencia-sep\/#primaryimage\"},\"datePublished\":\"2020-10-30T08:37:00+00:00\",\"dateModified\":\"2021-01-15T10:56:56+00:00\",\"description\":\"OBJETIVO: diretrizes b\\u00e1sicas para implanta\\u00e7\\u00e3o de medidas de controle e sistemas preventivos,para garantir sa\\u00fade e seguran\\u00e7a dos trabalhadores\",\"breadcrumb\":{\"@id\":\"https:\/\/ambipar.com\/latam\/pt\/ambipar-response\/treinamentos\/nrs\/nr-10-sistema-eletrico-de-potencia-sep\/#breadcrumb\"},\"inLanguage\":\"es-CL\",\"potentialAction\":[{\"@type\":\"ReadAction\",\"target\":[\"https:\/\/ambipar.com\/latam\/pt\/ambipar-response\/treinamentos\/nrs\/nr-10-sistema-eletrico-de-potencia-sep\/\"]}]},{\"@type\":\"BreadcrumbList\",\"@id\":\"https:\/\/ambipar.com\/latam\/pt\/ambipar-response\/treinamentos\/nrs\/nr-10-sistema-eletrico-de-potencia-sep\/#breadcrumb\",\"itemListElement\":[{\"@type\":\"ListItem\",\"position\":1,\"name\":\"Home\",\"item\":\"https:\/\/ambipar.com\/latam\/\"},{\"@type\":\"ListItem\",\"position\":2,\"name\":\"Ambipar Response\",\"item\":\"https:\/\/ambipar.com\/latam\/pt\/ambipar-response\/\"},{\"@type\":\"ListItem\",\"position\":3,\"name\":\"Treinamentos\",\"item\":\"https:\/\/ambipar.com\/latam\/pt\/ambipar-response\/treinamentos\/\"},{\"@type\":\"ListItem\",\"position\":4,\"name\":\"NR\\u2019S\",\"item\":\"https:\/\/ambipar.com\/latam\/pt\/ambipar-response\/treinamentos\/nrs\/\"},{\"@type\":\"ListItem\",\"position\":5,\"name\":\"NR 10 \\u2013 Sistema El\\u00e9trico de Potencia (SEP)\"}]}]}<\/script>\n<!-- \/ Yoast SEO plugin. -->","yoast_head_json":{"title":"Curso NR 10 \u2013 Sistema El\u00e9trico de Potencia (SEP) da Ambipar","description":"OBJETIVO: diretrizes b\u00e1sicas para implanta\u00e7\u00e3o de medidas de controle e sistemas preventivos,para garantir sa\u00fade e seguran\u00e7a dos trabalhadores","robots":{"index":"index","follow":"follow","max-snippet":"max-snippet:-1","max-image-preview":"max-image-preview:large","max-video-preview":"max-video-preview:-1"},"canonical":"https:\/\/ambipar.com\/latam\/pt\/ambipar-response\/treinamentos\/nrs\/nr-10-sistema-eletrico-de-potencia-sep\/","og_locale":"es_ES","og_type":"article","og_title":"Curso NR 10 \u2013 Sistema El\u00e9trico de Potencia (SEP) da Ambipar","og_description":"OBJETIVO: diretrizes b\u00e1sicas para implanta\u00e7\u00e3o de medidas de controle e sistemas preventivos,para garantir sa\u00fade e seguran\u00e7a dos trabalhadores","og_url":"https:\/\/ambipar.com\/latam\/pt\/ambipar-response\/treinamentos\/nrs\/nr-10-sistema-eletrico-de-potencia-sep\/","og_site_name":"Ambipar. A l\u00edder em gest\u00e3o ambiental.","article_modified_time":"2021-01-15T10:56:56+00:00","og_image":[{"width":1000,"height":1000,"url":"https:\/\/ambipar.com\/latam\/wp-content\/uploads\/2020\/10\/NR12.jpg","type":"image\/jpeg"}],"twitter_card":"summary_large_image","twitter_misc":{"Est. reading time":"1 minuto"},"schema":{"@context":"https:\/\/schema.org","@graph":[{"@type":"Organization","@id":"https:\/\/ambipar.com\/latam\/#organization","name":"Ambipar","url":"https:\/\/ambipar.com\/latam\/","sameAs":[],"logo":{"@type":"ImageObject","@id":"https:\/\/ambipar.com\/latam\/#logo","inLanguage":"es-CL","url":"https:\/\/ambipar.com\/latam\/wp-content\/uploads\/2020\/10\/ambipar_color.png","contentUrl":"https:\/\/ambipar.com\/latam\/wp-content\/uploads\/2020\/10\/ambipar_color.png","width":174,"height":107,"caption":"Ambipar"},"image":{"@id":"https:\/\/ambipar.com\/latam\/#logo"}},{"@type":"WebSite","@id":"https:\/\/ambipar.com\/latam\/#website","url":"https:\/\/ambipar.com\/latam\/","name":"Ambipar. A l\u00edder em gest\u00e3o ambiental.","description":"Pioneira em solu\u00e7\u00f5es ambientais, a Ambipar atua em todo o territ\u00f3rio nacional oferecendo solu\u00e7\u00f5es integradas para toda a cadeia de neg\u00f3cio.","publisher":{"@id":"https:\/\/ambipar.com\/latam\/#organization"},"potentialAction":[{"@type":"SearchAction","target":{"@type":"EntryPoint","urlTemplate":"https:\/\/ambipar.com\/latam\/?s={search_term_string}"},"query-input":"required name=search_term_string"}],"inLanguage":"es-CL"},{"@type":"ImageObject","@id":"https:\/\/ambipar.com\/latam\/pt\/ambipar-response\/treinamentos\/nrs\/nr-10-sistema-eletrico-de-potencia-sep\/#primaryimage","inLanguage":"es-CL","url":"https:\/\/ambipar.com\/latam\/wp-content\/uploads\/2020\/10\/NR12.jpg","contentUrl":"https:\/\/ambipar.com\/latam\/wp-content\/uploads\/2020\/10\/NR12.jpg","width":1000,"height":1000,"caption":"NR12"},{"@type":"WebPage","@id":"https:\/\/ambipar.com\/latam\/pt\/ambipar-response\/treinamentos\/nrs\/nr-10-sistema-eletrico-de-potencia-sep\/#webpage","url":"https:\/\/ambipar.com\/latam\/pt\/ambipar-response\/treinamentos\/nrs\/nr-10-sistema-eletrico-de-potencia-sep\/","name":"Curso NR 10 \u2013 Sistema El\u00e9trico de Potencia (SEP) da Ambipar","isPartOf":{"@id":"https:\/\/ambipar.com\/latam\/#website"},"primaryImageOfPage":{"@id":"https:\/\/ambipar.com\/latam\/pt\/ambipar-response\/treinamentos\/nrs\/nr-10-sistema-eletrico-de-potencia-sep\/#primaryimage"},"datePublished":"2020-10-30T08:37:00+00:00","dateModified":"2021-01-15T10:56:56+00:00","description":"OBJETIVO: diretrizes b\u00e1sicas para implanta\u00e7\u00e3o de medidas de controle e sistemas preventivos,para garantir sa\u00fade e seguran\u00e7a dos trabalhadores","breadcrumb":{"@id":"https:\/\/ambipar.com\/latam\/pt\/ambipar-response\/treinamentos\/nrs\/nr-10-sistema-eletrico-de-potencia-sep\/#breadcrumb"},"inLanguage":"es-CL","potentialAction":[{"@type":"ReadAction","target":["https:\/\/ambipar.com\/latam\/pt\/ambipar-response\/treinamentos\/nrs\/nr-10-sistema-eletrico-de-potencia-sep\/"]}]},{"@type":"BreadcrumbList","@id":"https:\/\/ambipar.com\/latam\/pt\/ambipar-response\/treinamentos\/nrs\/nr-10-sistema-eletrico-de-potencia-sep\/#breadcrumb","itemListElement":[{"@type":"ListItem","position":1,"name":"Home","item":"https:\/\/ambipar.com\/latam\/"},{"@type":"ListItem","position":2,"name":"Ambipar Response","item":"https:\/\/ambipar.com\/latam\/pt\/ambipar-response\/"},{"@type":"ListItem","position":3,"name":"Treinamentos","item":"https:\/\/ambipar.com\/latam\/pt\/ambipar-response\/treinamentos\/"},{"@type":"ListItem","position":4,"name":"NR\u2019S","item":"https:\/\/ambipar.com\/latam\/pt\/ambipar-response\/treinamentos\/nrs\/"},{"@type":"ListItem","position":5,"name":"NR 10 \u2013 Sistema El\u00e9trico de Potencia (SEP)"}]}]}},"_links":{"self":[{"href":"https:\/\/ambipar.com\/latam\/wp-json\/wp\/v2\/pages\/875"}],"collection":[{"href":"https:\/\/ambipar.com\/latam\/wp-json\/wp\/v2\/pages"}],"about":[{"href":"https:\/\/ambipar.com\/latam\/wp-json\/wp\/v2\/types\/page"}],"author":[{"embeddable":true,"href":"https:\/\/ambipar.com\/latam\/wp-json\/wp\/v2\/users\/2"}],"replies":[{"embeddable":true,"href":"https:\/\/ambipar.com\/latam\/wp-json\/wp\/v2\/comments?post=875"}],"version-history":[{"count":5,"href":"https:\/\/ambipar.com\/latam\/wp-json\/wp\/v2\/pages\/875\/revisions"}],"predecessor-version":[{"id":3190,"href":"https:\/\/ambipar.com\/latam\/wp-json\/wp\/v2\/pages\/875\/revisions\/3190"}],"up":[{"embeddable":true,"href":"https:\/\/ambipar.com\/latam\/wp-json\/wp\/v2\/pages\/713"}],"wp:featuredmedia":[{"embeddable":true,"href":"https:\/\/ambipar.com\/latam\/wp-json\/wp\/v2\/media\/867"}],"wp:attachment":[{"href":"https:\/\/ambipar.com\/latam\/wp-json\/wp\/v2\/media?parent=875"}],"curies":[{"name":"wp","href":"https:\/\/api.w.org\/{rel}","templated":true}]}}