{"id":925,"date":"2020-10-30T09:10:00","date_gmt":"2020-10-30T12:10:00","guid":{"rendered":"https:\/\/ambipar.com\/latam\/?page_id=925"},"modified":"2021-02-23T19:53:37","modified_gmt":"2021-02-23T22:53:37","slug":"legislacao-para-o-transporte-de-produtos-e-residuos-perigosos","status":"publish","type":"page","link":"https:\/\/ambipar.com\/latam\/pt\/ambipar-response\/treinamentos\/armazenamento-e-transporte-de-produtos-perigosos\/legislacao-para-o-transporte-de-produtos-e-residuos-perigosos\/","title":{"rendered":"Legisla\u00e7\u00e3o para o Transporte de Produtos e Res\u00edduos  Perigosos"},"content":{"rendered":"\n<p><strong>OBJETIVO:<\/strong><\/p>\n\n\n\n<p>Abordar temas relacionados \u00e0 Legisla\u00e7\u00e3o para o Transporte de Produtos Perigosos, deveres, obriga\u00e7\u00f5es e responsabilidades das partes envolvidas, documenta\u00e7\u00e3o obrigat\u00f3ria, simbologia para o transporte (ve\u00edculos e embalagens), fiscaliza\u00e7\u00e3o, multas, equipamentos de emerg\u00eancia e EPI\u00b4s obrigat\u00f3rios.<\/p>\n\n\n\n<p><strong>P\u00daBLICO ALVO:<\/strong><\/p>\n\n\n\n<p>Profissionais envolvidos no transporte, despacho e armazenamento de res\u00edduos e produtos perigosos.<\/p>\n\n\n\n<p><strong>CONTE\u00daDO PROGRAM\u00c1TICO:<\/strong><\/p>\n\n\n\n<ul><li>Legisla\u00e7\u00f5es existentes<\/li><li>Transporte de carga a granel ou fracionada<\/li><li>Condi\u00e7\u00f5es de ve\u00edculos e equipamentos<\/li><li>Condi\u00e7\u00f5es de carga e acondicionamento<\/li><li>Itiner\u00e1rio\/Estacionamento<\/li><li>Documentos de envolvidos e ve\u00edculos no transporte<\/li><li>Documenta\u00e7\u00e3o obrigat\u00f3ria da carga<\/li><li>Deveres, Obriga\u00e7\u00f5es e Responsabilidades<\/li><li>Procedimentos em caso de emerg\u00eancia, acidente e avaria<\/li><\/ul>\n\n\n\n<p>CARGA HOR\u00c1RIA: 04 horas<\/p>\n\n\n\n<div class=\"wp-block-buttons\">\n<div class=\"wp-block-button\"><a class=\"wp-block-button__link\" href=\"https:\/\/app.smartsheet.com\/b\/form\/57a977c9e30244acbdc17c86e82b5ef9\" target=\"_blank\" rel=\"noreferrer noopener\">SOLICITAR AGENDAMENTO<\/a><\/div>\n<\/div>\n\n\n\n<p>Conhe\u00e7a os demais cursos relacionados a Armazenamento e Transporte de Produtos Perigosos<\/p>\n\n\n\n<ul id=\"block-9b23128e-5c5f-4c7a-9acf-4f5f23edc07a\"><li><a href=\"https:\/\/ambipar.com\/latam\/ambipar-response\/treinamentos\/armazenamento-e-transporte-de-produtos-perigosos\/armazenamento-e-manuseio-de-produtos-perigosos\/\">Armazenamento e Manuseio de Produtos Perigosos<\/a><\/li><li><a href=\"https:\/\/ambipar.com\/latam\/ambipar-response\/treinamentos\/armazenamento-e-transporte-de-produtos-perigosos\/transporte-de-residuos-perigosos-e-embalagens-vazias-e-nao-limpas\/\">Transporte de Res\u00edduos Perigosos e Embalagens vazias e n\u00e3o limpas<\/a><\/li><li><a href=\"https:\/\/ambipar.com\/latam\/ambipar-response\/treinamentos\/armazenamento-e-transporte-de-produtos-perigosos\/transporte-de-produtos-perigosos-em-quantidade-limitada\/\">Transporte de Produtos Perigosos em Quantidade Limitada<\/a><\/li><li><a href=\"https:\/\/ambipar.com\/latam\/ambipar-response\/treinamentos\/armazenamento-e-transporte-de-produtos-perigosos\/pae-plano-de-atendimento-a-emergencias\/\">PAE &#8211; Plano de Atendimento \u00e0 Emerg\u00eancias<\/a><\/li><li><a href=\"https:\/\/ambipar.com\/latam\/ambipar-response\/treinamentos\/armazenamento-e-transporte-de-produtos-perigosos\/direcao-defensiva\/\">Dire\u00e7\u00e3o Defensiva<\/a><\/li><\/ul>\n","protected":false},"excerpt":{"rendered":"OBJETIVO: Abordar temas relacionados \u00e0 Legisla\u00e7\u00e3o para o Transporte de Produtos Perigosos, deveres, obriga\u00e7\u00f5es e responsabilidades das partes envolvidas, documenta\u00e7\u00e3o obrigat\u00f3ria, simbologia para o transporte (ve\u00edculos e embalagens), fiscaliza\u00e7\u00e3o, multas, equipamentos de emerg\u00eancia e EPI\u00b4s obrigat\u00f3rios. P\u00daBLICO ALVO: Profissionais envolvidos no transporte, despacho e armazenamento de res\u00edduos e produtos perigosos. CONTE\u00daDO PROGRAM\u00c1TICO: Legisla\u00e7\u00f5es existentes Transporte&#8230; <a class=\"view-article\" href=\"https:\/\/ambipar.com\/latam\/pt\/ambipar-response\/treinamentos\/armazenamento-e-transporte-de-produtos-perigosos\/legislacao-para-o-transporte-de-produtos-e-residuos-perigosos\/\">Ver art\u00edculo<\/a>","protected":false},"author":2,"featured_media":914,"parent":920,"menu_order":0,"comment_status":"closed","ping_status":"closed","template":"single-servicos.php","meta":[],"yoast_head":"<!-- This site is optimized with the Yoast SEO plugin v17.6 - https:\/\/yoast.com\/wordpress\/plugins\/seo\/ -->\n<title>Legisla\u00e7\u00e3o para Transporte de Produtos e Res\u00edduos Perigosos da Ambipar<\/title>\n<meta name=\"description\" content=\"OBJETIVO: Abordar temas relacionados \u00e0 Legisla\u00e7\u00e3o para o Transporte de Produtos Perigosos, deveres, obriga\u00e7\u00f5es e responsabilidades das partes\" \/>\n<meta name=\"robots\" content=\"index, follow, max-snippet:-1, max-image-preview:large, max-video-preview:-1\" \/>\n<link rel=\"canonical\" href=\"https:\/\/ambipar.com\/latam\/pt\/ambipar-response\/treinamentos\/armazenamento-e-transporte-de-produtos-perigosos\/legislacao-para-o-transporte-de-produtos-e-residuos-perigosos\/\" \/>\n<meta property=\"og:locale\" content=\"es_ES\" \/>\n<meta property=\"og:type\" content=\"article\" \/>\n<meta property=\"og:title\" content=\"Legisla\u00e7\u00e3o para Transporte de Produtos e Res\u00edduos Perigosos da Ambipar\" \/>\n<meta property=\"og:description\" content=\"OBJETIVO: Abordar temas relacionados \u00e0 Legisla\u00e7\u00e3o para o Transporte de Produtos Perigosos, deveres, obriga\u00e7\u00f5es e responsabilidades das partes\" \/>\n<meta property=\"og:url\" content=\"https:\/\/ambipar.com\/latam\/pt\/ambipar-response\/treinamentos\/armazenamento-e-transporte-de-produtos-perigosos\/legislacao-para-o-transporte-de-produtos-e-residuos-perigosos\/\" \/>\n<meta property=\"og:site_name\" content=\"Ambipar. A l\u00edder em gest\u00e3o ambiental.\" \/>\n<meta property=\"article:modified_time\" content=\"2021-02-23T22:53:37+00:00\" \/>\n<meta property=\"og:image\" content=\"https:\/\/ambipar.com\/latam\/wp-content\/uploads\/2020\/10\/transporte6.jpg\" \/>\n\t<meta property=\"og:image:width\" content=\"1012\" \/>\n\t<meta property=\"og:image:height\" content=\"1000\" \/>\n<meta name=\"twitter:card\" content=\"summary_large_image\" \/>\n<meta name=\"twitter:label1\" content=\"Est. reading time\" \/>\n\t<meta name=\"twitter:data1\" content=\"1 minuto\" \/>\n<script type=\"application\/ld+json\" class=\"yoast-schema-graph\">{\"@context\":\"https:\/\/schema.org\",\"@graph\":[{\"@type\":\"Organization\",\"@id\":\"https:\/\/ambipar.com\/latam\/#organization\",\"name\":\"Ambipar\",\"url\":\"https:\/\/ambipar.com\/latam\/\",\"sameAs\":[],\"logo\":{\"@type\":\"ImageObject\",\"@id\":\"https:\/\/ambipar.com\/latam\/#logo\",\"inLanguage\":\"es-CL\",\"url\":\"https:\/\/ambipar.com\/latam\/wp-content\/uploads\/2020\/10\/ambipar_color.png\",\"contentUrl\":\"https:\/\/ambipar.com\/latam\/wp-content\/uploads\/2020\/10\/ambipar_color.png\",\"width\":174,\"height\":107,\"caption\":\"Ambipar\"},\"image\":{\"@id\":\"https:\/\/ambipar.com\/latam\/#logo\"}},{\"@type\":\"WebSite\",\"@id\":\"https:\/\/ambipar.com\/latam\/#website\",\"url\":\"https:\/\/ambipar.com\/latam\/\",\"name\":\"Ambipar. A l\\u00edder em gest\\u00e3o ambiental.\",\"description\":\"Pioneira em solu\\u00e7\\u00f5es ambientais, a Ambipar atua em todo o territ\\u00f3rio nacional oferecendo solu\\u00e7\\u00f5es integradas para toda a cadeia de neg\\u00f3cio.\",\"publisher\":{\"@id\":\"https:\/\/ambipar.com\/latam\/#organization\"},\"potentialAction\":[{\"@type\":\"SearchAction\",\"target\":{\"@type\":\"EntryPoint\",\"urlTemplate\":\"https:\/\/ambipar.com\/latam\/?s={search_term_string}\"},\"query-input\":\"required name=search_term_string\"}],\"inLanguage\":\"es-CL\"},{\"@type\":\"ImageObject\",\"@id\":\"https:\/\/ambipar.com\/latam\/pt\/ambipar-response\/treinamentos\/armazenamento-e-transporte-de-produtos-perigosos\/legislacao-para-o-transporte-de-produtos-e-residuos-perigosos\/#primaryimage\",\"inLanguage\":\"es-CL\",\"url\":\"https:\/\/ambipar.com\/latam\/wp-content\/uploads\/2020\/10\/transporte6.jpg\",\"contentUrl\":\"https:\/\/ambipar.com\/latam\/wp-content\/uploads\/2020\/10\/transporte6.jpg\",\"width\":1012,\"height\":1000,\"caption\":\"transporte\"},{\"@type\":\"WebPage\",\"@id\":\"https:\/\/ambipar.com\/latam\/pt\/ambipar-response\/treinamentos\/armazenamento-e-transporte-de-produtos-perigosos\/legislacao-para-o-transporte-de-produtos-e-residuos-perigosos\/#webpage\",\"url\":\"https:\/\/ambipar.com\/latam\/pt\/ambipar-response\/treinamentos\/armazenamento-e-transporte-de-produtos-perigosos\/legislacao-para-o-transporte-de-produtos-e-residuos-perigosos\/\",\"name\":\"Legisla\\u00e7\\u00e3o para Transporte de Produtos e Res\\u00edduos Perigosos da Ambipar\",\"isPartOf\":{\"@id\":\"https:\/\/ambipar.com\/latam\/#website\"},\"primaryImageOfPage\":{\"@id\":\"https:\/\/ambipar.com\/latam\/pt\/ambipar-response\/treinamentos\/armazenamento-e-transporte-de-produtos-perigosos\/legislacao-para-o-transporte-de-produtos-e-residuos-perigosos\/#primaryimage\"},\"datePublished\":\"2020-10-30T12:10:00+00:00\",\"dateModified\":\"2021-02-23T22:53:37+00:00\",\"description\":\"OBJETIVO: Abordar temas relacionados \\u00e0 Legisla\\u00e7\\u00e3o para o Transporte de Produtos Perigosos, deveres, obriga\\u00e7\\u00f5es e responsabilidades das partes\",\"breadcrumb\":{\"@id\":\"https:\/\/ambipar.com\/latam\/pt\/ambipar-response\/treinamentos\/armazenamento-e-transporte-de-produtos-perigosos\/legislacao-para-o-transporte-de-produtos-e-residuos-perigosos\/#breadcrumb\"},\"inLanguage\":\"es-CL\",\"potentialAction\":[{\"@type\":\"ReadAction\",\"target\":[\"https:\/\/ambipar.com\/latam\/pt\/ambipar-response\/treinamentos\/armazenamento-e-transporte-de-produtos-perigosos\/legislacao-para-o-transporte-de-produtos-e-residuos-perigosos\/\"]}]},{\"@type\":\"BreadcrumbList\",\"@id\":\"https:\/\/ambipar.com\/latam\/pt\/ambipar-response\/treinamentos\/armazenamento-e-transporte-de-produtos-perigosos\/legislacao-para-o-transporte-de-produtos-e-residuos-perigosos\/#breadcrumb\",\"itemListElement\":[{\"@type\":\"ListItem\",\"position\":1,\"name\":\"Home\",\"item\":\"https:\/\/ambipar.com\/latam\/\"},{\"@type\":\"ListItem\",\"position\":2,\"name\":\"Ambipar Response\",\"item\":\"https:\/\/ambipar.com\/latam\/pt\/ambipar-response\/\"},{\"@type\":\"ListItem\",\"position\":3,\"name\":\"Treinamentos\",\"item\":\"https:\/\/ambipar.com\/latam\/pt\/ambipar-response\/treinamentos\/\"},{\"@type\":\"ListItem\",\"position\":4,\"name\":\"Armazenamento e Transporte de Produtos Perigosos\",\"item\":\"https:\/\/ambipar.com\/latam\/pt\/ambipar-response\/treinamentos\/armazenamento-e-transporte-de-produtos-perigosos\/\"},{\"@type\":\"ListItem\",\"position\":5,\"name\":\"Legisla\\u00e7\\u00e3o para o Transporte de Produtos e Res\\u00edduos Perigosos\"}]}]}<\/script>\n<!-- \/ Yoast SEO plugin. -->","yoast_head_json":{"title":"Legisla\u00e7\u00e3o para Transporte de Produtos e Res\u00edduos Perigosos da Ambipar","description":"OBJETIVO: Abordar temas relacionados \u00e0 Legisla\u00e7\u00e3o para o Transporte de Produtos Perigosos, deveres, obriga\u00e7\u00f5es e responsabilidades das partes","robots":{"index":"index","follow":"follow","max-snippet":"max-snippet:-1","max-image-preview":"max-image-preview:large","max-video-preview":"max-video-preview:-1"},"canonical":"https:\/\/ambipar.com\/latam\/pt\/ambipar-response\/treinamentos\/armazenamento-e-transporte-de-produtos-perigosos\/legislacao-para-o-transporte-de-produtos-e-residuos-perigosos\/","og_locale":"es_ES","og_type":"article","og_title":"Legisla\u00e7\u00e3o para Transporte de Produtos e Res\u00edduos Perigosos da Ambipar","og_description":"OBJETIVO: Abordar temas relacionados \u00e0 Legisla\u00e7\u00e3o para o Transporte de Produtos Perigosos, deveres, obriga\u00e7\u00f5es e responsabilidades das partes","og_url":"https:\/\/ambipar.com\/latam\/pt\/ambipar-response\/treinamentos\/armazenamento-e-transporte-de-produtos-perigosos\/legislacao-para-o-transporte-de-produtos-e-residuos-perigosos\/","og_site_name":"Ambipar. A l\u00edder em gest\u00e3o ambiental.","article_modified_time":"2021-02-23T22:53:37+00:00","og_image":[{"width":1012,"height":1000,"url":"https:\/\/ambipar.com\/latam\/wp-content\/uploads\/2020\/10\/transporte6.jpg","type":"image\/jpeg"}],"twitter_card":"summary_large_image","twitter_misc":{"Est. reading time":"1 minuto"},"schema":{"@context":"https:\/\/schema.org","@graph":[{"@type":"Organization","@id":"https:\/\/ambipar.com\/latam\/#organization","name":"Ambipar","url":"https:\/\/ambipar.com\/latam\/","sameAs":[],"logo":{"@type":"ImageObject","@id":"https:\/\/ambipar.com\/latam\/#logo","inLanguage":"es-CL","url":"https:\/\/ambipar.com\/latam\/wp-content\/uploads\/2020\/10\/ambipar_color.png","contentUrl":"https:\/\/ambipar.com\/latam\/wp-content\/uploads\/2020\/10\/ambipar_color.png","width":174,"height":107,"caption":"Ambipar"},"image":{"@id":"https:\/\/ambipar.com\/latam\/#logo"}},{"@type":"WebSite","@id":"https:\/\/ambipar.com\/latam\/#website","url":"https:\/\/ambipar.com\/latam\/","name":"Ambipar. A l\u00edder em gest\u00e3o ambiental.","description":"Pioneira em solu\u00e7\u00f5es ambientais, a Ambipar atua em todo o territ\u00f3rio nacional oferecendo solu\u00e7\u00f5es integradas para toda a cadeia de neg\u00f3cio.","publisher":{"@id":"https:\/\/ambipar.com\/latam\/#organization"},"potentialAction":[{"@type":"SearchAction","target":{"@type":"EntryPoint","urlTemplate":"https:\/\/ambipar.com\/latam\/?s={search_term_string}"},"query-input":"required name=search_term_string"}],"inLanguage":"es-CL"},{"@type":"ImageObject","@id":"https:\/\/ambipar.com\/latam\/pt\/ambipar-response\/treinamentos\/armazenamento-e-transporte-de-produtos-perigosos\/legislacao-para-o-transporte-de-produtos-e-residuos-perigosos\/#primaryimage","inLanguage":"es-CL","url":"https:\/\/ambipar.com\/latam\/wp-content\/uploads\/2020\/10\/transporte6.jpg","contentUrl":"https:\/\/ambipar.com\/latam\/wp-content\/uploads\/2020\/10\/transporte6.jpg","width":1012,"height":1000,"caption":"transporte"},{"@type":"WebPage","@id":"https:\/\/ambipar.com\/latam\/pt\/ambipar-response\/treinamentos\/armazenamento-e-transporte-de-produtos-perigosos\/legislacao-para-o-transporte-de-produtos-e-residuos-perigosos\/#webpage","url":"https:\/\/ambipar.com\/latam\/pt\/ambipar-response\/treinamentos\/armazenamento-e-transporte-de-produtos-perigosos\/legislacao-para-o-transporte-de-produtos-e-residuos-perigosos\/","name":"Legisla\u00e7\u00e3o para Transporte de Produtos e Res\u00edduos Perigosos da Ambipar","isPartOf":{"@id":"https:\/\/ambipar.com\/latam\/#website"},"primaryImageOfPage":{"@id":"https:\/\/ambipar.com\/latam\/pt\/ambipar-response\/treinamentos\/armazenamento-e-transporte-de-produtos-perigosos\/legislacao-para-o-transporte-de-produtos-e-residuos-perigosos\/#primaryimage"},"datePublished":"2020-10-30T12:10:00+00:00","dateModified":"2021-02-23T22:53:37+00:00","description":"OBJETIVO: Abordar temas relacionados \u00e0 Legisla\u00e7\u00e3o para o Transporte de Produtos Perigosos, deveres, obriga\u00e7\u00f5es e responsabilidades das partes","breadcrumb":{"@id":"https:\/\/ambipar.com\/latam\/pt\/ambipar-response\/treinamentos\/armazenamento-e-transporte-de-produtos-perigosos\/legislacao-para-o-transporte-de-produtos-e-residuos-perigosos\/#breadcrumb"},"inLanguage":"es-CL","potentialAction":[{"@type":"ReadAction","target":["https:\/\/ambipar.com\/latam\/pt\/ambipar-response\/treinamentos\/armazenamento-e-transporte-de-produtos-perigosos\/legislacao-para-o-transporte-de-produtos-e-residuos-perigosos\/"]}]},{"@type":"BreadcrumbList","@id":"https:\/\/ambipar.com\/latam\/pt\/ambipar-response\/treinamentos\/armazenamento-e-transporte-de-produtos-perigosos\/legislacao-para-o-transporte-de-produtos-e-residuos-perigosos\/#breadcrumb","itemListElement":[{"@type":"ListItem","position":1,"name":"Home","item":"https:\/\/ambipar.com\/latam\/"},{"@type":"ListItem","position":2,"name":"Ambipar Response","item":"https:\/\/ambipar.com\/latam\/pt\/ambipar-response\/"},{"@type":"ListItem","position":3,"name":"Treinamentos","item":"https:\/\/ambipar.com\/latam\/pt\/ambipar-response\/treinamentos\/"},{"@type":"ListItem","position":4,"name":"Armazenamento e Transporte de Produtos Perigosos","item":"https:\/\/ambipar.com\/latam\/pt\/ambipar-response\/treinamentos\/armazenamento-e-transporte-de-produtos-perigosos\/"},{"@type":"ListItem","position":5,"name":"Legisla\u00e7\u00e3o para o Transporte de Produtos e Res\u00edduos Perigosos"}]}]}},"_links":{"self":[{"href":"https:\/\/ambipar.com\/latam\/wp-json\/wp\/v2\/pages\/925"}],"collection":[{"href":"https:\/\/ambipar.com\/latam\/wp-json\/wp\/v2\/pages"}],"about":[{"href":"https:\/\/ambipar.com\/latam\/wp-json\/wp\/v2\/types\/page"}],"author":[{"embeddable":true,"href":"https:\/\/ambipar.com\/latam\/wp-json\/wp\/v2\/users\/2"}],"replies":[{"embeddable":true,"href":"https:\/\/ambipar.com\/latam\/wp-json\/wp\/v2\/comments?post=925"}],"version-history":[{"count":11,"href":"https:\/\/ambipar.com\/latam\/wp-json\/wp\/v2\/pages\/925\/revisions"}],"predecessor-version":[{"id":3368,"href":"https:\/\/ambipar.com\/latam\/wp-json\/wp\/v2\/pages\/925\/revisions\/3368"}],"up":[{"embeddable":true,"href":"https:\/\/ambipar.com\/latam\/wp-json\/wp\/v2\/pages\/920"}],"wp:featuredmedia":[{"embeddable":true,"href":"https:\/\/ambipar.com\/latam\/wp-json\/wp\/v2\/media\/914"}],"wp:attachment":[{"href":"https:\/\/ambipar.com\/latam\/wp-json\/wp\/v2\/media?parent=925"}],"curies":[{"name":"wp","href":"https:\/\/api.w.org\/{rel}","templated":true}]}}