{"id":967,"date":"2020-10-30T10:36:00","date_gmt":"2020-10-30T13:36:00","guid":{"rendered":"https:\/\/ambipar.com\/latam\/?page_id=967"},"modified":"2021-06-08T20:21:15","modified_gmt":"2021-06-08T23:21:15","slug":"torre-de-trabalho-em-altura-e-espaco-confinado","status":"publish","type":"page","link":"https:\/\/ambipar.com\/latam\/pt\/ambipar-response\/treinamentos\/equipamentos-simuladores\/torre-de-trabalho-em-altura-e-espaco-confinado\/","title":{"rendered":"Torre de Trabalho em Altura e Espa\u00e7o Confinado"},"content":{"rendered":"\n<p><strong>OBJETIVO:<\/strong><\/p>\n\n\n\n<p>Desenvolver a habilidade do participante em atuar em diversas situa\u00e7\u00f5es de altura e espa\u00e7os confinados de forma segura para executar resgaste t\u00e9cnico.<\/p>\n\n\n\n<p><strong>P\u00daBLICO ALVO:<\/strong><\/p>\n\n\n\n<p>Equipe de opera\u00e7\u00e3o, manuten\u00e7\u00e3o e limpeza que execute atividades em altura e espa\u00e7o confinado.<\/p>\n\n\n\n<p><strong>CARACTER\u00cdSTICAS:<\/strong><\/p>\n\n\n\n<ul><li>Torre de 12 metros homologada pelo CREA, onde s\u00e3o realizados treinamentos de altura e espa\u00e7os confinado instruindo o aluno para executar o Resgate t\u00e9cnico vertical.<\/li><li>Prepara\u00e7\u00e3o do participante para o uso correto dos equipamentos de prote\u00e7\u00e3o individual contra quedas, linhas de vida horizontal e vertical, sistemas de vantagens mec\u00e2nica, t\u00e9cnicas de progress\u00e3o, ascens\u00e3o e descens\u00e3o, uso de macas de resgate e outras atividades para um resgate r\u00e1pido e seguro.<\/li><\/ul>\n\n\n\n<p>CAPACIDADE: 06 pessoas (em cima da torre)<\/p>\n\n\n\n<div class=\"wp-block-buttons\">\n<div class=\"wp-block-button\"><a class=\"wp-block-button__link\" href=\"https:\/\/app.smartsheet.com\/b\/form\/57a977c9e30244acbdc17c86e82b5ef9\" target=\"_blank\" rel=\"noreferrer noopener\">SOLICITAR AGENDAMENTO<\/a><\/div>\n<\/div>\n\n\n\n<p>Conhe\u00e7a os demais equipamentos simuladores:<\/p>\n\n\n\n<ul id=\"block-6a501768-3587-4ff3-a719-88109237a7de\"><li><a href=\"https:\/\/ambipar.com\/latam\/ambipar-response\/treinamentos\/equipamentos-simuladores\/m-i-r-t\/\">Simulador M.I.R.T. \u00ae para Espa\u00e7os Confinados, Trabalho em Altura, Resgate e Vazamentos<\/a><\/li><li><a href=\"https:\/\/ambipar.com\/latam\/ambipar-response\/treinamentos\/equipamentos-simuladores\/fire-pan\/\">Simulador Fire-Pan \u00ae para Treinamento de Combate a Inc\u00eandios<\/a><\/li><li><a href=\"https:\/\/ambipar.com\/latam\/ambipar-response\/treinamentos\/equipamentos-simuladores\/simulador-de-ambiente-confinado-casa-de-fumaca\/\">Simulador de ambiente confinado (casa de fuma\u00e7a)<\/a><\/li><li><a href=\"https:\/\/ambipar.com\/latam\/ambipar-response\/treinamentos\/equipamentos-simuladores\/simulador-de-espacos-confinados-modular\/\">Simulador de Espa\u00e7os Confinados Modular<\/a><\/li><li><a href=\"https:\/\/ambipar.com\/latam\/ambipar-response\/treinamentos\/equipamentos-simuladores\/simulador-de-direcao-ambipar\/\">Simulador de Dire\u00e7\u00e3o AMBIPAR<\/a><\/li><\/ul>\n","protected":false},"excerpt":{"rendered":"OBJETIVO: Desenvolver a habilidade do participante em atuar em diversas situa\u00e7\u00f5es de altura e espa\u00e7os confinados de forma segura para executar resgaste t\u00e9cnico. P\u00daBLICO ALVO: Equipe de opera\u00e7\u00e3o, manuten\u00e7\u00e3o e limpeza que execute atividades em altura e espa\u00e7o confinado. CARACTER\u00cdSTICAS: Torre de 12 metros homologada pelo CREA, onde s\u00e3o realizados treinamentos de altura e espa\u00e7os&#8230; <a class=\"view-article\" href=\"https:\/\/ambipar.com\/latam\/pt\/ambipar-response\/treinamentos\/equipamentos-simuladores\/torre-de-trabalho-em-altura-e-espaco-confinado\/\">Ver art\u00edculo<\/a>","protected":false},"author":2,"featured_media":3574,"parent":959,"menu_order":0,"comment_status":"closed","ping_status":"closed","template":"single-servicos.php","meta":[],"yoast_head":"<!-- This site is optimized with the Yoast SEO plugin v17.6 - https:\/\/yoast.com\/wordpress\/plugins\/seo\/ -->\n<title>Conhe\u00e7a a Torre de Trabalho em Altura e Espa\u00e7o Confinado da Ambipar<\/title>\n<meta name=\"description\" content=\"OBJETIVO: Desenvolver a habilidade do participante em atuar em diversas situa\u00e7\u00f5es de altura e espa\u00e7os confinados de forma segura\" \/>\n<meta name=\"robots\" content=\"index, follow, max-snippet:-1, max-image-preview:large, max-video-preview:-1\" \/>\n<link rel=\"canonical\" href=\"https:\/\/ambipar.com\/latam\/pt\/ambipar-response\/treinamentos\/equipamentos-simuladores\/torre-de-trabalho-em-altura-e-espaco-confinado\/\" \/>\n<meta property=\"og:locale\" content=\"es_ES\" \/>\n<meta property=\"og:type\" content=\"article\" \/>\n<meta property=\"og:title\" content=\"Conhe\u00e7a a Torre de Trabalho em Altura e Espa\u00e7o Confinado da Ambipar\" \/>\n<meta property=\"og:description\" content=\"OBJETIVO: Desenvolver a habilidade do participante em atuar em diversas situa\u00e7\u00f5es de altura e espa\u00e7os confinados de forma segura\" \/>\n<meta property=\"og:url\" content=\"https:\/\/ambipar.com\/latam\/pt\/ambipar-response\/treinamentos\/equipamentos-simuladores\/torre-de-trabalho-em-altura-e-espaco-confinado\/\" \/>\n<meta property=\"og:site_name\" content=\"Ambipar. A l\u00edder em gest\u00e3o ambiental.\" \/>\n<meta property=\"article:modified_time\" content=\"2021-06-08T23:21:15+00:00\" \/>\n<meta property=\"og:image\" content=\"https:\/\/ambipar.com\/latam\/wp-content\/uploads\/2021\/06\/Torre-de-Trabalho-em-Altura-e-Espaco-Confinad.jpeg\" \/>\n\t<meta property=\"og:image:width\" content=\"1280\" \/>\n\t<meta property=\"og:image:height\" content=\"720\" \/>\n<meta name=\"twitter:card\" content=\"summary_large_image\" \/>\n<meta name=\"twitter:label1\" content=\"Est. reading time\" \/>\n\t<meta name=\"twitter:data1\" content=\"1 minuto\" \/>\n<script type=\"application\/ld+json\" class=\"yoast-schema-graph\">{\"@context\":\"https:\/\/schema.org\",\"@graph\":[{\"@type\":\"Organization\",\"@id\":\"https:\/\/ambipar.com\/latam\/#organization\",\"name\":\"Ambipar\",\"url\":\"https:\/\/ambipar.com\/latam\/\",\"sameAs\":[],\"logo\":{\"@type\":\"ImageObject\",\"@id\":\"https:\/\/ambipar.com\/latam\/#logo\",\"inLanguage\":\"es-CL\",\"url\":\"https:\/\/ambipar.com\/latam\/wp-content\/uploads\/2020\/10\/ambipar_color.png\",\"contentUrl\":\"https:\/\/ambipar.com\/latam\/wp-content\/uploads\/2020\/10\/ambipar_color.png\",\"width\":174,\"height\":107,\"caption\":\"Ambipar\"},\"image\":{\"@id\":\"https:\/\/ambipar.com\/latam\/#logo\"}},{\"@type\":\"WebSite\",\"@id\":\"https:\/\/ambipar.com\/latam\/#website\",\"url\":\"https:\/\/ambipar.com\/latam\/\",\"name\":\"Ambipar. A l\\u00edder em gest\\u00e3o ambiental.\",\"description\":\"Pioneira em solu\\u00e7\\u00f5es ambientais, a Ambipar atua em todo o territ\\u00f3rio nacional oferecendo solu\\u00e7\\u00f5es integradas para toda a cadeia de neg\\u00f3cio.\",\"publisher\":{\"@id\":\"https:\/\/ambipar.com\/latam\/#organization\"},\"potentialAction\":[{\"@type\":\"SearchAction\",\"target\":{\"@type\":\"EntryPoint\",\"urlTemplate\":\"https:\/\/ambipar.com\/latam\/?s={search_term_string}\"},\"query-input\":\"required name=search_term_string\"}],\"inLanguage\":\"es-CL\"},{\"@type\":\"ImageObject\",\"@id\":\"https:\/\/ambipar.com\/latam\/pt\/ambipar-response\/treinamentos\/equipamentos-simuladores\/torre-de-trabalho-em-altura-e-espaco-confinado\/#primaryimage\",\"inLanguage\":\"es-CL\",\"url\":\"https:\/\/ambipar.com\/latam\/wp-content\/uploads\/2021\/06\/Torre-de-Trabalho-em-Altura-e-Espaco-Confinad.jpeg\",\"contentUrl\":\"https:\/\/ambipar.com\/latam\/wp-content\/uploads\/2021\/06\/Torre-de-Trabalho-em-Altura-e-Espaco-Confinad.jpeg\",\"width\":1280,\"height\":720,\"caption\":\"Torre de Trabalho em Altura e Espa\\u00e7o Confinado\"},{\"@type\":\"WebPage\",\"@id\":\"https:\/\/ambipar.com\/latam\/pt\/ambipar-response\/treinamentos\/equipamentos-simuladores\/torre-de-trabalho-em-altura-e-espaco-confinado\/#webpage\",\"url\":\"https:\/\/ambipar.com\/latam\/pt\/ambipar-response\/treinamentos\/equipamentos-simuladores\/torre-de-trabalho-em-altura-e-espaco-confinado\/\",\"name\":\"Conhe\\u00e7a a Torre de Trabalho em Altura e Espa\\u00e7o Confinado da Ambipar\",\"isPartOf\":{\"@id\":\"https:\/\/ambipar.com\/latam\/#website\"},\"primaryImageOfPage\":{\"@id\":\"https:\/\/ambipar.com\/latam\/pt\/ambipar-response\/treinamentos\/equipamentos-simuladores\/torre-de-trabalho-em-altura-e-espaco-confinado\/#primaryimage\"},\"datePublished\":\"2020-10-30T13:36:00+00:00\",\"dateModified\":\"2021-06-08T23:21:15+00:00\",\"description\":\"OBJETIVO: Desenvolver a habilidade do participante em atuar em diversas situa\\u00e7\\u00f5es de altura e espa\\u00e7os confinados de forma segura\",\"breadcrumb\":{\"@id\":\"https:\/\/ambipar.com\/latam\/pt\/ambipar-response\/treinamentos\/equipamentos-simuladores\/torre-de-trabalho-em-altura-e-espaco-confinado\/#breadcrumb\"},\"inLanguage\":\"es-CL\",\"potentialAction\":[{\"@type\":\"ReadAction\",\"target\":[\"https:\/\/ambipar.com\/latam\/pt\/ambipar-response\/treinamentos\/equipamentos-simuladores\/torre-de-trabalho-em-altura-e-espaco-confinado\/\"]}]},{\"@type\":\"BreadcrumbList\",\"@id\":\"https:\/\/ambipar.com\/latam\/pt\/ambipar-response\/treinamentos\/equipamentos-simuladores\/torre-de-trabalho-em-altura-e-espaco-confinado\/#breadcrumb\",\"itemListElement\":[{\"@type\":\"ListItem\",\"position\":1,\"name\":\"Home\",\"item\":\"https:\/\/ambipar.com\/latam\/\"},{\"@type\":\"ListItem\",\"position\":2,\"name\":\"Ambipar Response\",\"item\":\"https:\/\/ambipar.com\/latam\/pt\/ambipar-response\/\"},{\"@type\":\"ListItem\",\"position\":3,\"name\":\"Treinamentos\",\"item\":\"https:\/\/ambipar.com\/latam\/pt\/ambipar-response\/treinamentos\/\"},{\"@type\":\"ListItem\",\"position\":4,\"name\":\"Equipamentos Simuladores\",\"item\":\"https:\/\/ambipar.com\/latam\/pt\/ambipar-response\/treinamentos\/equipamentos-simuladores\/\"},{\"@type\":\"ListItem\",\"position\":5,\"name\":\"Torre de Trabalho em Altura e Espa\\u00e7o Confinado\"}]}]}<\/script>\n<!-- \/ Yoast SEO plugin. -->","yoast_head_json":{"title":"Conhe\u00e7a a Torre de Trabalho em Altura e Espa\u00e7o Confinado da Ambipar","description":"OBJETIVO: Desenvolver a habilidade do participante em atuar em diversas situa\u00e7\u00f5es de altura e espa\u00e7os confinados de forma segura","robots":{"index":"index","follow":"follow","max-snippet":"max-snippet:-1","max-image-preview":"max-image-preview:large","max-video-preview":"max-video-preview:-1"},"canonical":"https:\/\/ambipar.com\/latam\/pt\/ambipar-response\/treinamentos\/equipamentos-simuladores\/torre-de-trabalho-em-altura-e-espaco-confinado\/","og_locale":"es_ES","og_type":"article","og_title":"Conhe\u00e7a a Torre de Trabalho em Altura e Espa\u00e7o Confinado da Ambipar","og_description":"OBJETIVO: Desenvolver a habilidade do participante em atuar em diversas situa\u00e7\u00f5es de altura e espa\u00e7os confinados de forma segura","og_url":"https:\/\/ambipar.com\/latam\/pt\/ambipar-response\/treinamentos\/equipamentos-simuladores\/torre-de-trabalho-em-altura-e-espaco-confinado\/","og_site_name":"Ambipar. A l\u00edder em gest\u00e3o ambiental.","article_modified_time":"2021-06-08T23:21:15+00:00","og_image":[{"width":1280,"height":720,"url":"https:\/\/ambipar.com\/latam\/wp-content\/uploads\/2021\/06\/Torre-de-Trabalho-em-Altura-e-Espaco-Confinad.jpeg","type":"image\/jpeg"}],"twitter_card":"summary_large_image","twitter_misc":{"Est. reading time":"1 minuto"},"schema":{"@context":"https:\/\/schema.org","@graph":[{"@type":"Organization","@id":"https:\/\/ambipar.com\/latam\/#organization","name":"Ambipar","url":"https:\/\/ambipar.com\/latam\/","sameAs":[],"logo":{"@type":"ImageObject","@id":"https:\/\/ambipar.com\/latam\/#logo","inLanguage":"es-CL","url":"https:\/\/ambipar.com\/latam\/wp-content\/uploads\/2020\/10\/ambipar_color.png","contentUrl":"https:\/\/ambipar.com\/latam\/wp-content\/uploads\/2020\/10\/ambipar_color.png","width":174,"height":107,"caption":"Ambipar"},"image":{"@id":"https:\/\/ambipar.com\/latam\/#logo"}},{"@type":"WebSite","@id":"https:\/\/ambipar.com\/latam\/#website","url":"https:\/\/ambipar.com\/latam\/","name":"Ambipar. A l\u00edder em gest\u00e3o ambiental.","description":"Pioneira em solu\u00e7\u00f5es ambientais, a Ambipar atua em todo o territ\u00f3rio nacional oferecendo solu\u00e7\u00f5es integradas para toda a cadeia de neg\u00f3cio.","publisher":{"@id":"https:\/\/ambipar.com\/latam\/#organization"},"potentialAction":[{"@type":"SearchAction","target":{"@type":"EntryPoint","urlTemplate":"https:\/\/ambipar.com\/latam\/?s={search_term_string}"},"query-input":"required name=search_term_string"}],"inLanguage":"es-CL"},{"@type":"ImageObject","@id":"https:\/\/ambipar.com\/latam\/pt\/ambipar-response\/treinamentos\/equipamentos-simuladores\/torre-de-trabalho-em-altura-e-espaco-confinado\/#primaryimage","inLanguage":"es-CL","url":"https:\/\/ambipar.com\/latam\/wp-content\/uploads\/2021\/06\/Torre-de-Trabalho-em-Altura-e-Espaco-Confinad.jpeg","contentUrl":"https:\/\/ambipar.com\/latam\/wp-content\/uploads\/2021\/06\/Torre-de-Trabalho-em-Altura-e-Espaco-Confinad.jpeg","width":1280,"height":720,"caption":"Torre de Trabalho em Altura e Espa\u00e7o Confinado"},{"@type":"WebPage","@id":"https:\/\/ambipar.com\/latam\/pt\/ambipar-response\/treinamentos\/equipamentos-simuladores\/torre-de-trabalho-em-altura-e-espaco-confinado\/#webpage","url":"https:\/\/ambipar.com\/latam\/pt\/ambipar-response\/treinamentos\/equipamentos-simuladores\/torre-de-trabalho-em-altura-e-espaco-confinado\/","name":"Conhe\u00e7a a Torre de Trabalho em Altura e Espa\u00e7o Confinado da Ambipar","isPartOf":{"@id":"https:\/\/ambipar.com\/latam\/#website"},"primaryImageOfPage":{"@id":"https:\/\/ambipar.com\/latam\/pt\/ambipar-response\/treinamentos\/equipamentos-simuladores\/torre-de-trabalho-em-altura-e-espaco-confinado\/#primaryimage"},"datePublished":"2020-10-30T13:36:00+00:00","dateModified":"2021-06-08T23:21:15+00:00","description":"OBJETIVO: Desenvolver a habilidade do participante em atuar em diversas situa\u00e7\u00f5es de altura e espa\u00e7os confinados de forma segura","breadcrumb":{"@id":"https:\/\/ambipar.com\/latam\/pt\/ambipar-response\/treinamentos\/equipamentos-simuladores\/torre-de-trabalho-em-altura-e-espaco-confinado\/#breadcrumb"},"inLanguage":"es-CL","potentialAction":[{"@type":"ReadAction","target":["https:\/\/ambipar.com\/latam\/pt\/ambipar-response\/treinamentos\/equipamentos-simuladores\/torre-de-trabalho-em-altura-e-espaco-confinado\/"]}]},{"@type":"BreadcrumbList","@id":"https:\/\/ambipar.com\/latam\/pt\/ambipar-response\/treinamentos\/equipamentos-simuladores\/torre-de-trabalho-em-altura-e-espaco-confinado\/#breadcrumb","itemListElement":[{"@type":"ListItem","position":1,"name":"Home","item":"https:\/\/ambipar.com\/latam\/"},{"@type":"ListItem","position":2,"name":"Ambipar Response","item":"https:\/\/ambipar.com\/latam\/pt\/ambipar-response\/"},{"@type":"ListItem","position":3,"name":"Treinamentos","item":"https:\/\/ambipar.com\/latam\/pt\/ambipar-response\/treinamentos\/"},{"@type":"ListItem","position":4,"name":"Equipamentos Simuladores","item":"https:\/\/ambipar.com\/latam\/pt\/ambipar-response\/treinamentos\/equipamentos-simuladores\/"},{"@type":"ListItem","position":5,"name":"Torre de Trabalho em Altura e Espa\u00e7o Confinado"}]}]}},"_links":{"self":[{"href":"https:\/\/ambipar.com\/latam\/wp-json\/wp\/v2\/pages\/967"}],"collection":[{"href":"https:\/\/ambipar.com\/latam\/wp-json\/wp\/v2\/pages"}],"about":[{"href":"https:\/\/ambipar.com\/latam\/wp-json\/wp\/v2\/types\/page"}],"author":[{"embeddable":true,"href":"https:\/\/ambipar.com\/latam\/wp-json\/wp\/v2\/users\/2"}],"replies":[{"embeddable":true,"href":"https:\/\/ambipar.com\/latam\/wp-json\/wp\/v2\/comments?post=967"}],"version-history":[{"count":4,"href":"https:\/\/ambipar.com\/latam\/wp-json\/wp\/v2\/pages\/967\/revisions"}],"predecessor-version":[{"id":3217,"href":"https:\/\/ambipar.com\/latam\/wp-json\/wp\/v2\/pages\/967\/revisions\/3217"}],"up":[{"embeddable":true,"href":"https:\/\/ambipar.com\/latam\/wp-json\/wp\/v2\/pages\/959"}],"wp:featuredmedia":[{"embeddable":true,"href":"https:\/\/ambipar.com\/latam\/wp-json\/wp\/v2\/media\/3574"}],"wp:attachment":[{"href":"https:\/\/ambipar.com\/latam\/wp-json\/wp\/v2\/media?parent=967"}],"curies":[{"name":"wp","href":"https:\/\/api.w.org\/{rel}","templated":true}]}}