{"id":969,"date":"2020-10-30T10:39:00","date_gmt":"2020-10-30T13:39:00","guid":{"rendered":"https:\/\/ambipar.com\/latam\/?page_id=969"},"modified":"2021-06-08T20:22:51","modified_gmt":"2021-06-08T23:22:51","slug":"simulador-de-ambiente-confinado-casa-de-fumaca","status":"publish","type":"page","link":"https:\/\/ambipar.com\/latam\/pt\/ambipar-response\/treinamentos\/equipamentos-simuladores\/simulador-de-ambiente-confinado-casa-de-fumaca\/","title":{"rendered":"Simulador de ambiente confinado (casa de fuma\u00e7a)"},"content":{"rendered":"\n<p><strong>OBJETIVO:<\/strong><\/p>\n\n\n\n<p>Simular uma situa\u00e7\u00e3o real de emerg\u00eancia em&nbsp; edifica\u00e7\u00e3o com um ou mais andares.<\/p>\n\n\n\n<p><strong>P\u00daBLICO ALVO:<\/strong><\/p>\n\n\n\n<p>Bombeiros, brigadistas e outros profissionais que lidam com emerg\u00eancias.<\/p>\n\n\n\n<p><strong>CARACTER\u00cdSTICAS:<\/strong><\/p>\n\n\n\n<ul><li>Casa de fuma\u00e7a com dois pavimentos devidamente equipados, possui labirintos criados estrategicamente para criar dificuldades pr\u00f3ximas de uma real situa\u00e7\u00e3o de emerg\u00eancia<\/li><li>A fuma\u00e7a (at\u00f3xica &#8211; base glicerina) cobre todo o interior da edifica\u00e7\u00e3o, dificultando a vis\u00e3o e respira\u00e7\u00e3o dos participantes<\/li><li>Busca e salvamento, t\u00e9cnicas de sobreviv\u00eancia, protocolos de comunica\u00e7\u00e3o, trabalho em equipe, auto controle, racioc\u00ednio l\u00f3gico e trabalho sob press\u00e3o com instrutores devidamente especializados e capacitados para tal exerc\u00edcio<\/li><\/ul>\n\n\n\n<p>CAPACIDADE: At\u00e9 30 pessoas<\/p>\n\n\n\n<div class=\"wp-block-buttons\">\n<div class=\"wp-block-button\"><a class=\"wp-block-button__link\" href=\"https:\/\/app.smartsheet.com\/b\/form\/57a977c9e30244acbdc17c86e82b5ef9\" target=\"_blank\" rel=\"noreferrer noopener\">SOLICITAR AGENDAMENTO<\/a><\/div>\n<\/div>\n\n\n\n<p>Conhe\u00e7a os demais equipamentos simuladores:<\/p>\n\n\n\n<ul id=\"block-6a501768-3587-4ff3-a719-88109237a7de\"><li><a href=\"https:\/\/ambipar.com\/latam\/ambipar-response\/treinamentos\/equipamentos-simuladores\/m-i-r-t\/\">Simulador M.I.R.T. \u00ae para Espa\u00e7os Confinados, Trabalho em Altura, Resgate e Vazamentos<\/a><\/li><li><a href=\"https:\/\/ambipar.com\/latam\/ambipar-response\/treinamentos\/equipamentos-simuladores\/fire-pan\/\">Simulador Fire-Pan \u00ae para Treinamento de Combate a Inc\u00eandios<\/a><\/li><li><a href=\"https:\/\/ambipar.com\/latam\/ambipar-response\/treinamentos\/equipamentos-simuladores\/torre-de-trabalho-em-altura-e-espaco-confinado\/\">Torre de Trabalho em Altura e Espa\u00e7o Confinado<\/a><\/li><li><a href=\"https:\/\/ambipar.com\/latam\/ambipar-response\/treinamentos\/equipamentos-simuladores\/simulador-de-espacos-confinados-modular\/\">Simulador de Espa\u00e7os Confinados Modular<\/a><\/li><li><a href=\"https:\/\/ambipar.com\/latam\/ambipar-response\/treinamentos\/equipamentos-simuladores\/simulador-de-direcao-ambipar\/\">Simulador de Dire\u00e7\u00e3o AMBIPAR<\/a><\/li><\/ul>\n","protected":false},"excerpt":{"rendered":"OBJETIVO: Simular uma situa\u00e7\u00e3o real de emerg\u00eancia em&nbsp; edifica\u00e7\u00e3o com um ou mais andares. P\u00daBLICO ALVO: Bombeiros, brigadistas e outros profissionais que lidam com emerg\u00eancias. CARACTER\u00cdSTICAS: Casa de fuma\u00e7a com dois pavimentos devidamente equipados, possui labirintos criados estrategicamente para criar dificuldades pr\u00f3ximas de uma real situa\u00e7\u00e3o de emerg\u00eancia A fuma\u00e7a (at\u00f3xica &#8211; base glicerina) cobre&#8230; <a class=\"view-article\" href=\"https:\/\/ambipar.com\/latam\/pt\/ambipar-response\/treinamentos\/equipamentos-simuladores\/simulador-de-ambiente-confinado-casa-de-fumaca\/\">Ver art\u00edculo<\/a>","protected":false},"author":2,"featured_media":3571,"parent":959,"menu_order":0,"comment_status":"closed","ping_status":"closed","template":"single-servicos.php","meta":[],"yoast_head":"<!-- This site is optimized with the Yoast SEO plugin v17.6 - https:\/\/yoast.com\/wordpress\/plugins\/seo\/ -->\n<title>Conhe\u00e7a o Simulador de ambiente confinado oferecido pela Ambipar<\/title>\n<meta name=\"description\" content=\"OBJETIVO: Simular uma situa\u00e7\u00e3o real de emerg\u00eancia em edifica\u00e7\u00e3o com um ou mais andares. P\u00daBLICO ALVO: Bombeiros, brigadistas\" \/>\n<meta name=\"robots\" content=\"index, follow, max-snippet:-1, max-image-preview:large, max-video-preview:-1\" \/>\n<link rel=\"canonical\" href=\"https:\/\/ambipar.com\/latam\/pt\/ambipar-response\/treinamentos\/equipamentos-simuladores\/simulador-de-ambiente-confinado-casa-de-fumaca\/\" \/>\n<meta property=\"og:locale\" content=\"es_ES\" \/>\n<meta property=\"og:type\" content=\"article\" \/>\n<meta property=\"og:title\" content=\"Conhe\u00e7a o Simulador de ambiente confinado oferecido pela Ambipar\" \/>\n<meta property=\"og:description\" content=\"OBJETIVO: Simular uma situa\u00e7\u00e3o real de emerg\u00eancia em edifica\u00e7\u00e3o com um ou mais andares. P\u00daBLICO ALVO: Bombeiros, brigadistas\" \/>\n<meta property=\"og:url\" content=\"https:\/\/ambipar.com\/latam\/pt\/ambipar-response\/treinamentos\/equipamentos-simuladores\/simulador-de-ambiente-confinado-casa-de-fumaca\/\" \/>\n<meta property=\"og:site_name\" content=\"Ambipar. A l\u00edder em gest\u00e3o ambiental.\" \/>\n<meta property=\"article:modified_time\" content=\"2021-06-08T23:22:51+00:00\" \/>\n<meta property=\"og:image\" content=\"https:\/\/ambipar.com\/latam\/wp-content\/uploads\/2021\/06\/Simulador-de-ambiente-confinado-casa-de-fumaca.jpeg\" \/>\n\t<meta property=\"og:image:width\" content=\"1280\" \/>\n\t<meta property=\"og:image:height\" content=\"720\" \/>\n<meta name=\"twitter:card\" content=\"summary_large_image\" \/>\n<meta name=\"twitter:label1\" content=\"Est. reading time\" \/>\n\t<meta name=\"twitter:data1\" content=\"1 minuto\" \/>\n<script type=\"application\/ld+json\" class=\"yoast-schema-graph\">{\"@context\":\"https:\/\/schema.org\",\"@graph\":[{\"@type\":\"Organization\",\"@id\":\"https:\/\/ambipar.com\/latam\/#organization\",\"name\":\"Ambipar\",\"url\":\"https:\/\/ambipar.com\/latam\/\",\"sameAs\":[],\"logo\":{\"@type\":\"ImageObject\",\"@id\":\"https:\/\/ambipar.com\/latam\/#logo\",\"inLanguage\":\"es-CL\",\"url\":\"https:\/\/ambipar.com\/latam\/wp-content\/uploads\/2020\/10\/ambipar_color.png\",\"contentUrl\":\"https:\/\/ambipar.com\/latam\/wp-content\/uploads\/2020\/10\/ambipar_color.png\",\"width\":174,\"height\":107,\"caption\":\"Ambipar\"},\"image\":{\"@id\":\"https:\/\/ambipar.com\/latam\/#logo\"}},{\"@type\":\"WebSite\",\"@id\":\"https:\/\/ambipar.com\/latam\/#website\",\"url\":\"https:\/\/ambipar.com\/latam\/\",\"name\":\"Ambipar. A l\\u00edder em gest\\u00e3o ambiental.\",\"description\":\"Pioneira em solu\\u00e7\\u00f5es ambientais, a Ambipar atua em todo o territ\\u00f3rio nacional oferecendo solu\\u00e7\\u00f5es integradas para toda a cadeia de neg\\u00f3cio.\",\"publisher\":{\"@id\":\"https:\/\/ambipar.com\/latam\/#organization\"},\"potentialAction\":[{\"@type\":\"SearchAction\",\"target\":{\"@type\":\"EntryPoint\",\"urlTemplate\":\"https:\/\/ambipar.com\/latam\/?s={search_term_string}\"},\"query-input\":\"required name=search_term_string\"}],\"inLanguage\":\"es-CL\"},{\"@type\":\"ImageObject\",\"@id\":\"https:\/\/ambipar.com\/latam\/pt\/ambipar-response\/treinamentos\/equipamentos-simuladores\/simulador-de-ambiente-confinado-casa-de-fumaca\/#primaryimage\",\"inLanguage\":\"es-CL\",\"url\":\"https:\/\/ambipar.com\/latam\/wp-content\/uploads\/2021\/06\/Simulador-de-ambiente-confinado-casa-de-fumaca.jpeg\",\"contentUrl\":\"https:\/\/ambipar.com\/latam\/wp-content\/uploads\/2021\/06\/Simulador-de-ambiente-confinado-casa-de-fumaca.jpeg\",\"width\":1280,\"height\":720,\"caption\":\"Simulador de ambiente confinado (casa de fuma\\u00e7a)\"},{\"@type\":\"WebPage\",\"@id\":\"https:\/\/ambipar.com\/latam\/pt\/ambipar-response\/treinamentos\/equipamentos-simuladores\/simulador-de-ambiente-confinado-casa-de-fumaca\/#webpage\",\"url\":\"https:\/\/ambipar.com\/latam\/pt\/ambipar-response\/treinamentos\/equipamentos-simuladores\/simulador-de-ambiente-confinado-casa-de-fumaca\/\",\"name\":\"Conhe\\u00e7a o Simulador de ambiente confinado oferecido pela Ambipar\",\"isPartOf\":{\"@id\":\"https:\/\/ambipar.com\/latam\/#website\"},\"primaryImageOfPage\":{\"@id\":\"https:\/\/ambipar.com\/latam\/pt\/ambipar-response\/treinamentos\/equipamentos-simuladores\/simulador-de-ambiente-confinado-casa-de-fumaca\/#primaryimage\"},\"datePublished\":\"2020-10-30T13:39:00+00:00\",\"dateModified\":\"2021-06-08T23:22:51+00:00\",\"description\":\"OBJETIVO: Simular uma situa\\u00e7\\u00e3o real de emerg\\u00eancia em edifica\\u00e7\\u00e3o com um ou mais andares. P\\u00daBLICO ALVO: Bombeiros, brigadistas\",\"breadcrumb\":{\"@id\":\"https:\/\/ambipar.com\/latam\/pt\/ambipar-response\/treinamentos\/equipamentos-simuladores\/simulador-de-ambiente-confinado-casa-de-fumaca\/#breadcrumb\"},\"inLanguage\":\"es-CL\",\"potentialAction\":[{\"@type\":\"ReadAction\",\"target\":[\"https:\/\/ambipar.com\/latam\/pt\/ambipar-response\/treinamentos\/equipamentos-simuladores\/simulador-de-ambiente-confinado-casa-de-fumaca\/\"]}]},{\"@type\":\"BreadcrumbList\",\"@id\":\"https:\/\/ambipar.com\/latam\/pt\/ambipar-response\/treinamentos\/equipamentos-simuladores\/simulador-de-ambiente-confinado-casa-de-fumaca\/#breadcrumb\",\"itemListElement\":[{\"@type\":\"ListItem\",\"position\":1,\"name\":\"Home\",\"item\":\"https:\/\/ambipar.com\/latam\/\"},{\"@type\":\"ListItem\",\"position\":2,\"name\":\"Ambipar Response\",\"item\":\"https:\/\/ambipar.com\/latam\/pt\/ambipar-response\/\"},{\"@type\":\"ListItem\",\"position\":3,\"name\":\"Treinamentos\",\"item\":\"https:\/\/ambipar.com\/latam\/pt\/ambipar-response\/treinamentos\/\"},{\"@type\":\"ListItem\",\"position\":4,\"name\":\"Equipamentos Simuladores\",\"item\":\"https:\/\/ambipar.com\/latam\/pt\/ambipar-response\/treinamentos\/equipamentos-simuladores\/\"},{\"@type\":\"ListItem\",\"position\":5,\"name\":\"Simulador de ambiente confinado (casa de fuma\\u00e7a)\"}]}]}<\/script>\n<!-- \/ Yoast SEO plugin. -->","yoast_head_json":{"title":"Conhe\u00e7a o Simulador de ambiente confinado oferecido pela Ambipar","description":"OBJETIVO: Simular uma situa\u00e7\u00e3o real de emerg\u00eancia em edifica\u00e7\u00e3o com um ou mais andares. P\u00daBLICO ALVO: Bombeiros, brigadistas","robots":{"index":"index","follow":"follow","max-snippet":"max-snippet:-1","max-image-preview":"max-image-preview:large","max-video-preview":"max-video-preview:-1"},"canonical":"https:\/\/ambipar.com\/latam\/pt\/ambipar-response\/treinamentos\/equipamentos-simuladores\/simulador-de-ambiente-confinado-casa-de-fumaca\/","og_locale":"es_ES","og_type":"article","og_title":"Conhe\u00e7a o Simulador de ambiente confinado oferecido pela Ambipar","og_description":"OBJETIVO: Simular uma situa\u00e7\u00e3o real de emerg\u00eancia em edifica\u00e7\u00e3o com um ou mais andares. P\u00daBLICO ALVO: Bombeiros, brigadistas","og_url":"https:\/\/ambipar.com\/latam\/pt\/ambipar-response\/treinamentos\/equipamentos-simuladores\/simulador-de-ambiente-confinado-casa-de-fumaca\/","og_site_name":"Ambipar. A l\u00edder em gest\u00e3o ambiental.","article_modified_time":"2021-06-08T23:22:51+00:00","og_image":[{"width":1280,"height":720,"url":"https:\/\/ambipar.com\/latam\/wp-content\/uploads\/2021\/06\/Simulador-de-ambiente-confinado-casa-de-fumaca.jpeg","type":"image\/jpeg"}],"twitter_card":"summary_large_image","twitter_misc":{"Est. reading time":"1 minuto"},"schema":{"@context":"https:\/\/schema.org","@graph":[{"@type":"Organization","@id":"https:\/\/ambipar.com\/latam\/#organization","name":"Ambipar","url":"https:\/\/ambipar.com\/latam\/","sameAs":[],"logo":{"@type":"ImageObject","@id":"https:\/\/ambipar.com\/latam\/#logo","inLanguage":"es-CL","url":"https:\/\/ambipar.com\/latam\/wp-content\/uploads\/2020\/10\/ambipar_color.png","contentUrl":"https:\/\/ambipar.com\/latam\/wp-content\/uploads\/2020\/10\/ambipar_color.png","width":174,"height":107,"caption":"Ambipar"},"image":{"@id":"https:\/\/ambipar.com\/latam\/#logo"}},{"@type":"WebSite","@id":"https:\/\/ambipar.com\/latam\/#website","url":"https:\/\/ambipar.com\/latam\/","name":"Ambipar. A l\u00edder em gest\u00e3o ambiental.","description":"Pioneira em solu\u00e7\u00f5es ambientais, a Ambipar atua em todo o territ\u00f3rio nacional oferecendo solu\u00e7\u00f5es integradas para toda a cadeia de neg\u00f3cio.","publisher":{"@id":"https:\/\/ambipar.com\/latam\/#organization"},"potentialAction":[{"@type":"SearchAction","target":{"@type":"EntryPoint","urlTemplate":"https:\/\/ambipar.com\/latam\/?s={search_term_string}"},"query-input":"required name=search_term_string"}],"inLanguage":"es-CL"},{"@type":"ImageObject","@id":"https:\/\/ambipar.com\/latam\/pt\/ambipar-response\/treinamentos\/equipamentos-simuladores\/simulador-de-ambiente-confinado-casa-de-fumaca\/#primaryimage","inLanguage":"es-CL","url":"https:\/\/ambipar.com\/latam\/wp-content\/uploads\/2021\/06\/Simulador-de-ambiente-confinado-casa-de-fumaca.jpeg","contentUrl":"https:\/\/ambipar.com\/latam\/wp-content\/uploads\/2021\/06\/Simulador-de-ambiente-confinado-casa-de-fumaca.jpeg","width":1280,"height":720,"caption":"Simulador de ambiente confinado (casa de fuma\u00e7a)"},{"@type":"WebPage","@id":"https:\/\/ambipar.com\/latam\/pt\/ambipar-response\/treinamentos\/equipamentos-simuladores\/simulador-de-ambiente-confinado-casa-de-fumaca\/#webpage","url":"https:\/\/ambipar.com\/latam\/pt\/ambipar-response\/treinamentos\/equipamentos-simuladores\/simulador-de-ambiente-confinado-casa-de-fumaca\/","name":"Conhe\u00e7a o Simulador de ambiente confinado oferecido pela Ambipar","isPartOf":{"@id":"https:\/\/ambipar.com\/latam\/#website"},"primaryImageOfPage":{"@id":"https:\/\/ambipar.com\/latam\/pt\/ambipar-response\/treinamentos\/equipamentos-simuladores\/simulador-de-ambiente-confinado-casa-de-fumaca\/#primaryimage"},"datePublished":"2020-10-30T13:39:00+00:00","dateModified":"2021-06-08T23:22:51+00:00","description":"OBJETIVO: Simular uma situa\u00e7\u00e3o real de emerg\u00eancia em edifica\u00e7\u00e3o com um ou mais andares. P\u00daBLICO ALVO: Bombeiros, brigadistas","breadcrumb":{"@id":"https:\/\/ambipar.com\/latam\/pt\/ambipar-response\/treinamentos\/equipamentos-simuladores\/simulador-de-ambiente-confinado-casa-de-fumaca\/#breadcrumb"},"inLanguage":"es-CL","potentialAction":[{"@type":"ReadAction","target":["https:\/\/ambipar.com\/latam\/pt\/ambipar-response\/treinamentos\/equipamentos-simuladores\/simulador-de-ambiente-confinado-casa-de-fumaca\/"]}]},{"@type":"BreadcrumbList","@id":"https:\/\/ambipar.com\/latam\/pt\/ambipar-response\/treinamentos\/equipamentos-simuladores\/simulador-de-ambiente-confinado-casa-de-fumaca\/#breadcrumb","itemListElement":[{"@type":"ListItem","position":1,"name":"Home","item":"https:\/\/ambipar.com\/latam\/"},{"@type":"ListItem","position":2,"name":"Ambipar Response","item":"https:\/\/ambipar.com\/latam\/pt\/ambipar-response\/"},{"@type":"ListItem","position":3,"name":"Treinamentos","item":"https:\/\/ambipar.com\/latam\/pt\/ambipar-response\/treinamentos\/"},{"@type":"ListItem","position":4,"name":"Equipamentos Simuladores","item":"https:\/\/ambipar.com\/latam\/pt\/ambipar-response\/treinamentos\/equipamentos-simuladores\/"},{"@type":"ListItem","position":5,"name":"Simulador de ambiente confinado (casa de fuma\u00e7a)"}]}]}},"_links":{"self":[{"href":"https:\/\/ambipar.com\/latam\/wp-json\/wp\/v2\/pages\/969"}],"collection":[{"href":"https:\/\/ambipar.com\/latam\/wp-json\/wp\/v2\/pages"}],"about":[{"href":"https:\/\/ambipar.com\/latam\/wp-json\/wp\/v2\/types\/page"}],"author":[{"embeddable":true,"href":"https:\/\/ambipar.com\/latam\/wp-json\/wp\/v2\/users\/2"}],"replies":[{"embeddable":true,"href":"https:\/\/ambipar.com\/latam\/wp-json\/wp\/v2\/comments?post=969"}],"version-history":[{"count":5,"href":"https:\/\/ambipar.com\/latam\/wp-json\/wp\/v2\/pages\/969\/revisions"}],"predecessor-version":[{"id":3218,"href":"https:\/\/ambipar.com\/latam\/wp-json\/wp\/v2\/pages\/969\/revisions\/3218"}],"up":[{"embeddable":true,"href":"https:\/\/ambipar.com\/latam\/wp-json\/wp\/v2\/pages\/959"}],"wp:featuredmedia":[{"embeddable":true,"href":"https:\/\/ambipar.com\/latam\/wp-json\/wp\/v2\/media\/3571"}],"wp:attachment":[{"href":"https:\/\/ambipar.com\/latam\/wp-json\/wp\/v2\/media?parent=969"}],"curies":[{"name":"wp","href":"https:\/\/api.w.org\/{rel}","templated":true}]}}