{"id":977,"date":"2020-10-30T10:49:00","date_gmt":"2020-10-30T13:49:00","guid":{"rendered":"https:\/\/ambipar.com\/latam\/?page_id=977"},"modified":"2021-01-15T08:18:22","modified_gmt":"2021-01-15T11:18:22","slug":"simulador-de-direcao-ambipar","status":"publish","type":"page","link":"https:\/\/ambipar.com\/latam\/pt\/ambipar-response\/treinamentos\/equipamentos-simuladores\/simulador-de-direcao-ambipar\/","title":{"rendered":"Simulador de Dire\u00e7\u00e3o AMBIPAR"},"content":{"rendered":"\n<p><strong>OBJETIVO:<\/strong><\/p>\n\n\n\n<p>Simular situa\u00e7\u00f5es reais de condu\u00e7\u00e3o.<\/p>\n\n\n\n<p><strong>P\u00daBLICO ALVO:<\/strong><\/p>\n\n\n\n<p>Motoristas profissionais a partir da categoria D.<\/p>\n\n\n\n<p><strong>CARACTER\u00cdSTICAS:<\/strong><\/p>\n\n\n\n<ul><li>Auxilio na contrata\u00e7\u00e3o de novos motoristas e reduzir custos de combust\u00edvel, manuten\u00e7\u00e3o, desgaste de pe\u00e7as e ocorr\u00eancias de acidentes<\/li><li>Estrutura auto-suficiente e econ\u00f4mico: Sem consumo de combust\u00edvel e sem emiss\u00e3o de poluentes<\/li><li>Multi-cen\u00e1rios: Vias urbanas, Rodovia, Estrada de terra, Intemp\u00e9ries, Aclives e Declives<\/li><li>O treinamento pode ser realizado no Centro de treinamento multimodal Ambipar, ou nos locais da empresa contratante, com todos os recursos necess\u00e1rios<\/li><\/ul>\n\n\n\n<p><strong>M\u00d3DULOS:<\/strong><\/p>\n\n\n\n<ul><li>Motorista Eficiente: Redu\u00e7\u00e3o de sinistralidade, Economia de combust\u00edvel e de manuten\u00e7\u00e3o<\/li><li>Anti-tombamento: Redu\u00e7\u00e3o de sinistralidade e Preven\u00e7\u00e3o de acidentes<\/li><li>Avalia\u00e7\u00e3o: Raio X do quadro de motoristas ou contrata\u00e7\u00e3o de novos motoristas<\/li><li>Manobra de carreta: Redu\u00e7\u00e3o de tempo na manobra, arrasto de pneu e indisponibilidade do ve\u00edculo para iniciar viagem decorrente de incidentes<\/li><\/ul>\n\n\n\n<p>CAPACIDADE: At\u00e9 16 pessoas \/ turno<\/p>\n\n\n\n<div class=\"wp-block-buttons\">\n<div class=\"wp-block-button\"><a class=\"wp-block-button__link\" href=\"https:\/\/app.smartsheet.com\/b\/form\/57a977c9e30244acbdc17c86e82b5ef9\" target=\"_blank\" rel=\"noreferrer noopener\">SOLICITAR AGENDAMENTO<\/a><\/div>\n<\/div>\n\n\n\n<p>Conhe\u00e7a os demais equipamentos simuladores:<\/p>\n\n\n\n<ul><li><a href=\"https:\/\/ambipar.com\/latam\/ambipar-response\/treinamentos\/equipamentos-simuladores\/m-i-r-t\/\">Simulador M.I.R.T. \u00ae para Espa\u00e7os Confinados, Trabalho em Altura, Resgate e Vazamentos<\/a><\/li><li><a href=\"https:\/\/ambipar.com\/latam\/ambipar-response\/treinamentos\/equipamentos-simuladores\/fire-pan\/\">Simulador Fire-Pan \u00ae para Treinamento de Combate a Inc\u00eandios<\/a><\/li><li><a href=\"https:\/\/ambipar.com\/latam\/ambipar-response\/treinamentos\/equipamentos-simuladores\/torre-de-trabalho-em-altura-e-espaco-confinado\/\">Torre de Trabalho em Altura e Espa\u00e7o Confinado<\/a><\/li><li><a href=\"https:\/\/ambipar.com\/latam\/ambipar-response\/treinamentos\/equipamentos-simuladores\/simulador-de-ambiente-confinado-casa-de-fumaca\/\">Simulador de ambiente confinado (casa de fuma\u00e7a)<\/a><\/li><li><a href=\"https:\/\/ambipar.com\/latam\/ambipar-response\/treinamentos\/equipamentos-simuladores\/simulador-de-espacos-confinados-modular\/\">Simulador de Espa\u00e7os Confinados Modular<\/a><\/li><\/ul>\n","protected":false},"excerpt":{"rendered":"OBJETIVO: Simular situa\u00e7\u00f5es reais de condu\u00e7\u00e3o. P\u00daBLICO ALVO: Motoristas profissionais a partir da categoria D. CARACTER\u00cdSTICAS: Auxilio na contrata\u00e7\u00e3o de novos motoristas e reduzir custos de combust\u00edvel, manuten\u00e7\u00e3o, desgaste de pe\u00e7as e ocorr\u00eancias de acidentes Estrutura auto-suficiente e econ\u00f4mico: Sem consumo de combust\u00edvel e sem emiss\u00e3o de poluentes Multi-cen\u00e1rios: Vias urbanas, Rodovia, Estrada de terra,&#8230; <a class=\"view-article\" href=\"https:\/\/ambipar.com\/latam\/pt\/ambipar-response\/treinamentos\/equipamentos-simuladores\/simulador-de-direcao-ambipar\/\">Ver art\u00edculo<\/a>","protected":false},"author":2,"featured_media":960,"parent":959,"menu_order":0,"comment_status":"closed","ping_status":"closed","template":"single-servicos.php","meta":[],"yoast_head":"<!-- This site is optimized with the Yoast SEO plugin v17.6 - https:\/\/yoast.com\/wordpress\/plugins\/seo\/ -->\n<title>Conhe\u00e7a o Simulador de Dire\u00e7\u00e3o AMBIPAR da Ambipar Response<\/title>\n<meta name=\"description\" content=\"OBJETIVO: Simular situa\u00e7\u00f5es reais de condu\u00e7\u00e3o. P\u00daBLICO ALVO: Motoristas profissionais a partir da categoria D.\" \/>\n<meta name=\"robots\" content=\"index, follow, max-snippet:-1, max-image-preview:large, max-video-preview:-1\" \/>\n<link rel=\"canonical\" href=\"https:\/\/ambipar.com\/latam\/pt\/ambipar-response\/treinamentos\/equipamentos-simuladores\/simulador-de-direcao-ambipar\/\" \/>\n<meta property=\"og:locale\" content=\"es_ES\" \/>\n<meta property=\"og:type\" content=\"article\" \/>\n<meta property=\"og:title\" content=\"Conhe\u00e7a o Simulador de Dire\u00e7\u00e3o AMBIPAR da Ambipar Response\" \/>\n<meta property=\"og:description\" content=\"OBJETIVO: Simular situa\u00e7\u00f5es reais de condu\u00e7\u00e3o. P\u00daBLICO ALVO: Motoristas profissionais a partir da categoria D.\" \/>\n<meta property=\"og:url\" content=\"https:\/\/ambipar.com\/latam\/pt\/ambipar-response\/treinamentos\/equipamentos-simuladores\/simulador-de-direcao-ambipar\/\" \/>\n<meta property=\"og:site_name\" content=\"Ambipar. A l\u00edder em gest\u00e3o ambiental.\" \/>\n<meta property=\"article:modified_time\" content=\"2021-01-15T11:18:22+00:00\" \/>\n<meta property=\"og:image\" content=\"https:\/\/ambipar.com\/latam\/wp-content\/uploads\/2020\/10\/simulador.jpg\" \/>\n\t<meta property=\"og:image:width\" content=\"1000\" \/>\n\t<meta property=\"og:image:height\" content=\"964\" \/>\n<meta name=\"twitter:card\" content=\"summary_large_image\" \/>\n<meta name=\"twitter:label1\" content=\"Est. reading time\" \/>\n\t<meta name=\"twitter:data1\" content=\"1 minuto\" \/>\n<script type=\"application\/ld+json\" class=\"yoast-schema-graph\">{\"@context\":\"https:\/\/schema.org\",\"@graph\":[{\"@type\":\"Organization\",\"@id\":\"https:\/\/ambipar.com\/latam\/#organization\",\"name\":\"Ambipar\",\"url\":\"https:\/\/ambipar.com\/latam\/\",\"sameAs\":[],\"logo\":{\"@type\":\"ImageObject\",\"@id\":\"https:\/\/ambipar.com\/latam\/#logo\",\"inLanguage\":\"es-CL\",\"url\":\"https:\/\/ambipar.com\/latam\/wp-content\/uploads\/2020\/10\/ambipar_color.png\",\"contentUrl\":\"https:\/\/ambipar.com\/latam\/wp-content\/uploads\/2020\/10\/ambipar_color.png\",\"width\":174,\"height\":107,\"caption\":\"Ambipar\"},\"image\":{\"@id\":\"https:\/\/ambipar.com\/latam\/#logo\"}},{\"@type\":\"WebSite\",\"@id\":\"https:\/\/ambipar.com\/latam\/#website\",\"url\":\"https:\/\/ambipar.com\/latam\/\",\"name\":\"Ambipar. A l\\u00edder em gest\\u00e3o ambiental.\",\"description\":\"Pioneira em solu\\u00e7\\u00f5es ambientais, a Ambipar atua em todo o territ\\u00f3rio nacional oferecendo solu\\u00e7\\u00f5es integradas para toda a cadeia de neg\\u00f3cio.\",\"publisher\":{\"@id\":\"https:\/\/ambipar.com\/latam\/#organization\"},\"potentialAction\":[{\"@type\":\"SearchAction\",\"target\":{\"@type\":\"EntryPoint\",\"urlTemplate\":\"https:\/\/ambipar.com\/latam\/?s={search_term_string}\"},\"query-input\":\"required name=search_term_string\"}],\"inLanguage\":\"es-CL\"},{\"@type\":\"ImageObject\",\"@id\":\"https:\/\/ambipar.com\/latam\/pt\/ambipar-response\/treinamentos\/equipamentos-simuladores\/simulador-de-direcao-ambipar\/#primaryimage\",\"inLanguage\":\"es-CL\",\"url\":\"https:\/\/ambipar.com\/latam\/wp-content\/uploads\/2020\/10\/simulador.jpg\",\"contentUrl\":\"https:\/\/ambipar.com\/latam\/wp-content\/uploads\/2020\/10\/simulador.jpg\",\"width\":1000,\"height\":964,\"caption\":\"simulador\"},{\"@type\":\"WebPage\",\"@id\":\"https:\/\/ambipar.com\/latam\/pt\/ambipar-response\/treinamentos\/equipamentos-simuladores\/simulador-de-direcao-ambipar\/#webpage\",\"url\":\"https:\/\/ambipar.com\/latam\/pt\/ambipar-response\/treinamentos\/equipamentos-simuladores\/simulador-de-direcao-ambipar\/\",\"name\":\"Conhe\\u00e7a o Simulador de Dire\\u00e7\\u00e3o AMBIPAR da Ambipar Response\",\"isPartOf\":{\"@id\":\"https:\/\/ambipar.com\/latam\/#website\"},\"primaryImageOfPage\":{\"@id\":\"https:\/\/ambipar.com\/latam\/pt\/ambipar-response\/treinamentos\/equipamentos-simuladores\/simulador-de-direcao-ambipar\/#primaryimage\"},\"datePublished\":\"2020-10-30T13:49:00+00:00\",\"dateModified\":\"2021-01-15T11:18:22+00:00\",\"description\":\"OBJETIVO: Simular situa\\u00e7\\u00f5es reais de condu\\u00e7\\u00e3o. P\\u00daBLICO ALVO: Motoristas profissionais a partir da categoria D.\",\"breadcrumb\":{\"@id\":\"https:\/\/ambipar.com\/latam\/pt\/ambipar-response\/treinamentos\/equipamentos-simuladores\/simulador-de-direcao-ambipar\/#breadcrumb\"},\"inLanguage\":\"es-CL\",\"potentialAction\":[{\"@type\":\"ReadAction\",\"target\":[\"https:\/\/ambipar.com\/latam\/pt\/ambipar-response\/treinamentos\/equipamentos-simuladores\/simulador-de-direcao-ambipar\/\"]}]},{\"@type\":\"BreadcrumbList\",\"@id\":\"https:\/\/ambipar.com\/latam\/pt\/ambipar-response\/treinamentos\/equipamentos-simuladores\/simulador-de-direcao-ambipar\/#breadcrumb\",\"itemListElement\":[{\"@type\":\"ListItem\",\"position\":1,\"name\":\"Home\",\"item\":\"https:\/\/ambipar.com\/latam\/\"},{\"@type\":\"ListItem\",\"position\":2,\"name\":\"Ambipar Response\",\"item\":\"https:\/\/ambipar.com\/latam\/pt\/ambipar-response\/\"},{\"@type\":\"ListItem\",\"position\":3,\"name\":\"Treinamentos\",\"item\":\"https:\/\/ambipar.com\/latam\/pt\/ambipar-response\/treinamentos\/\"},{\"@type\":\"ListItem\",\"position\":4,\"name\":\"Equipamentos Simuladores\",\"item\":\"https:\/\/ambipar.com\/latam\/pt\/ambipar-response\/treinamentos\/equipamentos-simuladores\/\"},{\"@type\":\"ListItem\",\"position\":5,\"name\":\"Simulador de Dire\\u00e7\\u00e3o AMBIPAR\"}]}]}<\/script>\n<!-- \/ Yoast SEO plugin. -->","yoast_head_json":{"title":"Conhe\u00e7a o Simulador de Dire\u00e7\u00e3o AMBIPAR da Ambipar Response","description":"OBJETIVO: Simular situa\u00e7\u00f5es reais de condu\u00e7\u00e3o. P\u00daBLICO ALVO: Motoristas profissionais a partir da categoria D.","robots":{"index":"index","follow":"follow","max-snippet":"max-snippet:-1","max-image-preview":"max-image-preview:large","max-video-preview":"max-video-preview:-1"},"canonical":"https:\/\/ambipar.com\/latam\/pt\/ambipar-response\/treinamentos\/equipamentos-simuladores\/simulador-de-direcao-ambipar\/","og_locale":"es_ES","og_type":"article","og_title":"Conhe\u00e7a o Simulador de Dire\u00e7\u00e3o AMBIPAR da Ambipar Response","og_description":"OBJETIVO: Simular situa\u00e7\u00f5es reais de condu\u00e7\u00e3o. P\u00daBLICO ALVO: Motoristas profissionais a partir da categoria D.","og_url":"https:\/\/ambipar.com\/latam\/pt\/ambipar-response\/treinamentos\/equipamentos-simuladores\/simulador-de-direcao-ambipar\/","og_site_name":"Ambipar. A l\u00edder em gest\u00e3o ambiental.","article_modified_time":"2021-01-15T11:18:22+00:00","og_image":[{"width":1000,"height":964,"url":"https:\/\/ambipar.com\/latam\/wp-content\/uploads\/2020\/10\/simulador.jpg","type":"image\/jpeg"}],"twitter_card":"summary_large_image","twitter_misc":{"Est. reading time":"1 minuto"},"schema":{"@context":"https:\/\/schema.org","@graph":[{"@type":"Organization","@id":"https:\/\/ambipar.com\/latam\/#organization","name":"Ambipar","url":"https:\/\/ambipar.com\/latam\/","sameAs":[],"logo":{"@type":"ImageObject","@id":"https:\/\/ambipar.com\/latam\/#logo","inLanguage":"es-CL","url":"https:\/\/ambipar.com\/latam\/wp-content\/uploads\/2020\/10\/ambipar_color.png","contentUrl":"https:\/\/ambipar.com\/latam\/wp-content\/uploads\/2020\/10\/ambipar_color.png","width":174,"height":107,"caption":"Ambipar"},"image":{"@id":"https:\/\/ambipar.com\/latam\/#logo"}},{"@type":"WebSite","@id":"https:\/\/ambipar.com\/latam\/#website","url":"https:\/\/ambipar.com\/latam\/","name":"Ambipar. A l\u00edder em gest\u00e3o ambiental.","description":"Pioneira em solu\u00e7\u00f5es ambientais, a Ambipar atua em todo o territ\u00f3rio nacional oferecendo solu\u00e7\u00f5es integradas para toda a cadeia de neg\u00f3cio.","publisher":{"@id":"https:\/\/ambipar.com\/latam\/#organization"},"potentialAction":[{"@type":"SearchAction","target":{"@type":"EntryPoint","urlTemplate":"https:\/\/ambipar.com\/latam\/?s={search_term_string}"},"query-input":"required name=search_term_string"}],"inLanguage":"es-CL"},{"@type":"ImageObject","@id":"https:\/\/ambipar.com\/latam\/pt\/ambipar-response\/treinamentos\/equipamentos-simuladores\/simulador-de-direcao-ambipar\/#primaryimage","inLanguage":"es-CL","url":"https:\/\/ambipar.com\/latam\/wp-content\/uploads\/2020\/10\/simulador.jpg","contentUrl":"https:\/\/ambipar.com\/latam\/wp-content\/uploads\/2020\/10\/simulador.jpg","width":1000,"height":964,"caption":"simulador"},{"@type":"WebPage","@id":"https:\/\/ambipar.com\/latam\/pt\/ambipar-response\/treinamentos\/equipamentos-simuladores\/simulador-de-direcao-ambipar\/#webpage","url":"https:\/\/ambipar.com\/latam\/pt\/ambipar-response\/treinamentos\/equipamentos-simuladores\/simulador-de-direcao-ambipar\/","name":"Conhe\u00e7a o Simulador de Dire\u00e7\u00e3o AMBIPAR da Ambipar Response","isPartOf":{"@id":"https:\/\/ambipar.com\/latam\/#website"},"primaryImageOfPage":{"@id":"https:\/\/ambipar.com\/latam\/pt\/ambipar-response\/treinamentos\/equipamentos-simuladores\/simulador-de-direcao-ambipar\/#primaryimage"},"datePublished":"2020-10-30T13:49:00+00:00","dateModified":"2021-01-15T11:18:22+00:00","description":"OBJETIVO: Simular situa\u00e7\u00f5es reais de condu\u00e7\u00e3o. P\u00daBLICO ALVO: Motoristas profissionais a partir da categoria D.","breadcrumb":{"@id":"https:\/\/ambipar.com\/latam\/pt\/ambipar-response\/treinamentos\/equipamentos-simuladores\/simulador-de-direcao-ambipar\/#breadcrumb"},"inLanguage":"es-CL","potentialAction":[{"@type":"ReadAction","target":["https:\/\/ambipar.com\/latam\/pt\/ambipar-response\/treinamentos\/equipamentos-simuladores\/simulador-de-direcao-ambipar\/"]}]},{"@type":"BreadcrumbList","@id":"https:\/\/ambipar.com\/latam\/pt\/ambipar-response\/treinamentos\/equipamentos-simuladores\/simulador-de-direcao-ambipar\/#breadcrumb","itemListElement":[{"@type":"ListItem","position":1,"name":"Home","item":"https:\/\/ambipar.com\/latam\/"},{"@type":"ListItem","position":2,"name":"Ambipar Response","item":"https:\/\/ambipar.com\/latam\/pt\/ambipar-response\/"},{"@type":"ListItem","position":3,"name":"Treinamentos","item":"https:\/\/ambipar.com\/latam\/pt\/ambipar-response\/treinamentos\/"},{"@type":"ListItem","position":4,"name":"Equipamentos Simuladores","item":"https:\/\/ambipar.com\/latam\/pt\/ambipar-response\/treinamentos\/equipamentos-simuladores\/"},{"@type":"ListItem","position":5,"name":"Simulador de Dire\u00e7\u00e3o AMBIPAR"}]}]}},"_links":{"self":[{"href":"https:\/\/ambipar.com\/latam\/wp-json\/wp\/v2\/pages\/977"}],"collection":[{"href":"https:\/\/ambipar.com\/latam\/wp-json\/wp\/v2\/pages"}],"about":[{"href":"https:\/\/ambipar.com\/latam\/wp-json\/wp\/v2\/types\/page"}],"author":[{"embeddable":true,"href":"https:\/\/ambipar.com\/latam\/wp-json\/wp\/v2\/users\/2"}],"replies":[{"embeddable":true,"href":"https:\/\/ambipar.com\/latam\/wp-json\/wp\/v2\/comments?post=977"}],"version-history":[{"count":7,"href":"https:\/\/ambipar.com\/latam\/wp-json\/wp\/v2\/pages\/977\/revisions"}],"predecessor-version":[{"id":3220,"href":"https:\/\/ambipar.com\/latam\/wp-json\/wp\/v2\/pages\/977\/revisions\/3220"}],"up":[{"embeddable":true,"href":"https:\/\/ambipar.com\/latam\/wp-json\/wp\/v2\/pages\/959"}],"wp:featuredmedia":[{"embeddable":true,"href":"https:\/\/ambipar.com\/latam\/wp-json\/wp\/v2\/media\/960"}],"wp:attachment":[{"href":"https:\/\/ambipar.com\/latam\/wp-json\/wp\/v2\/media?parent=977"}],"curies":[{"name":"wp","href":"https:\/\/api.w.org\/{rel}","templated":true}]}}